{"id":8857,"date":"2023-10-17T08:11:42","date_gmt":"2023-10-17T06:11:42","guid":{"rendered":"https:\/\/www.beewhisper.com\/medya\/"},"modified":"2025-11-11T15:05:07","modified_gmt":"2025-11-11T13:05:07","slug":"medya","status":"publish","type":"page","link":"https:\/\/www.beewhisper.com\/tr\/medya\/","title":{"rendered":"Medya"},"content":{"rendered":"<p>[et_pb_section fb_built=&#8221;1&#8243; _builder_version=&#8221;4.27.2&#8243; _module_preset=&#8221;default&#8221; background_enable_color=&#8221;off&#8221; use_background_color_gradient=&#8221;off&#8221; background_enable_image=&#8221;off&#8221; global_colors_info=&#8221;{}&#8221;][et_pb_row _builder_version=&#8221;4.22.2&#8243; _module_preset=&#8221;default&#8221; global_colors_info=&#8221;{}&#8221;][et_pb_column type=&#8221;4_4&#8243; _builder_version=&#8221;4.22.2&#8243; _module_preset=&#8221;default&#8221; global_colors_info=&#8221;{}&#8221;][et_pb_gallery gallery_ids=&#8221;5972,5973,5974,5975,5976,5977,5978,5979,5980,5981,5982,5983,5984,5985,5986,5987,5988,5989,5990,5991,5992,5993,5994,5995,5996,5998,5999,6000,6001,6002,6003,6004,6005,6006&#8243; posts_number=&#8221;8&#8243; _builder_version=&#8221;4.23.1&#8243; _module_preset=&#8221;default&#8221; title_text_color=&#8221;#000000&#8243; title_font_size=&#8221;2px&#8221; title_font_tablet=&#8221;&#8221; title_font_phone=&#8221;&#8221; title_font_last_edited=&#8221;on|desktop&#8221; global_colors_info=&#8221;{}&#8221;][\/et_pb_gallery][\/et_pb_column][\/et_pb_row][et_pb_row _builder_version=&#8221;4.27.0&#8243; _module_preset=&#8221;default&#8221; global_colors_info=&#8221;{}&#8221;][et_pb_column type=&#8221;4_4&#8243; _builder_version=&#8221;4.27.0&#8243; _module_preset=&#8221;default&#8221; global_colors_info=&#8221;{}&#8221;][et_pb_text _builder_version=&#8221;4.27.0&#8243; _module_preset=&#8221;default&#8221; global_colors_info=&#8221;{}&#8221;]<\/p>\n<h3>Kutudan \u00e7\u0131karma cihaz\u0131 beeWhisper.<\/h3>\n<p>[\/et_pb_text][\/et_pb_column][\/et_pb_row][et_pb_row column_structure=&#8221;1_3,1_3,1_3&#8243; _builder_version=&#8221;4.22.2&#8243; _module_preset=&#8221;default&#8221; global_colors_info=&#8221;{}&#8221;][et_pb_column type=&#8221;1_3&#8243; _builder_version=&#8221;4.22.2&#8243; _module_preset=&#8221;default&#8221; global_colors_info=&#8221;{}&#8221;][et_pb_video src=&#8221;https:\/\/www.beewhisper.com\/wp-content\/uploads\/2023\/10\/beeWhisper-6.0-Unboxing.mp4&#8243; image_src=&#8221;https:\/\/www.beewhisper.com\/wp-content\/uploads\/2023\/10\/beeWhisper-6.0-Unboxing.mp4-\u200e-Photos.jpg&#8221; _builder_version=&#8221;4.22.2&#8243; _module_preset=&#8221;default&#8221; global_colors_info=&#8221;{}&#8221;][\/et_pb_video][\/et_pb_column][et_pb_column type=&#8221;1_3&#8243; _builder_version=&#8221;4.22.2&#8243; _module_preset=&#8221;default&#8221; global_colors_info=&#8221;{}&#8221;][\/et_pb_column][et_pb_column type=&#8221;1_3&#8243; _builder_version=&#8221;4.22.2&#8243; _module_preset=&#8221;default&#8221; global_colors_info=&#8221;{}&#8221;][\/et_pb_column][\/et_pb_row][et_pb_row _builder_version=&#8221;4.27.0&#8243; _module_preset=&#8221;default&#8221; global_colors_info=&#8221;{}&#8221;][et_pb_column type=&#8221;4_4&#8243; _builder_version=&#8221;4.27.0&#8243; _module_preset=&#8221;default&#8221; global_colors_info=&#8221;{}&#8221;][et_pb_text _builder_version=&#8221;4.27.3&#8243; _module_preset=&#8221;default&#8221; hover_enabled=&#8221;0&#8243; global_colors_info=&#8221;{}&#8221; sticky_enabled=&#8221;0&#8243;]<\/p>\n<h3>D\u00fcnyan\u0131n d\u00f6rt bir yan\u0131ndan ar\u0131c\u0131lar\u0131n yenilik\u00e7i ar\u0131 zehri toplama cihaz\u0131 beeWhisper&#8217;\u0131 kullanarak sergiledikleri b\u00fcy\u00fcleyici video koleksiyonunu ke\u015ffedin.<\/h3>\n<p>[\/et_pb_text][\/et_pb_column][\/et_pb_row][et_pb_row column_structure=&#8221;1_3,1_3,1_3&#8243; _builder_version=&#8221;4.22.2&#8243; _module_preset=&#8221;default&#8221; global_colors_info=&#8221;{}&#8221;][et_pb_column type=&#8221;1_3&#8243; _builder_version=&#8221;4.22.2&#8243; _module_preset=&#8221;default&#8221; global_colors_info=&#8221;{}&#8221;][et_pb_video src=&#8221;https:\/\/www.beewhisper.com\/wp-content\/uploads\/2023\/10\/Caja-extractora-de-veneno-de-abeja-parte-2.mp4&#8243; image_src=&#8221;https:\/\/www.beewhisper.com\/wp-content\/uploads\/2023\/10\/Caja-extractora-de-veneno-de-abeja-parte-2.mp4-\u200e-Photos.jpg&#8221; _builder_version=&#8221;4.27.3&#8243; _module_preset=&#8221;default&#8221; global_colors_info=&#8221;{}&#8221;][\/et_pb_video][\/et_pb_column][et_pb_column type=&#8221;1_3&#8243; _builder_version=&#8221;4.22.2&#8243; _module_preset=&#8221;default&#8221; global_colors_info=&#8221;{}&#8221;][et_pb_video src=&#8221;https:\/\/www.beewhisper.com\/wp-content\/uploads\/2023\/10\/How-to-collect-Bee-Venom-with-BeeWhisper-5-collctor-www.beewhisper.com-.mp4&#8243; image_src=&#8221;https:\/\/www.beewhisper.com\/wp-content\/uploads\/2023\/10\/How-to-collect-Bee-Venom-with-BeeWhisper-5-.jpg&#8221; _builder_version=&#8221;4.22.2&#8243; _module_preset=&#8221;default&#8221; global_colors_info=&#8221;{}&#8221;][\/et_pb_video][\/et_pb_column][et_pb_column type=&#8221;1_3&#8243; _builder_version=&#8221;4.22.2&#8243; _module_preset=&#8221;default&#8221; global_colors_info=&#8221;{}&#8221;][et_pb_video src=&#8221;https:\/\/www.beewhisper.com\/wp-content\/uploads\/2023\/10\/Bee-Venom-Collector-BeeWhisper-5-www.beewhisper.com-in-New-Zealand.mp4&#8243; image_src=&#8221;https:\/\/www.beewhisper.com\/wp-content\/uploads\/2023\/10\/ee-Venom-Collector-BeeWhisper-5-in-New-Zealand.mp4-\u200e.jpg&#8221; _builder_version=&#8221;4.22.2&#8243; _module_preset=&#8221;default&#8221; global_colors_info=&#8221;{}&#8221;][\/et_pb_video][\/et_pb_column][\/et_pb_row][et_pb_row column_structure=&#8221;1_3,1_3,1_3&#8243; _builder_version=&#8221;4.22.2&#8243; _module_preset=&#8221;default&#8221; global_colors_info=&#8221;{}&#8221;][et_pb_column type=&#8221;1_3&#8243; _builder_version=&#8221;4.22.2&#8243; _module_preset=&#8221;default&#8221; global_colors_info=&#8221;{}&#8221;][et_pb_video src=&#8221;https:\/\/www.beewhisper.com\/wp-content\/uploads\/2023\/10\/Bee-Venom-Collector-BeeWhisper-in-Georgia.mp4&#8243; image_src=&#8221;https:\/\/www.beewhisper.com\/wp-content\/uploads\/2023\/10\/Bee-Venom-Collector-BeeWhisper-in-Georgia.mp4-\u200e-Photos.jpg&#8221; _builder_version=&#8221;4.22.2&#8243; _module_preset=&#8221;default&#8221; global_colors_info=&#8221;{}&#8221;][\/et_pb_video][\/et_pb_column][et_pb_column type=&#8221;1_3&#8243; _builder_version=&#8221;4.22.2&#8243; _module_preset=&#8221;default&#8221; global_colors_info=&#8221;{}&#8221;][et_pb_video src=&#8221;https:\/\/www.beewhisper.com\/wp-content\/uploads\/2023\/10\/Bee-Venom-Collector-BeeWhisper-in-Georgia-1.mp4&#8243; image_src=&#8221;https:\/\/www.beewhisper.com\/wp-content\/uploads\/2023\/10\/Bee-Venom-Collector-BeeWhisper-in-Georgia.mp4-\u200e-Photos-1.jpg&#8221; _builder_version=&#8221;4.22.2&#8243; _module_preset=&#8221;default&#8221; global_colors_info=&#8221;{}&#8221;][\/et_pb_video][\/et_pb_column][et_pb_column type=&#8221;1_3&#8243; _builder_version=&#8221;4.22.2&#8243; _module_preset=&#8221;default&#8221; global_colors_info=&#8221;{}&#8221;][et_pb_video src=&#8221;https:\/\/www.beewhisper.com\/wp-content\/uploads\/2023\/10\/How-to-collect-bee-venom-in-Hawai-with-BeeWhisper-collector-www.beewhisper.com-.mp4&#8243; image_src=&#8221;https:\/\/www.beewhisper.com\/wp-content\/uploads\/2023\/10\/How-to-collect-bee-venom-in-Hawai.jpg&#8221; _builder_version=&#8221;4.22.2&#8243; _module_preset=&#8221;default&#8221; global_colors_info=&#8221;{}&#8221;][\/et_pb_video][\/et_pb_column][\/et_pb_row][et_pb_row column_structure=&#8221;1_3,1_3,1_3&#8243; _builder_version=&#8221;4.22.2&#8243; _module_preset=&#8221;default&#8221; global_colors_info=&#8221;{}&#8221;][et_pb_column type=&#8221;1_3&#8243; _builder_version=&#8221;4.22.2&#8243; _module_preset=&#8221;default&#8221; global_colors_info=&#8221;{}&#8221;][et_pb_video src=&#8221;https:\/\/www.beewhisper.com\/wp-content\/uploads\/2023\/10\/How-to-collect-bee-venom-with-BeeWhisper-collector.mp4&#8243; image_src=&#8221;https:\/\/www.beewhisper.com\/wp-content\/uploads\/2023\/10\/How-to-collect-bee-venom-with-BeeWhisper-collector.mp4-\u200e-Photos.jpg&#8221; _builder_version=&#8221;4.22.2&#8243; _module_preset=&#8221;default&#8221; global_colors_info=&#8221;{}&#8221;][\/et_pb_video][\/et_pb_column][et_pb_column type=&#8221;1_3&#8243; _builder_version=&#8221;4.22.2&#8243; _module_preset=&#8221;default&#8221; global_colors_info=&#8221;{}&#8221;][et_pb_video src=&#8221;https:\/\/www.beewhisper.com\/wp-content\/uploads\/2023\/10\/Tutorials-for-collecting-bee-venom-with-BeeWhisper-collector-www.beewhisper.com-.mp4&#8243; image_src=&#8221;https:\/\/www.beewhisper.com\/wp-content\/uploads\/2023\/10\/Tutorials-for-collecting-bee-venom-with-BeeWhisper-.co_.jpg&#8221; _builder_version=&#8221;4.22.2&#8243; _module_preset=&#8221;default&#8221; global_colors_info=&#8221;{}&#8221;][\/et_pb_video][\/et_pb_column][et_pb_column type=&#8221;1_3&#8243; _builder_version=&#8221;4.22.2&#8243; _module_preset=&#8221;default&#8221; global_colors_info=&#8221;{}&#8221;][et_pb_video src=&#8221;https:\/\/www.beewhisper.com\/wp-content\/uploads\/2023\/10\/Tutorial-for-collecting-bee-venom-for-45min-www.Beewhisper.com_.mp4&#8243; image_src=&#8221;https:\/\/www.beewhisper.com\/wp-content\/uploads\/2023\/10\/Tutorial-for-collecting-bee-venom-for-45min-Photos.jpg&#8221; _builder_version=&#8221;4.22.2&#8243; _module_preset=&#8221;default&#8221; global_colors_info=&#8221;{}&#8221;][\/et_pb_video][\/et_pb_column][\/et_pb_row][\/et_pb_section]<\/p>\n","protected":false},"excerpt":{"rendered":"<p>Kutudan \u00e7\u0131karma cihaz\u0131 beeWhisper.D\u00fcnyan\u0131n d\u00f6rt bir yan\u0131ndan ar\u0131c\u0131lar\u0131n yenilik\u00e7i ar\u0131 zehri toplama cihaz\u0131 beeWhisper&#8217;\u0131 kullanarak sergiledikleri b\u00fcy\u00fcleyici video koleksiyonunu ke\u015ffedin.<\/p>\n","protected":false},"author":1,"featured_media":0,"parent":0,"menu_order":0,"comment_status":"closed","ping_status":"closed","template":"","meta":{"_et_pb_use_builder":"on","_et_pb_old_content":"","_et_gb_content_width":"","footnotes":""},"class_list":["post-8857","page","type-page","status-publish","hentry"],"aioseo_notices":[],"_links":{"self":[{"href":"https:\/\/www.beewhisper.com\/tr\/wp-json\/wp\/v2\/pages\/8857","targetHints":{"allow":["GET"]}}],"collection":[{"href":"https:\/\/www.beewhisper.com\/tr\/wp-json\/wp\/v2\/pages"}],"about":[{"href":"https:\/\/www.beewhisper.com\/tr\/wp-json\/wp\/v2\/types\/page"}],"author":[{"embeddable":true,"href":"https:\/\/www.beewhisper.com\/tr\/wp-json\/wp\/v2\/users\/1"}],"replies":[{"embeddable":true,"href":"https:\/\/www.beewhisper.com\/tr\/wp-json\/wp\/v2\/comments?post=8857"}],"version-history":[{"count":1,"href":"https:\/\/www.beewhisper.com\/tr\/wp-json\/wp\/v2\/pages\/8857\/revisions"}],"predecessor-version":[{"id":8863,"href":"https:\/\/www.beewhisper.com\/tr\/wp-json\/wp\/v2\/pages\/8857\/revisions\/8863"}],"wp:attachment":[{"href":"https:\/\/www.beewhisper.com\/tr\/wp-json\/wp\/v2\/media?parent=8857"}],"curies":[{"name":"wp","href":"https:\/\/api.w.org\/{rel}","templated":true}]}}