{"id":7455,"date":"2023-09-20T13:23:00","date_gmt":"2023-09-20T11:23:00","guid":{"rendered":"https:\/\/www.beewhisper.com\/intrebari-frecvente\/"},"modified":"2025-02-20T11:57:18","modified_gmt":"2025-02-20T09:57:18","slug":"intrebari-frecvente","status":"publish","type":"page","link":"https:\/\/www.beewhisper.com\/ro\/intrebari-frecvente\/","title":{"rendered":"\u00ceNTREB\u0102RI FRECVENTE"},"content":{"rendered":"<p>[et_pb_section fb_built=&#8221;1&#8243; prev_background_color=&#8221;#ffffff&#8221; _builder_version=&#8221;4.27.2&#8243; _module_preset=&#8221;default&#8221; background_image=&#8221;https:\/\/www.beewhisper.com\/wp-content\/uploads\/2023\/08\/Untitled-14.jpg&#8221; background_size=&#8221;contain&#8221; width=&#8221;100%&#8221; max_width=&#8221;100%&#8221; min_height=&#8221;368px&#8221; custom_margin=&#8221;||3px|||&#8221; custom_padding=&#8221;0px||0px|||&#8221; top_divider_style=&#8221;none&#8221; hover_enabled=&#8221;0&#8243; background_last_edited=&#8221;on|desktop&#8221; parallax_tablet=&#8221;off&#8221; parallax_phone=&#8221;off&#8221; background_size_tablet=&#8221;contain&#8221; background_size_phone=&#8221;contain&#8221; background_image_width_phone=&#8221;0%&#8221; global_colors_info=&#8221;{}&#8221; background_enable_color=&#8221;off&#8221; use_background_color_gradient=&#8221;off&#8221; sticky_enabled=&#8221;0&#8243;][\/et_pb_section][et_pb_section fb_built=&#8221;1&#8243; _builder_version=&#8221;4.27.2&#8243; _module_preset=&#8221;default&#8221; background_enable_image=&#8221;off&#8221; min_height=&#8221;431.1px&#8221; custom_margin=&#8221;1px|||||&#8221; custom_padding=&#8221;8px|||||&#8221; hover_enabled=&#8221;0&#8243; global_colors_info=&#8221;{}&#8221; background_enable_color=&#8221;off&#8221; use_background_color_gradient=&#8221;off&#8221; sticky_enabled=&#8221;0&#8243;][et_pb_row _builder_version=&#8221;4.22.1&#8243; _module_preset=&#8221;default&#8221; custom_margin=&#8221;-3px|auto||auto||&#8221; custom_padding=&#8221;0px||12px|||&#8221; global_colors_info=&#8221;{}&#8221;][et_pb_column type=&#8221;4_4&#8243; _builder_version=&#8221;4.22.1&#8243; _module_preset=&#8221;default&#8221; global_colors_info=&#8221;{}&#8221;][et_pb_heading title=&#8221;\u00centreb\u0103ri frecvente&#8221; _builder_version=&#8221;4.22.1&#8243; _module_preset=&#8221;default&#8221; title_font=&#8221;Verdana||||||||&#8221; title_text_align=&#8221;center&#8221; title_text_color=&#8221;#000000&#8243; title_font_size=&#8221;53px&#8221; title_font_size_tablet=&#8221;53px&#8221; title_font_size_phone=&#8221;35px&#8221; title_font_size_last_edited=&#8221;on|phone&#8221; title_text_shadow_style=&#8221;preset1&#8243; global_colors_info=&#8221;{}&#8221;][\/et_pb_heading][\/et_pb_column][\/et_pb_row][et_pb_row column_structure=&#8221;1_2,1_2&#8243; _builder_version=&#8221;4.22.1&#8243; _module_preset=&#8221;default&#8221; min_height=&#8221;297px&#8221; custom_margin=&#8221;0px|auto||auto||&#8221; global_colors_info=&#8221;{}&#8221;][et_pb_column type=&#8221;1_2&#8243; _builder_version=&#8221;4.22.1&#8243; _module_preset=&#8221;default&#8221; global_colors_info=&#8221;{}&#8221;][et_pb_toggle title=&#8221;Care sunt op\u021biunile de plat\u0103?&#8221; icon_color=&#8221;#000000&#8243; _builder_version=&#8221;4.23.1&#8243; _module_preset=&#8221;default&#8221; background_color=&#8221;#efefef&#8221; width=&#8221;100%&#8221; border_width_all=&#8221;0px&#8221; box_shadow_style=&#8221;preset1&#8243; global_colors_info=&#8221;{}&#8221;]<\/p>\n<p>\u25cb Utiliz\u0103m PayPal sau un transfer bancar sau direct prin card de credit\/debit.<br \/>\u25cb Dac\u0103 nu ave\u021bi un cont PayPal, ar trebui s\u0103 pute\u021bi finaliza plata f\u0103c\u00e2nd clic pe Plat\u0103 cu card de debit sau de credit ca PayPal Guest Checkout (pentru unele \u021b\u0103ri).<\/p>\n<p>[\/et_pb_toggle][et_pb_toggle title=&#8221;C\u00e2t venin de albine este produs cu 1 colector de venin de albine \u00een 45 de minute?&#8221; icon_color=&#8221;#000000&#8243; _builder_version=&#8221;4.23.1&#8243; _module_preset=&#8221;default&#8221; background_color=&#8221;#efefef&#8221; width=&#8221;100%&#8221; border_width_all=&#8221;0px&#8221; box_shadow_style=&#8221;preset1&#8243; global_colors_info=&#8221;{}&#8221;]<\/p>\n<p>Nu putem oferi o garan\u021bie din cauza faptului c\u0103 to\u021bi stupii sunt diferi\u021bi. Testele noastre multianuale arat\u0103 urm\u0103toarele:<br \/>\u25cb 0,03 grame p\u00e2n\u0103 la 0,09 grame.<br \/>\u25cb Cantitatea de venin de albine depinde de s\u0103n\u0103tatea \u0219i puterea stupului. Depinde de temperatura exterioar\u0103 \u0219i de anotimp. uneori, de\u0219i rar, trebuie s\u0103 bate\u021bi \u00een stup pentru a scoate mai multe albine.  <\/p>\n<p>[\/et_pb_toggle][et_pb_toggle title=&#8221;Pot, doar o dat\u0103 pe zi, s\u0103 \u0219terg veninul de albine de pe sticl\u0103?&#8221; icon_color=&#8221;#000000&#8243; _builder_version=&#8221;4.22.2&#8243; _module_preset=&#8221;default&#8221; background_color=&#8221;#efefef&#8221; width=&#8221;100%&#8221; border_width_all=&#8221;0px&#8221; box_shadow_style=&#8221;preset1&#8243; global_colors_info=&#8221;{}&#8221;]<\/p>\n<p>\u25cb Nu. Veninul de albine nu ar trebui s\u0103 fie mai mult dec\u00e2t este necesar \u00een lumina soarelui. Cu c\u00e2t mai scurt, cu at\u00e2t mai bine.  <\/p>\n<p>[\/et_pb_toggle][et_pb_toggle title=&#8221;C\u00e2nd se ob\u021bine cel mai bun rezultat?&#8221; icon_color=&#8221;#000000&#8243; _builder_version=&#8221;4.22.2&#8243; _module_preset=&#8221;default&#8221; background_color=&#8221;#efefef&#8221; width=&#8221;100%&#8221; border_width_all=&#8221;0px&#8221; box_shadow_style=&#8221;preset1&#8243; global_colors_info=&#8221;{}&#8221;]<\/p>\n<p>\u25cb Cele mai bune rezultate se ob\u021bin atunci c\u00e2nd se utilizeaz\u0103 un colector pentru un stup timp de aproximativ 45 de minute, dup\u0103 care stupul se odihne\u0219te aproximativ 1-2 ore. \u00cen acest timp pute\u021bi folosi colectorul la un alt stup. <\/p>\n<p>[\/et_pb_toggle][et_pb_toggle title=&#8221;Cum se \u00eentind firele pe colectorul de venin de albine?&#8221; icon_color=&#8221;#000000&#8243; _builder_version=&#8221;4.22.2&#8243; _module_preset=&#8221;default&#8221; background_color=&#8221;#efefef&#8221; width=&#8221;100%&#8221; border_width_all=&#8221;0px&#8221; box_shadow_style=&#8221;preset1&#8243; global_colors_info=&#8221;{}&#8221;]<\/p>\n<p>\u25cb Cu un cle\u0219te cu v\u00e2rf ascu\u021bit, prinde\u021bi firul de lucru la cap\u0103t. Cle\u0219tii trebuie s\u0103 fie prin\u0219i la 4-8 mm de fir. Se vede pe aparat c\u00e2te \u0219i cum sunt r\u0103sucite ini\u021bial firele. R\u0103suci\u021bi s\u00e2rma foarte atent pe m\u0103sur\u0103 ce se \u00eentinde. Ave\u021bi grij\u0103 s\u0103 nu rupe\u021bi firul. Ruperea firului, care are o grosime de 0,7 mm, nu este acoperit\u0103 de garan\u021bie.     <\/p>\n<p>[\/et_pb_toggle][et_pb_toggle title=&#8221;C\u00e2nd trebuie schimbat\u0103 bateria la Bee Venom Collector BeeWhisper?&#8221; icon_color=&#8221;#000000&#8243; _builder_version=&#8221;4.22.2&#8243; _module_preset=&#8221;default&#8221; background_color=&#8221;#efefef&#8221; width=&#8221;100%&#8221; border_width_all=&#8221;0px&#8221; box_shadow_style=&#8221;preset1&#8243; global_colors_info=&#8221;{}&#8221;]<\/p>\n<p>C\u00e2nd trebuie schimbat\u0103 bateria la Bee Venom Collector BeeWhisper?<\/p>\n<p>[\/et_pb_toggle][et_pb_toggle title=&#8221;Ce baterii folosesc?&#8221; icon_color=&#8221;#000000&#8243; _builder_version=&#8221;4.22.2&#8243; _module_preset=&#8221;default&#8221; background_color=&#8221;#efefef&#8221; width=&#8221;100%&#8221; border_width_all=&#8221;0px&#8221; box_shadow_style=&#8221;preset1&#8243; global_colors_info=&#8221;{}&#8221;]<\/p>\n<p>\u25cb Utiliza\u021bi 2 de tip AA (R06, R6).<br \/>\u25cb Utiliza\u021bi baterii alcaline.<br \/>\u25cb Utiliza\u021bi numai baterii de cea mai bun\u0103 calitate. Dac\u0103 utiliza\u021bi baterii de calitate inferioar\u0103, acestea se pot scurge \u0219i pot deteriora colectorul. <\/p>\n<p>[\/et_pb_toggle][et_pb_toggle title=&#8221;Cum depozitez dispozitivul dup\u0103 \u00eencheierea sezonului?&#8221; icon_color=&#8221;#000000&#8243; _builder_version=&#8221;4.22.2&#8243; _module_preset=&#8221;default&#8221; background_color=&#8221;#efefef&#8221; width=&#8221;100%&#8221; border_width_all=&#8221;0px&#8221; box_shadow_style=&#8221;preset1&#8243; global_colors_info=&#8221;{}&#8221;]<\/p>\n<p>\u25cb Opri\u021bi colectorul de la cheie.<br \/>\u25cb Scoate\u021bi bateriile.<br \/>\u25cb Cur\u0103\u021ba\u021bi suprafa\u021ba de lucru a unit\u0103\u021bii.<br \/>\u25cb P\u0103stra\u021bi unitatea \u00eentr-un loc uscat, la o temperatur\u0103 cuprins\u0103 \u00eentre -15 \u0219i +45 grade<\/p>\n<p>[\/et_pb_toggle][et_pb_toggle title=&#8221;Ce trebuie s\u0103 face\u021bi dac\u0103 LED-ul ro\u0219u clipe\u0219te de 6 ori &#8211; pauz\u0103 &#8211; de 6 ori?&#8221; icon_color=&#8221;#000000&#8243; _builder_version=&#8221;4.22.2&#8243; _module_preset=&#8221;default&#8221; background_color=&#8221;#efefef&#8221; width=&#8221;100%&#8221; border_width_all=&#8221;0px&#8221; box_shadow_style=&#8221;preset1&#8243; global_colors_info=&#8221;{}&#8221;]<\/p>\n<p>\u25cb Impulsurile de lucru sunt \u00een afara intervalului.<br \/>\u25cb Contacta\u021bi-ne<\/p>\n<p>[\/et_pb_toggle][et_pb_toggle title=&#8221;Ce trebuie s\u0103 face\u021bi dac\u0103 LED-ul verde clipe\u0219te foarte repede \u0219i nu \u00eenceteaz\u0103 s\u0103 clipeasc\u0103 rapid \u00een c\u00e2teva minute?&#8221; icon_color=&#8221;#000000&#8243; _builder_version=&#8221;4.22.2&#8243; _module_preset=&#8221;default&#8221; background_color=&#8221;#efefef&#8221; width=&#8221;100%&#8221; border_width_all=&#8221;0px&#8221; box_shadow_style=&#8221;preset1&#8243; global_colors_info=&#8221;{}&#8221;]<\/p>\n<p>\u25cb Aceasta \u00eenseamn\u0103 c\u0103 exist\u0103 mult\u0103 umiditate pe aparat. Sau la capetele conductorilor, unde sunt lipite pe partea inferioar\u0103, la marginea sticlei, exist\u0103 gunoi.<br \/>Usca\u021bi aparatul<br \/>Cur\u0103\u021ba\u021bi gunoiul acolo unde sunt capetele sticlei. Pute\u021bi folosi o perie sau un aspirator.<br \/>\u00cenlocui\u021bi bateriile (dac\u0103 cealalt\u0103 nu ajut\u0103).  <\/p>\n<p>[\/et_pb_toggle][et_pb_toggle title=&#8221;Cum montez suportul ata\u0219at la set? ( numai beeWhisper 5.0 \u0219i beeWhisper 5.5 )   &#8221; icon_color=&#8221;#000000&#8243; _builder_version=&#8221;4.22.2&#8243; _module_preset=&#8221;default&#8221; background_color=&#8221;#efefef&#8221; width=&#8221;100%&#8221; border_width_all=&#8221;0px&#8221; box_shadow_style=&#8221;preset1&#8243; global_colors_info=&#8221;{}&#8221;]<\/p>\n<p>\u25cb \u00cen carcasa de lemn, din fa\u021b\u0103, exist\u0103 2 g\u0103uri \u00een care se introduce suportul. Acestea sunt g\u0103urite \u00een pant\u0103, astfel \u00eenc\u00e2t suportul, odat\u0103 introdus \u00een aceste g\u0103uri, s\u0103 nu ias\u0103 u\u0219or singur. Introduce\u021bi mai \u00eent\u00e2i un cap\u0103t al clemei, cu o u\u0219oar\u0103 r\u0103sucire, \u0219i apoi introduce\u021bi cel\u0103lalt cap\u0103t.  <\/p>\n<p>[\/et_pb_toggle][et_pb_toggle title=&#8221;Ar trebui s\u0103 deconectez colectorul de venin de albine, atunci c\u00e2nd acesta se deconecteaz\u0103 automat?&#8221; icon_color=&#8221;#000000&#8243; _builder_version=&#8221;4.22.2&#8243; _module_preset=&#8221;default&#8221; background_color=&#8221;#efefef&#8221; width=&#8221;100%&#8221; border_width_all=&#8221;0px&#8221; box_shadow_style=&#8221;preset1&#8243; global_colors_info=&#8221;{}&#8221;]<\/p>\n<p>\u25cb Pentru a-l porni din nou, mai \u00eent\u00e2i opri\u021bi-l.<br \/>\u25cb \u00cenchide\u021bi cheia la sf\u00e2r\u0219itul zilei.<br \/>\u25cb C\u00e2nd \u00eel depozita\u021bi pentru o perioad\u0103 lung\u0103 de timp, opri\u021bi \u00eentotdeauna \u00eentrerup\u0103torul.<\/p>\n<p>[\/et_pb_toggle][\/et_pb_column][et_pb_column type=&#8221;1_2&#8243; _builder_version=&#8221;4.22.1&#8243; _module_preset=&#8221;default&#8221; global_colors_info=&#8221;{}&#8221;][et_pb_toggle title=&#8221;Colectorul de venin de albine BeeWhisper, exist\u0103 o surs\u0103 de alimentare extern\u0103 \u0219i cabluri suplimentare ?&#8221; icon_color=&#8221;#000000&#8243; _builder_version=&#8221;4.22.2&#8243; _module_preset=&#8221;default&#8221; background_color=&#8221;#efefef&#8221; width=&#8221;100%&#8221; border_width_all=&#8221;0px&#8221; box_shadow_style=&#8221;preset1&#8243; global_colors_info=&#8221;{}&#8221;]<\/p>\n<p>\u25cb Nu.<br \/>\u25cb Totul este \u00een colectorul \u00eensu\u0219i.<\/p>\n<p>[\/et_pb_toggle][et_pb_toggle title=&#8221;C\u00e2nd este r\u0103zuit veninul de albine de pe sticl\u0103?&#8221; icon_color=&#8221;#000000&#8243; _builder_version=&#8221;4.22.2&#8243; _module_preset=&#8221;default&#8221; background_color=&#8221;#efefef&#8221; width=&#8221;100%&#8221; border_width_all=&#8221;0px&#8221; box_shadow_style=&#8221;preset1&#8243; global_colors_info=&#8221;{}&#8221;]<\/p>\n<p>\u25cb Dup\u0103 ce a\u021bi luat colectorul de venin de albine din stup, scoate\u021bi sticla \u0219i r\u0103zui\u021bi imediat veninul de albine<\/p>\n<p>[\/et_pb_toggle][et_pb_toggle title=&#8221;C\u00e2\u021bi stupi de albine pot deservi cu un singur aparat?&#8221; icon_color=&#8221;#000000&#8243; _builder_version=&#8221;4.22.2&#8243; _module_preset=&#8221;default&#8221; background_color=&#8221;#efefef&#8221; width=&#8221;100%&#8221; border_width_all=&#8221;0px&#8221; box_shadow_style=&#8221;preset1&#8243; global_colors_info=&#8221;{}&#8221;]<\/p>\n<p>\u25cb Unul p\u00e2n\u0103 la trei stupi \u00een succesiune.<\/p>\n<p>[\/et_pb_toggle][et_pb_toggle title=&#8221;Este d\u0103un\u0103toare pentru s\u0103n\u0103tatea albinelor recoltarea veninului de albine?&#8221; icon_color=&#8221;#000000&#8243; _builder_version=&#8221;4.22.2&#8243; _module_preset=&#8221;default&#8221; background_color=&#8221;#efefef&#8221; width=&#8221;100%&#8221; border_width_all=&#8221;0px&#8221; box_shadow_style=&#8221;preset1&#8243; global_colors_info=&#8221;{}&#8221;]<\/p>\n<p>\u25cb Nu exist\u0103 date \u0219i observa\u021bii cu privire la deteriorarea s\u0103n\u0103t\u0103\u021bii \u0219i a for\u021bei familiei de albine.  <br \/>Impulsurile care irit\u0103 albinele sunt extrem de slabe, dar suficiente pentru ca albinele s\u0103 \u00eenceap\u0103 s\u0103 bat\u0103. Pute\u021bi judeca pentru siguran\u021ba acestui lucru: c\u0103 colectorul nostru func\u021bioneaz\u0103 doar cu 2 baterii de tip AA, de 1,5 vol\u021bi. \u0218i cu aceste baterii, dispozitivul poate func\u021biona p\u00e2n\u0103 la 5 luni \u00een fiecare zi de lucru. Pute\u021bi judeca c\u00e2t de pu\u021bin curent \u0219i energie intr\u0103 \u00een albine. Spre deosebire de dispozitivele ter\u021b\u0103 parte care func\u021bioneaz\u0103 cu generatoare \u0219i surse de alimentare externe.    <\/p>\n<p>[\/et_pb_toggle][et_pb_toggle title=&#8221;C\u00e2nd \u0219i cum se cur\u0103\u021b\u0103 firele de lucru?&#8221; icon_color=&#8221;#000000&#8243; _builder_version=&#8221;4.22.2&#8243; _module_preset=&#8221;default&#8221; background_color=&#8221;#efefef&#8221; width=&#8221;100%&#8221; border_width_all=&#8221;0px&#8221; box_shadow_style=&#8221;preset1&#8243; global_colors_info=&#8221;{}&#8221;]<\/p>\n<p>\u25cb La sf\u00e2r\u0219itul fiec\u0103rei zile lucr\u0103toare.<br \/>\u25cb Cu alcool sau \u0219erve\u021bel cu alcool.<br \/>\u25cb Sau cu o c\u00e2rp\u0103 umed\u0103 pentru ochelari.<\/p>\n<p>[\/et_pb_toggle][et_pb_toggle title=&#8221;Cum se schimb\u0103 bateriile?&#8221; icon_color=&#8221;#000000&#8243; _builder_version=&#8221;4.22.2&#8243; _module_preset=&#8221;default&#8221; background_color=&#8221;#efefef&#8221; width=&#8221;100%&#8221; border_width_all=&#8221;0px&#8221; box_shadow_style=&#8221;preset1&#8243; global_colors_info=&#8221;{}&#8221;]<\/p>\n<p>\u25cb Pe partea inferioar\u0103 a aparatului, sub capacul \u00eenc\u0103rcat cu baterii, se afl\u0103 bateriile.<br \/>\u25cb Folosind o \u0219urubelni\u021b\u0103, de\u0219uruba\u021bi \u0219uruburile de pe capac \u0219i scoate\u021bi-l.<br \/>\u25cb Scoate\u021bi bateriile.<br \/>\u25cb Introduce\u021bi bateriile noi av\u00e2nd grij\u0103 de direc\u021bia corect\u0103.<\/p>\n<p>[\/et_pb_toggle][et_pb_toggle title=&#8221;Pot utiliza baterii re\u00eenc\u0103rcabile, m\u0103rimea AA, 1,2 V?&#8221; icon_color=&#8221;#000000&#8243; _builder_version=&#8221;4.22.2&#8243; _module_preset=&#8221;default&#8221; background_color=&#8221;#efefef&#8221; width=&#8221;100%&#8221; border_width_all=&#8221;0px&#8221; box_shadow_style=&#8221;preset1&#8243; global_colors_info=&#8221;{}&#8221;]<\/p>\n<p>\u25cb Nu. Bateriile re\u00eenc\u0103rcabile au o tensiune mai mic\u0103. (2x 1.2V=2.4 V) . Colectorul Bee Venom BeeWhisper func\u021bioneaz\u0103 cu tensiune de la 2,4 V la 3,5 V.   <\/p>\n<p>[\/et_pb_toggle][et_pb_toggle title=&#8221;C\u00e2t timp pot lucra cu un pachet de baterii?&#8221; icon_color=&#8221;#000000&#8243; _builder_version=&#8221;4.22.2&#8243; _module_preset=&#8221;default&#8221; background_color=&#8221;#efefef&#8221; width=&#8221;100%&#8221; border_width_all=&#8221;0px&#8221; box_shadow_style=&#8221;preset1&#8243; global_colors_info=&#8221;{}&#8221;]<\/p>\n<p>\u25cb P\u00e2n\u0103 la 4-5 luni, \u00een func\u021bie de baterii.<\/p>\n<p>[\/et_pb_toggle][et_pb_toggle title=&#8221;Cum s\u0103 cur\u0103\u021ba\u021bi unitatea de sub fire de praf \u0219i buc\u0103\u021bi mici?&#8221; icon_color=&#8221;#000000&#8243; _builder_version=&#8221;4.22.2&#8243; _module_preset=&#8221;default&#8221; background_color=&#8221;#efefef&#8221; width=&#8221;100%&#8221; border_width_all=&#8221;0px&#8221; box_shadow_style=&#8221;preset1&#8243; global_colors_info=&#8221;{}&#8221;]<\/p>\n<p>\u25cb Cel mai bine, cu o perie sau cu un aspirator. Apoi cur\u0103\u021ba\u021bi aspiratorul cu alcool \u0219i arunca\u021bi recipientul. Sp\u0103la\u021bi peria cu alcool.  <\/p>\n<p>[\/et_pb_toggle][et_pb_toggle title=&#8221;Ce trebuie s\u0103 face\u021bi dac\u0103 LED-ul ro\u0219u clipe\u0219te de trei ori &#8211; pauz\u0103 de trei ori?&#8221; icon_color=&#8221;#000000&#8243; _builder_version=&#8221;4.22.2&#8243; _module_preset=&#8221;default&#8221; background_color=&#8221;#efefef&#8221; width=&#8221;100%&#8221; border_width_all=&#8221;0px&#8221; box_shadow_style=&#8221;preset1&#8243; global_colors_info=&#8221;{}&#8221;]<\/p>\n<p>\u25cb Aceasta \u00eenseamn\u0103 c\u0103 bateriile sunt epuizate. \u00cenlocui\u021bi bateriile. <\/p>\n<p>[\/et_pb_toggle][et_pb_toggle title=&#8221;Ce trebuie s\u0103 face\u021bi dac\u0103 LED-ul ro\u0219u se aprinde permanent?&#8221; icon_color=&#8221;#000000&#8243; _builder_version=&#8221;4.22.2&#8243; _module_preset=&#8221;default&#8221; background_color=&#8221;#efefef&#8221; width=&#8221;100%&#8221; border_width_all=&#8221;0px&#8221; box_shadow_style=&#8221;preset1&#8243; global_colors_info=&#8221;{}&#8221;]<\/p>\n<p>\u25cb Aceasta \u00eenseamn\u0103 c\u0103 dou\u0103 fire adiacente sunt atinse.<br \/>Dep\u0103rta\u021bi firele. \u00centinde\u021bi firele. <\/p>\n<p>[\/et_pb_toggle][et_pb_toggle title=&#8221;Ce \u00eenseamn\u0103 dac\u0103 LED-ul verde clipe\u0219te \u00eencet, dar cel ro\u0219u clipe\u0219te \u00een acela\u0219i timp cu acesta?&#8221; icon_color=&#8221;#000000&#8243; _builder_version=&#8221;4.22.2&#8243; _module_preset=&#8221;default&#8221; background_color=&#8221;#efefef&#8221; width=&#8221;100%&#8221; border_width_all=&#8221;0px&#8221; box_shadow_style=&#8221;preset1&#8243; global_colors_info=&#8221;{}&#8221;]<\/p>\n<p>\u25cb Bateriile trebuie \u00eenlocuite \u00een cur\u00e2nd. Aparatul \u00eenc\u0103 func\u021bioneaz\u0103.<br \/>\u00cenlocui\u021bi bateriile cu unele noi, dac\u0103 este posibil. <\/p>\n<p>[\/et_pb_toggle][et_pb_toggle title=&#8221;C\u00e2t de des cur\u0103\u021b\u0103m firele de lucru \u0219i ce s\u0103 folosim?&#8221; icon_color=&#8221;#000000&#8243; _builder_version=&#8221;4.22.2&#8243; _module_preset=&#8221;default&#8221; background_color=&#8221;#efefef&#8221; width=&#8221;100%&#8221; border_width_all=&#8221;0px&#8221; box_shadow_style=&#8221;preset1&#8243; global_colors_info=&#8221;{}&#8221;]<\/p>\n<p>La sf\u00e2r\u0219itul fiec\u0103rei zile lucr\u0103toare. Utiliza\u021bi vat\u0103 sau o c\u00e2rp\u0103 de bumbac \u00eenmuiat\u0103 \u00een alcool pentru a cur\u0103\u021ba firele de lucru. Apoi arunca\u021bi aceast\u0103 vat\u0103 \u00eentr-un loc sigur. Nu deteriora\u021bi ma\u0219ina dac\u0103 este cur\u0103\u021barea frecvent\u0103 a firelor.   <\/p>\n<p>[\/et_pb_toggle][\/et_pb_column][\/et_pb_row][\/et_pb_section][et_pb_section fb_built=&#8221;1&#8243; _builder_version=&#8221;4.27.2&#8243; _module_preset=&#8221;default&#8221; background_color=&#8221;#d1d1d1&#8243; background_enable_image=&#8221;off&#8221; min_height=&#8221;198px&#8221; custom_margin=&#8221;-27px|||||&#8221; custom_padding=&#8221;7px|||||&#8221; hover_enabled=&#8221;0&#8243; global_colors_info=&#8221;{}&#8221; use_background_color_gradient=&#8221;off&#8221; sticky_enabled=&#8221;0&#8243;][\/et_pb_section]<\/p>\n","protected":false},"excerpt":{"rendered":"<p>\u25cb Utiliz\u0103m PayPal sau un transfer bancar sau direct prin card de credit\/debit.\u25cb Dac\u0103 nu ave\u021bi un cont PayPal, ar trebui s\u0103 pute\u021bi finaliza plata f\u0103c\u00e2nd clic pe Plat\u0103 cu card de debit sau de credit ca PayPal Guest Checkout (pentru unele \u021b\u0103ri).Nu putem oferi o garan\u021bie din cauza faptului c\u0103 to\u021bi stupii sunt diferi\u021bi. [&hellip;]<\/p>\n","protected":false},"author":1,"featured_media":0,"parent":0,"menu_order":0,"comment_status":"closed","ping_status":"closed","template":"","meta":{"_et_pb_use_builder":"on","_et_pb_old_content":"","_et_gb_content_width":"","footnotes":""},"class_list":["post-7455","page","type-page","status-publish","hentry"],"aioseo_notices":[],"_links":{"self":[{"href":"https:\/\/www.beewhisper.com\/ro\/wp-json\/wp\/v2\/pages\/7455","targetHints":{"allow":["GET"]}}],"collection":[{"href":"https:\/\/www.beewhisper.com\/ro\/wp-json\/wp\/v2\/pages"}],"about":[{"href":"https:\/\/www.beewhisper.com\/ro\/wp-json\/wp\/v2\/types\/page"}],"author":[{"embeddable":true,"href":"https:\/\/www.beewhisper.com\/ro\/wp-json\/wp\/v2\/users\/1"}],"replies":[{"embeddable":true,"href":"https:\/\/www.beewhisper.com\/ro\/wp-json\/wp\/v2\/comments?post=7455"}],"version-history":[{"count":10,"href":"https:\/\/www.beewhisper.com\/ro\/wp-json\/wp\/v2\/pages\/7455\/revisions"}],"predecessor-version":[{"id":7548,"href":"https:\/\/www.beewhisper.com\/ro\/wp-json\/wp\/v2\/pages\/7455\/revisions\/7548"}],"wp:attachment":[{"href":"https:\/\/www.beewhisper.com\/ro\/wp-json\/wp\/v2\/media?parent=7455"}],"curies":[{"name":"wp","href":"https:\/\/api.w.org\/{rel}","templated":true}]}}