{"id":7465,"date":"2023-09-20T13:23:00","date_gmt":"2023-09-20T11:23:00","guid":{"rendered":"https:\/\/www.beewhisper.com\/faq\/"},"modified":"2025-02-20T11:57:23","modified_gmt":"2025-02-20T09:57:23","slug":"faq","status":"publish","type":"page","link":"https:\/\/www.beewhisper.com\/pl\/faq\/","title":{"rendered":"FAQ"},"content":{"rendered":"<p>[et_pb_section fb_built=&#8221;1&#8243; prev_background_color=&#8221;#ffffff&#8221; _builder_version=&#8221;4.27.2&#8243; _module_preset=&#8221;default&#8221; background_image=&#8221;https:\/\/www.beewhisper.com\/wp-content\/uploads\/2023\/08\/Untitled-14.jpg&#8221; background_size=&#8221;contain&#8221; width=&#8221;100%&#8221; max_width=&#8221;100%&#8221; min_height=&#8221;368px&#8221; custom_margin=&#8221;||3px|||&#8221; custom_padding=&#8221;0px||0px|||&#8221; top_divider_style=&#8221;none&#8221; hover_enabled=&#8221;0&#8243; background_last_edited=&#8221;on|desktop&#8221; parallax_tablet=&#8221;off&#8221; parallax_phone=&#8221;off&#8221; background_size_tablet=&#8221;contain&#8221; background_size_phone=&#8221;contain&#8221; background_image_width_phone=&#8221;0%&#8221; global_colors_info=&#8221;{}&#8221; background_enable_color=&#8221;off&#8221; use_background_color_gradient=&#8221;off&#8221; sticky_enabled=&#8221;0&#8243;][\/et_pb_section][et_pb_section fb_built=&#8221;1&#8243; _builder_version=&#8221;4.27.2&#8243; _module_preset=&#8221;default&#8221; background_enable_image=&#8221;off&#8221; min_height=&#8221;431.1px&#8221; custom_margin=&#8221;1px|||||&#8221; custom_padding=&#8221;8px|||||&#8221; hover_enabled=&#8221;0&#8243; global_colors_info=&#8221;{}&#8221; background_enable_color=&#8221;off&#8221; use_background_color_gradient=&#8221;off&#8221; sticky_enabled=&#8221;0&#8243;][et_pb_row _builder_version=&#8221;4.22.1&#8243; _module_preset=&#8221;default&#8221; custom_margin=&#8221;-3px|auto||auto||&#8221; custom_padding=&#8221;0px||12px|||&#8221; global_colors_info=&#8221;{}&#8221;][et_pb_column type=&#8221;4_4&#8243; _builder_version=&#8221;4.22.1&#8243; _module_preset=&#8221;default&#8221; global_colors_info=&#8221;{}&#8221;][et_pb_heading title=&#8221;Cz\u0119sto zadawane pytania&#8221; _builder_version=&#8221;4.22.1&#8243; _module_preset=&#8221;default&#8221; title_font=&#8221;Verdana||||||||&#8221; title_text_align=&#8221;center&#8221; title_text_color=&#8221;#000000&#8243; title_font_size=&#8221;53px&#8221; title_font_size_tablet=&#8221;53px&#8221; title_font_size_phone=&#8221;35px&#8221; title_font_size_last_edited=&#8221;on|phone&#8221; title_text_shadow_style=&#8221;preset1&#8243; global_colors_info=&#8221;{}&#8221;][\/et_pb_heading][\/et_pb_column][\/et_pb_row][et_pb_row column_structure=&#8221;1_2,1_2&#8243; _builder_version=&#8221;4.22.1&#8243; _module_preset=&#8221;default&#8221; min_height=&#8221;297px&#8221; custom_margin=&#8221;0px|auto||auto||&#8221; global_colors_info=&#8221;{}&#8221;][et_pb_column type=&#8221;1_2&#8243; _builder_version=&#8221;4.22.1&#8243; _module_preset=&#8221;default&#8221; global_colors_info=&#8221;{}&#8221;][et_pb_toggle title=&#8221;Jakie s\u0105 opcje p\u0142atno\u015bci?&#8221; icon_color=&#8221;#000000&#8243; _builder_version=&#8221;4.23.1&#8243; _module_preset=&#8221;default&#8221; background_color=&#8221;#efefef&#8221; width=&#8221;100%&#8221; border_width_all=&#8221;0px&#8221; box_shadow_style=&#8221;preset1&#8243; global_colors_info=&#8221;{}&#8221;]<\/p>\n<p>U\u017cywamy PayPal, przelewu bankowego lub bezpo\u015brednio karty kredytowej\/debetowej.<br \/>Je\u015bli nie masz konta PayPal, nadal powiniene\u015b by\u0107 w stanie dokona\u0107 p\u0142atno\u015bci, klikaj\u0105c opcj\u0119 Zap\u0142a\u0107 kart\u0105 debetow\u0105 lub kredytow\u0105 jako go\u015b\u0107 PayPal (w niekt\u00f3rych krajach).<\/p>\n<p>[\/et_pb_toggle][et_pb_toggle title=&#8221;Ile jadu pszczelego produkuje 1 Bee Venom Collector w ci\u0105gu 45 minut?&#8221; icon_color=&#8221;#000000&#8243; _builder_version=&#8221;4.23.1&#8243; _module_preset=&#8221;default&#8221; background_color=&#8221;#efefef&#8221; width=&#8221;100%&#8221; border_width_all=&#8221;0px&#8221; box_shadow_style=&#8221;preset1&#8243; global_colors_info=&#8221;{}&#8221;]<\/p>\n<p>Nie mo\u017cemy udzieli\u0107 gwarancji, poniewa\u017c ka\u017cdy ul jest inny. Nasze wieloletnie testy wykaza\u0142y, co nast\u0119puje:<br \/>\u25cb 0,03 grama do 0,09 grama.<br \/>\u25cb Ilo\u015b\u0107 jadu pszczelego zale\u017cy od zdrowia i si\u0142y ula. Czasami, cho\u0107 rzadko, trzeba zapuka\u0107 do ula, aby wyci\u0105gn\u0105\u0107 wi\u0119cej pszcz\u00f3\u0142.  <\/p>\n<p>[\/et_pb_toggle][et_pb_toggle title=&#8221;Czy mog\u0119 raz dziennie zeskroba\u0107 jad pszczeli ze szklanki?&#8221; icon_color=&#8221;#000000&#8243; _builder_version=&#8221;4.22.2&#8243; _module_preset=&#8221;default&#8221; background_color=&#8221;#efefef&#8221; width=&#8221;100%&#8221; border_width_all=&#8221;0px&#8221; box_shadow_style=&#8221;preset1&#8243; global_colors_info=&#8221;{}&#8221;]<\/p>\n<p>Jad pszczeli nie powinien znajdowa\u0107 si\u0119 w \u015bwietle s\u0142onecznym d\u0142u\u017cej ni\u017c to konieczne. Im kr\u00f3cej, tym lepiej.  <\/p>\n<p>[\/et_pb_toggle][et_pb_toggle title=&#8221;Kiedy uzyskuje si\u0119 najlepszy wynik?&#8221; icon_color=&#8221;#000000&#8243; _builder_version=&#8221;4.22.2&#8243; _module_preset=&#8221;default&#8221; background_color=&#8221;#efefef&#8221; width=&#8221;100%&#8221; border_width_all=&#8221;0px&#8221; box_shadow_style=&#8221;preset1&#8243; global_colors_info=&#8221;{}&#8221;]<\/p>\n<p>Najlepsze wyniki uzyskuje si\u0119 po oko\u0142o 45 minutach korzystania z kolektora w ulu, a nast\u0119pnie ten ul ma oko\u0142o 1-2 godzin odpoczynku. W tym czasie mo\u017cna u\u017cy\u0107 kolektora do innego ula. <\/p>\n<p>[\/et_pb_toggle][et_pb_toggle title=&#8221;Jak rozci\u0105gaj\u0105 si\u0119 przewody w kolektorze jadu pszczelego?&#8221; icon_color=&#8221;#000000&#8243; _builder_version=&#8221;4.22.2&#8243; _module_preset=&#8221;default&#8221; background_color=&#8221;#efefef&#8221; width=&#8221;100%&#8221; border_width_all=&#8221;0px&#8221; box_shadow_style=&#8221;preset1&#8243; global_colors_info=&#8221;{}&#8221;]<\/p>\n<p>\u25cb Za pomoc\u0105 ostro zako\u0144czonych szczypiec zaci\u015bnij drut roboczy na ko\u0144cu. Szczypce musz\u0105 by\u0107 zaci\u015bni\u0119te w odleg\u0142o\u015bci 4-8 mm od drutu. Na urz\u0105dzeniu wida\u0107, ile i jak druty s\u0105 pierwotnie skr\u0119cone. Drut nale\u017cy skr\u0119ca\u0107 bardzo ostro\u017cnie w miar\u0119 jego rozci\u0105gania. Nale\u017cy uwa\u017ca\u0107, aby nie zerwa\u0107 drutu. Zerwanie drutu o grubo\u015bci 0,7 mm nie jest obj\u0119te gwarancj\u0105.     <\/p>\n<p>[\/et_pb_toggle][et_pb_toggle title=&#8221;Kiedy wymieni\u0107 bateri\u0119 w Bee Venom Collector BeeWhisper?&#8221; icon_color=&#8221;#000000&#8243; _builder_version=&#8221;4.22.2&#8243; _module_preset=&#8221;default&#8221; background_color=&#8221;#efefef&#8221; width=&#8221;100%&#8221; border_width_all=&#8221;0px&#8221; box_shadow_style=&#8221;preset1&#8243; global_colors_info=&#8221;{}&#8221;]<\/p>\n<p>Kiedy wymieni\u0107 bateri\u0119 w Bee Venom Collector BeeWhisper?<\/p>\n<p>[\/et_pb_toggle][et_pb_toggle title=&#8221;Jakich baterii u\u017cywam?&#8221; icon_color=&#8221;#000000&#8243; _builder_version=&#8221;4.22.2&#8243; _module_preset=&#8221;default&#8221; background_color=&#8221;#efefef&#8221; width=&#8221;100%&#8221; border_width_all=&#8221;0px&#8221; box_shadow_style=&#8221;preset1&#8243; global_colors_info=&#8221;{}&#8221;]<\/p>\n<p>\u25cb U\u017cyj 2 baterii typu AA (R06, R6).<br \/>U\u017cywaj baterii alkalicznych.<br \/>Nale\u017cy u\u017cywa\u0107 wy\u0142\u0105cznie akumulator\u00f3w najlepszej jako\u015bci. U\u017cycie baterii niskiej jako\u015bci mo\u017ce spowodowa\u0107 wyciek i uszkodzenie kolektora. <\/p>\n<p>[\/et_pb_toggle][et_pb_toggle title=&#8221;Jak przechowywa\u0107 urz\u0105dzenie po zako\u0144czeniu sezonu?&#8221; icon_color=&#8221;#000000&#8243; _builder_version=&#8221;4.22.2&#8243; _module_preset=&#8221;default&#8221; background_color=&#8221;#efefef&#8221; width=&#8221;100%&#8221; border_width_all=&#8221;0px&#8221; box_shadow_style=&#8221;preset1&#8243; global_colors_info=&#8221;{}&#8221;]<\/p>\n<p>\u25cb Wy\u0142\u0105cz kolektor za pomoc\u0105 kluczyka.<br \/>\u25cb Wyjmij baterie.<br \/>\u25cb Wyczy\u015b\u0107 powierzchni\u0119 robocz\u0105 urz\u0105dzenia.<br \/>Urz\u0105dzenie nale\u017cy przechowywa\u0107 w suchym miejscu w temperaturze od -15 do +45 stopni.<\/p>\n<p>[\/et_pb_toggle][et_pb_toggle title=&#8221;Co zrobi\u0107, gdy czerwona dioda LED miga 6 razy &#8211; pauza &#8211; 6 razy?&#8221; icon_color=&#8221;#000000&#8243; _builder_version=&#8221;4.22.2&#8243; _module_preset=&#8221;default&#8221; background_color=&#8221;#efefef&#8221; width=&#8221;100%&#8221; border_width_all=&#8221;0px&#8221; box_shadow_style=&#8221;preset1&#8243; global_colors_info=&#8221;{}&#8221;]<\/p>\n<p>Impulsy robocze s\u0105 poza zakresem.<br \/>Kontakt<\/p>\n<p>[\/et_pb_toggle][et_pb_toggle title=&#8221;Co zrobi\u0107, je\u015bli zielona dioda LED miga bardzo szybko i nie przestaje miga\u0107 po kilku minutach?&#8221; icon_color=&#8221;#000000&#8243; _builder_version=&#8221;4.22.2&#8243; _module_preset=&#8221;default&#8221; background_color=&#8221;#efefef&#8221; width=&#8221;100%&#8221; border_width_all=&#8221;0px&#8221; box_shadow_style=&#8221;preset1&#8243; global_colors_info=&#8221;{}&#8221;]<\/p>\n<p>Oznacza to, \u017ce na urz\u0105dzeniu jest du\u017co wilgoci. Lub na ko\u0144cach przewod\u00f3w, gdzie s\u0105 one przylutowane od spodu, na kraw\u0119dzi szk\u0142a, znajduj\u0105 si\u0119 \u015bmieci.<br \/>Wysusz urz\u0105dzenie<br \/>Wyczy\u015b\u0107 \u015bmieci tam, gdzie znajduj\u0105 si\u0119 ko\u0144ce szk\u0142a. Mo\u017cesz u\u017cy\u0107 szczotki lub odkurzacza.<br \/>Wymie\u0144 baterie (je\u015bli inne nie pomog\u0105).  <\/p>\n<p>[\/et_pb_toggle][et_pb_toggle title=&#8221;Jak zamontowa\u0107 uchwyt do\u0142\u0105czony do zestawu? (tylko beeWhisper 5.0 i beeWhisper 5.5)   &#8221; icon_color=&#8221;#000000&#8243; _builder_version=&#8221;4.22.2&#8243; _module_preset=&#8221;default&#8221; background_color=&#8221;#efefef&#8221; width=&#8221;100%&#8221; border_width_all=&#8221;0px&#8221; box_shadow_style=&#8221;preset1&#8243; global_colors_info=&#8221;{}&#8221;]<\/p>\n<p>W drewnianej obudowie od przodu znajduj\u0105 si\u0119 2 otwory, w kt\u00f3re wk\u0142ada si\u0119 wspornik. S\u0105 one wywiercone pod k\u0105tem, dzi\u0119ki czemu wspornik po w\u0142o\u017ceniu do tych otwor\u00f3w nie wysuwa si\u0119 \u0142atwo sam. Najpierw w\u0142\u00f3\u017c jeden koniec zacisku, lekko go przekr\u0119caj\u0105c, a nast\u0119pnie w\u0142\u00f3\u017c drugi koniec.  <\/p>\n<p>[\/et_pb_toggle][et_pb_toggle title=&#8221;Czy powinienem wy\u0142\u0105czy\u0107 kolektor jadu pszczelego wy\u0142\u0105cznikiem, skoro wy\u0142\u0105cza si\u0119 on automatycznie?&#8221; icon_color=&#8221;#000000&#8243; _builder_version=&#8221;4.22.2&#8243; _module_preset=&#8221;default&#8221; background_color=&#8221;#efefef&#8221; width=&#8221;100%&#8221; border_width_all=&#8221;0px&#8221; box_shadow_style=&#8221;preset1&#8243; global_colors_info=&#8221;{}&#8221;]<\/p>\n<p>Aby ponownie w\u0142\u0105czy\u0107 urz\u0105dzenie, nale\u017cy je najpierw wy\u0142\u0105czy\u0107.<br \/>\u25cb Wy\u0142\u0105cz kluczyk na koniec dnia.<br \/>Je\u015bli urz\u0105dzenie jest przechowywane przez d\u0142u\u017cszy czas, nale\u017cy zawsze wy\u0142\u0105cza\u0107 je.<\/p>\n<p>[\/et_pb_toggle][\/et_pb_column][et_pb_column type=&#8221;1_2&#8243; _builder_version=&#8221;4.22.1&#8243; _module_preset=&#8221;default&#8221; global_colors_info=&#8221;{}&#8221;][et_pb_toggle title=&#8221;Kolektor jadu pszczelego BeeWhisper, czy jest zewn\u0119trzny zasilacz i dodatkowe kable?&#8221; icon_color=&#8221;#000000&#8243; _builder_version=&#8221;4.22.2&#8243; _module_preset=&#8221;default&#8221; background_color=&#8221;#efefef&#8221; width=&#8221;100%&#8221; border_width_all=&#8221;0px&#8221; box_shadow_style=&#8221;preset1&#8243; global_colors_info=&#8221;{}&#8221;]<\/p>\n<p>Nie.<br \/>Wszystko znajduje si\u0119 w samym kolektorze.<\/p>\n<p>[\/et_pb_toggle][et_pb_toggle title=&#8221;Kiedy jad pszczeli jest usuwany ze szk\u0142a?&#8221; icon_color=&#8221;#000000&#8243; _builder_version=&#8221;4.22.2&#8243; _module_preset=&#8221;default&#8221; background_color=&#8221;#efefef&#8221; width=&#8221;100%&#8221; border_width_all=&#8221;0px&#8221; box_shadow_style=&#8221;preset1&#8243; global_colors_info=&#8221;{}&#8221;]<\/p>\n<p>Po wyj\u0119ciu kolektora jadu pszczelego z ula nale\u017cy wyj\u0105\u0107 szklank\u0119 i natychmiast zeskroba\u0107 jad pszczeli.<\/p>\n<p>[\/et_pb_toggle][et_pb_toggle title=&#8221;Ile uli mog\u0119 obs\u0142u\u017cy\u0107 za pomoc\u0105 jednego urz\u0105dzenia?&#8221; icon_color=&#8221;#000000&#8243; _builder_version=&#8221;4.22.2&#8243; _module_preset=&#8221;default&#8221; background_color=&#8221;#efefef&#8221; width=&#8221;100%&#8221; border_width_all=&#8221;0px&#8221; box_shadow_style=&#8221;preset1&#8243; global_colors_info=&#8221;{}&#8221;]<\/p>\n<p>Od jednego do trzech uli po kolei.<\/p>\n<p>[\/et_pb_toggle][et_pb_toggle title=&#8221;Czy zbieranie jadu pszczelego jest szkodliwe dla zdrowia pszcz\u00f3\u0142?&#8221; icon_color=&#8221;#000000&#8243; _builder_version=&#8221;4.22.2&#8243; _module_preset=&#8221;default&#8221; background_color=&#8221;#efefef&#8221; width=&#8221;100%&#8221; border_width_all=&#8221;0px&#8221; box_shadow_style=&#8221;preset1&#8243; global_colors_info=&#8221;{}&#8221;]<\/p>\n<p>\u25cb Nie ma danych i obserwacji dotycz\u0105cych pogorszenia stanu zdrowia i si\u0142y rodziny pszczelej.  <br \/>Impulsy dra\u017cni\u0105ce pszczo\u0142y s\u0105 niezwykle s\u0142abe, ale wystarczaj\u0105ce, aby pszczo\u0142y zacz\u0119\u0142y bi\u0107. O bezpiecze\u0144stwie tego rozwi\u0105zania mo\u017ce \u015bwiadczy\u0107 fakt, \u017ce nasz kolektor dzia\u0142a tylko z 2 bateriami typu AA, 1,5 V. Z tymi bateriami urz\u0105dzenie mo\u017ce pracowa\u0107 do 5 miesi\u0119cy ka\u017cdego dnia roboczego. Mo\u017cesz oceni\u0107, jak ma\u0142o pr\u0105du i energii trafia do pszcz\u00f3\u0142. W przeciwie\u0144stwie do urz\u0105dze\u0144 innych firm, kt\u00f3re dzia\u0142aj\u0105 z zewn\u0119trznymi generatorami i zasilaczami.    <\/p>\n<p>[\/et_pb_toggle][et_pb_toggle title=&#8221;Kiedy i jak czy\u015bci\u0107 przewody robocze?&#8221; icon_color=&#8221;#000000&#8243; _builder_version=&#8221;4.22.2&#8243; _module_preset=&#8221;default&#8221; background_color=&#8221;#efefef&#8221; width=&#8221;100%&#8221; border_width_all=&#8221;0px&#8221; box_shadow_style=&#8221;preset1&#8243; global_colors_info=&#8221;{}&#8221;]<\/p>\n<p>\u25cb Na koniec ka\u017cdego dnia roboczego.<br \/>Za pomoc\u0105 alkoholu lub \u015bciereczki nas\u0105czonej alkoholem.<br \/>Lub wilgotn\u0105 \u015bciereczk\u0105 do okular\u00f3w.<\/p>\n<p>[\/et_pb_toggle][et_pb_toggle title=&#8221;Jak wymieni\u0107 baterie?&#8221; icon_color=&#8221;#000000&#8243; _builder_version=&#8221;4.22.2&#8243; _module_preset=&#8221;default&#8221; background_color=&#8221;#efefef&#8221; width=&#8221;100%&#8221; border_width_all=&#8221;0px&#8221; box_shadow_style=&#8221;preset1&#8243; global_colors_info=&#8221;{}&#8221;]<\/p>\n<p>Na spodzie urz\u0105dzenia, pod pokryw\u0105 zawieraj\u0105c\u0105 baterie, znajduj\u0105 si\u0119 baterie.<br \/>Za pomoc\u0105 \u015brubokr\u0119ta odkr\u0119\u0107 \u015bruby na pokrywie i zdejmij j\u0105.<br \/>\u25cb Wyjmij baterie.<br \/>\u25cb W\u0142\u00f3\u017c nowe baterie, zwracaj\u0105c uwag\u0119 na ich prawid\u0142owy kierunek.<\/p>\n<p>[\/et_pb_toggle][et_pb_toggle title=&#8221;Czy mog\u0119 u\u017cywa\u0107 baterii wielokrotnego \u0142adowania, rozmiar AA, 1,2 V?&#8221; icon_color=&#8221;#000000&#8243; _builder_version=&#8221;4.22.2&#8243; _module_preset=&#8221;default&#8221; background_color=&#8221;#efefef&#8221; width=&#8221;100%&#8221; border_width_all=&#8221;0px&#8221; box_shadow_style=&#8221;preset1&#8243; global_colors_info=&#8221;{}&#8221;]<\/p>\n<p>Akumulatory maj\u0105 ni\u017csze napi\u0119cie. (2x 1,2 V=2,4 V). Bee Venom Collector BeeWhisper dzia\u0142a z napi\u0119ciem od 2,4 V do 3,5 V.   <\/p>\n<p>[\/et_pb_toggle][et_pb_toggle title=&#8221;Jak d\u0142ugo mo\u017cna pracowa\u0107 na akumulatorze?&#8221; icon_color=&#8221;#000000&#8243; _builder_version=&#8221;4.22.2&#8243; _module_preset=&#8221;default&#8221; background_color=&#8221;#efefef&#8221; width=&#8221;100%&#8221; border_width_all=&#8221;0px&#8221; box_shadow_style=&#8221;preset1&#8243; global_colors_info=&#8221;{}&#8221;]<\/p>\n<p>Do 4-5 miesi\u0119cy, w zale\u017cno\u015bci od baterii.<\/p>\n<p>[\/et_pb_toggle][et_pb_toggle title=&#8221;Jak wyczy\u015bci\u0107 urz\u0105dzenie pod przewodami z kurzu i drobnych element\u00f3w?&#8221; icon_color=&#8221;#000000&#8243; _builder_version=&#8221;4.22.2&#8243; _module_preset=&#8221;default&#8221; background_color=&#8221;#efefef&#8221; width=&#8221;100%&#8221; border_width_all=&#8221;0px&#8221; box_shadow_style=&#8221;preset1&#8243; global_colors_info=&#8221;{}&#8221;]<\/p>\n<p>Najlepiej za pomoc\u0105 szczotki lub odkurzacza. Nast\u0119pnie wyczy\u015b\u0107 odkurzacz alkoholem i wyrzu\u0107 pojemnik. Umy\u0107 szczotk\u0119 alkoholem.  <\/p>\n<p>[\/et_pb_toggle][et_pb_toggle title=&#8221;Co zrobi\u0107, je\u015bli czerwona dioda LED mignie trzy razy &#8211; pauza-3 razy?&#8221; icon_color=&#8221;#000000&#8243; _builder_version=&#8221;4.22.2&#8243; _module_preset=&#8221;default&#8221; background_color=&#8221;#efefef&#8221; width=&#8221;100%&#8221; border_width_all=&#8221;0px&#8221; box_shadow_style=&#8221;preset1&#8243; global_colors_info=&#8221;{}&#8221;]<\/p>\n<p>Oznacza to, \u017ce baterie s\u0105 wyczerpane. Nale\u017cy wymieni\u0107 baterie. <\/p>\n<p>[\/et_pb_toggle][et_pb_toggle title=&#8221;Co zrobi\u0107, je\u015bli czerwona dioda LED za\u015bwieci si\u0119 na sta\u0142e?&#8221; icon_color=&#8221;#000000&#8243; _builder_version=&#8221;4.22.2&#8243; _module_preset=&#8221;default&#8221; background_color=&#8221;#efefef&#8221; width=&#8221;100%&#8221; border_width_all=&#8221;0px&#8221; box_shadow_style=&#8221;preset1&#8243; global_colors_info=&#8221;{}&#8221;]<\/p>\n<p>Oznacza to, \u017ce dwa s\u0105siednie przewody stykaj\u0105 si\u0119 ze sob\u0105.<br \/>Rozsu\u0144 przewody. Rozci\u0105gnij przewody. <\/p>\n<p>[\/et_pb_toggle][et_pb_toggle title=&#8221;Co to oznacza, je\u015bli zielona dioda LED miga powoli, a czerwona miga synchronicznie z ni\u0105?&#8221; icon_color=&#8221;#000000&#8243; _builder_version=&#8221;4.22.2&#8243; _module_preset=&#8221;default&#8221; background_color=&#8221;#efefef&#8221; width=&#8221;100%&#8221; border_width_all=&#8221;0px&#8221; box_shadow_style=&#8221;preset1&#8243; global_colors_info=&#8221;{}&#8221;]<\/p>\n<p>Baterie nale\u017cy wkr\u00f3tce wymieni\u0107. Urz\u0105dzenie nadal dzia\u0142a.<br \/>Je\u015bli to mo\u017cliwe, wymie\u0144 baterie na nowe. <\/p>\n<p>[\/et_pb_toggle][et_pb_toggle title=&#8221;Jak cz\u0119sto czy\u015bci\u0107 przewody robocze i czego u\u017cywa\u0107?&#8221; icon_color=&#8221;#000000&#8243; _builder_version=&#8221;4.22.2&#8243; _module_preset=&#8221;default&#8221; background_color=&#8221;#efefef&#8221; width=&#8221;100%&#8221; border_width_all=&#8221;0px&#8221; box_shadow_style=&#8221;preset1&#8243; global_colors_info=&#8221;{}&#8221;]<\/p>\n<p>Pod koniec ka\u017cdego dnia roboczego. Do czyszczenia przewod\u00f3w roboczych nale\u017cy u\u017cywa\u0107 bawe\u0142ny lub szmatki nas\u0105czonej alkoholem. Nast\u0119pnie wyrzu\u0107 bawe\u0142n\u0119 w bezpieczne miejsce. Cz\u0119ste czyszczenie przewod\u00f3w nie spowoduje uszkodzenia urz\u0105dzenia.   <\/p>\n<p>[\/et_pb_toggle][\/et_pb_column][\/et_pb_row][\/et_pb_section][et_pb_section fb_built=&#8221;1&#8243; _builder_version=&#8221;4.27.2&#8243; _module_preset=&#8221;default&#8221; background_color=&#8221;#d1d1d1&#8243; background_enable_image=&#8221;off&#8221; min_height=&#8221;198px&#8221; custom_margin=&#8221;-27px|||||&#8221; custom_padding=&#8221;7px|||||&#8221; hover_enabled=&#8221;0&#8243; global_colors_info=&#8221;{}&#8221; use_background_color_gradient=&#8221;off&#8221; sticky_enabled=&#8221;0&#8243;][\/et_pb_section]<\/p>\n","protected":false},"excerpt":{"rendered":"<p>U\u017cywamy PayPal, przelewu bankowego lub bezpo\u015brednio karty kredytowej\/debetowej.Je\u015bli nie masz konta PayPal, nadal powiniene\u015b by\u0107 w stanie dokona\u0107 p\u0142atno\u015bci, klikaj\u0105c opcj\u0119 Zap\u0142a\u0107 kart\u0105 debetow\u0105 lub kredytow\u0105 jako go\u015b\u0107 PayPal (w niekt\u00f3rych krajach).Nie mo\u017cemy udzieli\u0107 gwarancji, poniewa\u017c ka\u017cdy ul jest inny. Nasze wieloletnie testy wykaza\u0142y, co nast\u0119puje:\u25cb 0,03 grama do 0,09 grama.\u25cb Ilo\u015b\u0107 jadu pszczelego zale\u017cy [&hellip;]<\/p>\n","protected":false},"author":1,"featured_media":0,"parent":0,"menu_order":0,"comment_status":"closed","ping_status":"closed","template":"","meta":{"_et_pb_use_builder":"on","_et_pb_old_content":"","_et_gb_content_width":"","footnotes":""},"class_list":["post-7465","page","type-page","status-publish","hentry"],"aioseo_notices":[],"_links":{"self":[{"href":"https:\/\/www.beewhisper.com\/pl\/wp-json\/wp\/v2\/pages\/7465","targetHints":{"allow":["GET"]}}],"collection":[{"href":"https:\/\/www.beewhisper.com\/pl\/wp-json\/wp\/v2\/pages"}],"about":[{"href":"https:\/\/www.beewhisper.com\/pl\/wp-json\/wp\/v2\/types\/page"}],"author":[{"embeddable":true,"href":"https:\/\/www.beewhisper.com\/pl\/wp-json\/wp\/v2\/users\/1"}],"replies":[{"embeddable":true,"href":"https:\/\/www.beewhisper.com\/pl\/wp-json\/wp\/v2\/comments?post=7465"}],"version-history":[{"count":8,"href":"https:\/\/www.beewhisper.com\/pl\/wp-json\/wp\/v2\/pages\/7465\/revisions"}],"predecessor-version":[{"id":7553,"href":"https:\/\/www.beewhisper.com\/pl\/wp-json\/wp\/v2\/pages\/7465\/revisions\/7553"}],"wp:attachment":[{"href":"https:\/\/www.beewhisper.com\/pl\/wp-json\/wp\/v2\/media?parent=7465"}],"curies":[{"name":"wp","href":"https:\/\/api.w.org\/{rel}","templated":true}]}}