{"id":7477,"date":"2023-09-20T13:23:00","date_gmt":"2023-09-20T11:23:00","guid":{"rendered":"https:\/\/www.beewhisper.com\/domande-frequenti\/"},"modified":"2025-02-20T11:57:28","modified_gmt":"2025-02-20T09:57:28","slug":"domande-frequenti","status":"publish","type":"page","link":"https:\/\/www.beewhisper.com\/it\/domande-frequenti\/","title":{"rendered":"DOMANDE FREQUENTI"},"content":{"rendered":"<p>[et_pb_section fb_built=&#8221;1&#8243; prev_background_color=&#8221;#ffffff&#8221; _builder_version=&#8221;4.27.2&#8243; _module_preset=&#8221;default&#8221; background_image=&#8221;https:\/\/www.beewhisper.com\/wp-content\/uploads\/2023\/08\/Untitled-14.jpg&#8221; background_size=&#8221;contain&#8221; width=&#8221;100%&#8221; max_width=&#8221;100%&#8221; min_height=&#8221;368px&#8221; custom_margin=&#8221;||3px|||&#8221; custom_padding=&#8221;0px||0px|||&#8221; top_divider_style=&#8221;none&#8221; hover_enabled=&#8221;0&#8243; background_last_edited=&#8221;on|desktop&#8221; parallax_tablet=&#8221;off&#8221; parallax_phone=&#8221;off&#8221; background_size_tablet=&#8221;contain&#8221; background_size_phone=&#8221;contain&#8221; background_image_width_phone=&#8221;0%&#8221; global_colors_info=&#8221;{}&#8221; background_enable_color=&#8221;off&#8221; use_background_color_gradient=&#8221;off&#8221; sticky_enabled=&#8221;0&#8243;][\/et_pb_section][et_pb_section fb_built=&#8221;1&#8243; _builder_version=&#8221;4.27.2&#8243; _module_preset=&#8221;default&#8221; background_enable_image=&#8221;off&#8221; min_height=&#8221;431.1px&#8221; custom_margin=&#8221;1px|||||&#8221; custom_padding=&#8221;8px|||||&#8221; hover_enabled=&#8221;0&#8243; global_colors_info=&#8221;{}&#8221; background_enable_color=&#8221;off&#8221; use_background_color_gradient=&#8221;off&#8221; sticky_enabled=&#8221;0&#8243;][et_pb_row _builder_version=&#8221;4.22.1&#8243; _module_preset=&#8221;default&#8221; custom_margin=&#8221;-3px|auto||auto||&#8221; custom_padding=&#8221;0px||12px|||&#8221; global_colors_info=&#8221;{}&#8221;][et_pb_column type=&#8221;4_4&#8243; _builder_version=&#8221;4.22.1&#8243; _module_preset=&#8221;default&#8221; global_colors_info=&#8221;{}&#8221;][et_pb_heading title=&#8221;Domande frequenti&#8221; _builder_version=&#8221;4.22.1&#8243; _module_preset=&#8221;default&#8221; title_font=&#8221;Verdana||||||||&#8221; title_text_align=&#8221;center&#8221; title_text_color=&#8221;#000000&#8243; title_font_size=&#8221;53px&#8221; title_font_size_tablet=&#8221;53px&#8221; title_font_size_phone=&#8221;35px&#8221; title_font_size_last_edited=&#8221;on|phone&#8221; title_text_shadow_style=&#8221;preset1&#8243; global_colors_info=&#8221;{}&#8221;][\/et_pb_heading][\/et_pb_column][\/et_pb_row][et_pb_row column_structure=&#8221;1_2,1_2&#8243; _builder_version=&#8221;4.22.1&#8243; _module_preset=&#8221;default&#8221; min_height=&#8221;297px&#8221; custom_margin=&#8221;0px|auto||auto||&#8221; global_colors_info=&#8221;{}&#8221;][et_pb_column type=&#8221;1_2&#8243; _builder_version=&#8221;4.22.1&#8243; _module_preset=&#8221;default&#8221; global_colors_info=&#8221;{}&#8221;][et_pb_toggle title=&#8221;Quali sono le opzioni di pagamento?&#8221; icon_color=&#8221;#000000&#8243; _builder_version=&#8221;4.23.1&#8243; _module_preset=&#8221;default&#8221; background_color=&#8221;#efefef&#8221; width=&#8221;100%&#8221; border_width_all=&#8221;0px&#8221; box_shadow_style=&#8221;preset1&#8243; global_colors_info=&#8221;{}&#8221;]<\/p>\n<p>\u25cb Utilizziamo PayPal o un bonifico bancario o direttamente una carta di credito\/debito.<br \/>Se non hai un conto PayPal, dovresti comunque essere in grado di completare il pagamento cliccando su Paga con carta di debito o di credito come PayPal Guest Checkout (per alcuni paesi).<\/p>\n<p>[\/et_pb_toggle][et_pb_toggle title=&#8221;Quanto veleno d&#039;api si produce con 1 collettore di veleno d&#039;api in 45 minuti?&#8221; icon_color=&#8221;#000000&#8243; _builder_version=&#8221;4.23.1&#8243; _module_preset=&#8221;default&#8221; background_color=&#8221;#efefef&#8221; width=&#8221;100%&#8221; border_width_all=&#8221;0px&#8221; box_shadow_style=&#8221;preset1&#8243; global_colors_info=&#8221;{}&#8221;]<\/p>\n<p>Non possiamo fornire una garanzia perch\u00e9 tutti gli alveari sono diversi. I nostri test pluriennali mostrano quanto segue:<br \/>\u25cb da 0,03 grammi a 0,09 grammi.<br \/>\u25cb La quantit\u00e0 di veleno d&#8217;api dipende dalla salute e dalla forza dell&#8217;alveare. Dipende dalla temperatura esterna e dalla stagione. A volte, anche se raramente, \u00e8 necessario bussare all&#8217;alveare per far uscire altre api.  <\/p>\n<p>[\/et_pb_toggle][et_pb_toggle title=&#8221;Posso, solo una volta al giorno, raschiare il veleno delle api dal bicchiere?&#8221; icon_color=&#8221;#000000&#8243; _builder_version=&#8221;4.22.2&#8243; _module_preset=&#8221;default&#8221; background_color=&#8221;#efefef&#8221; width=&#8221;100%&#8221; border_width_all=&#8221;0px&#8221; box_shadow_style=&#8221;preset1&#8243; global_colors_info=&#8221;{}&#8221;]<\/p>\n<p>\u25cb No. Il veleno d&#8217;api non dovrebbe essere pi\u00f9 del necessario alla luce del sole. Pi\u00f9 breve \u00e8, meglio \u00e8.  <\/p>\n<p>[\/et_pb_toggle][et_pb_toggle title=&#8221;Quando si ottiene il risultato migliore?&#8221; icon_color=&#8221;#000000&#8243; _builder_version=&#8221;4.22.2&#8243; _module_preset=&#8221;default&#8221; background_color=&#8221;#efefef&#8221; width=&#8221;100%&#8221; border_width_all=&#8221;0px&#8221; box_shadow_style=&#8221;preset1&#8243; global_colors_info=&#8221;{}&#8221;]<\/p>\n<p>I risultati migliori si ottengono quando si utilizza il collettore per circa 45 minuti e poi l&#8217;alveare si riposa per circa 1 o 2 ore. Durante questo periodo puoi utilizzare il collettore per un altro alveare. <\/p>\n<p>[\/et_pb_toggle][et_pb_toggle title=&#8221;Come si allungano i fili del raccoglitore di veleno d&#039;api?&#8221; icon_color=&#8221;#000000&#8243; _builder_version=&#8221;4.22.2&#8243; _module_preset=&#8221;default&#8221; background_color=&#8221;#efefef&#8221; width=&#8221;100%&#8221; border_width_all=&#8221;0px&#8221; box_shadow_style=&#8221;preset1&#8243; global_colors_info=&#8221;{}&#8221;]<\/p>\n<p>\u25cb Con una pinza dalla punta affilata, blocca il filo di lavoro all&#8217;estremit\u00e0. La pinza deve essere bloccata a 4-8 mm dal filo. Sull&#8217;apparecchio si vede quanti e come sono stati attorcigliati i fili in origine. Attorciglia il filo con molta attenzione mentre si allunga. Fai attenzione a non rompere il filo. La rottura del filo, che ha uno spessore di 0,7 mm, non \u00e8 coperta dalla garanzia.     <\/p>\n<p>[\/et_pb_toggle][et_pb_toggle title=&#8221;Quando cambiare la batteria del Bee Venom Collector BeeWhisper?&#8221; icon_color=&#8221;#000000&#8243; _builder_version=&#8221;4.22.2&#8243; _module_preset=&#8221;default&#8221; background_color=&#8221;#efefef&#8221; width=&#8221;100%&#8221; border_width_all=&#8221;0px&#8221; box_shadow_style=&#8221;preset1&#8243; global_colors_info=&#8221;{}&#8221;]<\/p>\n<p>Quando cambiare la batteria del Bee Venom Collector BeeWhisper?<\/p>\n<p>[\/et_pb_toggle][et_pb_toggle title=&#8221;Che batterie uso?&#8221; icon_color=&#8221;#000000&#8243; _builder_version=&#8221;4.22.2&#8243; _module_preset=&#8221;default&#8221; background_color=&#8221;#efefef&#8221; width=&#8221;100%&#8221; border_width_all=&#8221;0px&#8221; box_shadow_style=&#8221;preset1&#8243; global_colors_info=&#8221;{}&#8221;]<\/p>\n<p>\u25cb Usa 2 AA (R06, R6).<br \/>Utilizza batterie alcaline.<br \/>Utilizza solo batterie della migliore qualit\u00e0. Se usi batterie di bassa qualit\u00e0, possono perdere e danneggiare il collettore. <\/p>\n<p>[\/et_pb_toggle][et_pb_toggle title=&#8221;Come posso conservare il dispositivo dopo la fine della stagione?&#8221; icon_color=&#8221;#000000&#8243; _builder_version=&#8221;4.22.2&#8243; _module_preset=&#8221;default&#8221; background_color=&#8221;#efefef&#8221; width=&#8221;100%&#8221; border_width_all=&#8221;0px&#8221; box_shadow_style=&#8221;preset1&#8243; global_colors_info=&#8221;{}&#8221;]<\/p>\n<p>\u25cb Spegni il collettore dalla chiave.<br \/>\u25cb Rimuovi le batterie.<br \/>\u25cb Pulisci la superficie di lavoro dell&#8217;unit\u00e0.<br \/>\u25cb Conserva l&#8217;unit\u00e0 in un luogo asciutto a una temperatura compresa tra -15 e +45 gradi.<\/p>\n<p>[\/et_pb_toggle][et_pb_toggle title=&#8221;Cosa fare se il LED rosso lampeggia 6 volte &#8211; pausa &#8211; 6 volte?&#8221; icon_color=&#8221;#000000&#8243; _builder_version=&#8221;4.22.2&#8243; _module_preset=&#8221;default&#8221; background_color=&#8221;#efefef&#8221; width=&#8221;100%&#8221; border_width_all=&#8221;0px&#8221; box_shadow_style=&#8221;preset1&#8243; global_colors_info=&#8221;{}&#8221;]<\/p>\n<p>\u25cb Gli impulsi di lavoro non rientrano nel range.<br \/>Contattaci<\/p>\n<p>[\/et_pb_toggle][et_pb_toggle title=&#8221;Cosa fare se il LED verde lampeggia molto velocemente e non smette di lampeggiare in pochi minuti?&#8221; icon_color=&#8221;#000000&#8243; _builder_version=&#8221;4.22.2&#8243; _module_preset=&#8221;default&#8221; background_color=&#8221;#efefef&#8221; width=&#8221;100%&#8221; border_width_all=&#8221;0px&#8221; box_shadow_style=&#8221;preset1&#8243; global_colors_info=&#8221;{}&#8221;]<\/p>\n<p>Questo significa che c&#8217;\u00e8 molta umidit\u00e0 sull&#8217;apparecchio. Oppure alle estremit\u00e0 dei conduttori, dove sono saldati sul lato inferiore, sul bordo del vetro, c&#8217;\u00e8 della spazzatura.<br \/>Asciuga l&#8217;apparecchio<br \/>Pulisci la spazzatura dove si trovano le estremit\u00e0 del vetro. Puoi usare una spazzola o un aspirapolvere.<br \/>Sostituisci le batterie (se le altre non servono).  <\/p>\n<p>[\/et_pb_toggle][et_pb_toggle title=&#8221;Come si monta la staffa attaccata al set? (solo beeWhisper 5.0 e beeWhisper 5.5)   &#8221; icon_color=&#8221;#000000&#8243; _builder_version=&#8221;4.22.2&#8243; _module_preset=&#8221;default&#8221; background_color=&#8221;#efefef&#8221; width=&#8221;100%&#8221; border_width_all=&#8221;0px&#8221; box_shadow_style=&#8221;preset1&#8243; global_colors_info=&#8221;{}&#8221;]<\/p>\n<p>Nella cassa di legno, dalla parte anteriore, ci sono 2 fori in cui si inserisce la staffa. Sono stati praticati in pendenza, in modo che la staffa, una volta inserita in questi fori, non esca facilmente da sola. Inserisci prima un&#8217;estremit\u00e0 della staffa con una leggera rotazione e poi inserisci l&#8217;altra estremit\u00e0.  <\/p>\n<p>[\/et_pb_toggle][et_pb_toggle title=&#8221;Devo spegnere il raccoglitore di veleno d&#039;api dall&#039;interruttore, quando si spegne automaticamente?&#8221; icon_color=&#8221;#000000&#8243; _builder_version=&#8221;4.22.2&#8243; _module_preset=&#8221;default&#8221; background_color=&#8221;#efefef&#8221; width=&#8221;100%&#8221; border_width_all=&#8221;0px&#8221; box_shadow_style=&#8221;preset1&#8243; global_colors_info=&#8221;{}&#8221;]<\/p>\n<p>Per riaccenderlo, devi prima spegnerlo.<br \/>Spegni la chiave alla fine della giornata.<br \/>Quando lo conservi per molto tempo, spegni sempre l&#8217;interruttore.<\/p>\n<p>[\/et_pb_toggle][\/et_pb_column][et_pb_column type=&#8221;1_2&#8243; _builder_version=&#8221;4.22.1&#8243; _module_preset=&#8221;default&#8221; global_colors_info=&#8221;{}&#8221;][et_pb_toggle title=&#8221;Il raccoglitore di veleno d&#039;api BeeWhisper, \u00e8 dotato di un alimentatore esterno e di cavi aggiuntivi?&#8221; icon_color=&#8221;#000000&#8243; _builder_version=&#8221;4.22.2&#8243; _module_preset=&#8221;default&#8221; background_color=&#8221;#efefef&#8221; width=&#8221;100%&#8221; border_width_all=&#8221;0px&#8221; box_shadow_style=&#8221;preset1&#8243; global_colors_info=&#8221;{}&#8221;]<\/p>\n<p>\u25cb No.<br \/>\u25cb Tutto si trova nel raccoglitore stesso.<\/p>\n<p>[\/et_pb_toggle][et_pb_toggle title=&#8221;Quando il veleno delle api viene raschiato dal vetro?&#8221; icon_color=&#8221;#000000&#8243; _builder_version=&#8221;4.22.2&#8243; _module_preset=&#8221;default&#8221; background_color=&#8221;#efefef&#8221; width=&#8221;100%&#8221; border_width_all=&#8221;0px&#8221; box_shadow_style=&#8221;preset1&#8243; global_colors_info=&#8221;{}&#8221;]<\/p>\n<p>Dopo aver preso il raccoglitore di veleno d&#8217;api dall&#8217;alveare, rimuovi il bicchiere e raschia immediatamente il veleno d&#8217;api.<\/p>\n<p>[\/et_pb_toggle][et_pb_toggle title=&#8221;Quanti alveari posso servire con un solo apparecchio?&#8221; icon_color=&#8221;#000000&#8243; _builder_version=&#8221;4.22.2&#8243; _module_preset=&#8221;default&#8221; background_color=&#8221;#efefef&#8221; width=&#8221;100%&#8221; border_width_all=&#8221;0px&#8221; box_shadow_style=&#8221;preset1&#8243; global_colors_info=&#8221;{}&#8221;]<\/p>\n<p>\u25cb Da uno a tre alveari in successione.<\/p>\n<p>[\/et_pb_toggle][et_pb_toggle title=&#8221;\u00c8 dannoso per la salute delle api raccogliere il veleno delle api?&#8221; icon_color=&#8221;#000000&#8243; _builder_version=&#8221;4.22.2&#8243; _module_preset=&#8221;default&#8221; background_color=&#8221;#efefef&#8221; width=&#8221;100%&#8221; border_width_all=&#8221;0px&#8221; box_shadow_style=&#8221;preset1&#8243; global_colors_info=&#8221;{}&#8221;]<\/p>\n<p>\u25cb Non ci sono dati e osservazioni sul deterioramento della salute e della forza della famiglia delle api.  <br \/>Gli impulsi che irritano le api sono estremamente deboli, ma sufficienti perch\u00e9 le api inizino a battere. Puoi giudicare la sicurezza di questo dispositivo: il nostro raccoglitore funziona solo con 2 batterie di tipo AA, da 1,5 volt. Con queste batterie, il dispositivo pu\u00f2 funzionare fino a 5 mesi al giorno. Puoi valutare la quantit\u00e0 di corrente e di energia che entra nelle api. A differenza dei dispositivi di terze parti che funzionano con generatori e alimentatori esterni.    <\/p>\n<p>[\/et_pb_toggle][et_pb_toggle title=&#8221;Quando e come pulire i fili di lavoro?&#8221; icon_color=&#8221;#000000&#8243; _builder_version=&#8221;4.22.2&#8243; _module_preset=&#8221;default&#8221; background_color=&#8221;#efefef&#8221; width=&#8221;100%&#8221; border_width_all=&#8221;0px&#8221; box_shadow_style=&#8221;preset1&#8243; global_colors_info=&#8221;{}&#8221;]<\/p>\n<p>Alla fine di ogni giorno lavorativo.<br \/>\u25cb Con alcol o salvietta alcolica.<br \/>O con un panno bagnato per gli occhiali.<\/p>\n<p>[\/et_pb_toggle][et_pb_toggle title=&#8221;Come si cambiano le batterie?&#8221; icon_color=&#8221;#000000&#8243; _builder_version=&#8221;4.22.2&#8243; _module_preset=&#8221;default&#8221; background_color=&#8221;#efefef&#8221; width=&#8221;100%&#8221; border_width_all=&#8221;0px&#8221; box_shadow_style=&#8221;preset1&#8243; global_colors_info=&#8221;{}&#8221;]<\/p>\n<p>\u25cb Sul lato inferiore dell&#8217;apparecchio, sotto il coperchio carico di batterie, si trovano le batterie.<br \/>\u25cb Utilizzando un cacciavite, svita le viti del tappo e rimuovilo.<br \/>\u25cb Rimuovi le batterie.<br \/>\u25cb Inserisci le nuove batterie rispettando la direzione corretta.<\/p>\n<p>[\/et_pb_toggle][et_pb_toggle title=&#8221;Posso utilizzare batterie ricaricabili, formato AA, 1,2 V?&#8221; icon_color=&#8221;#000000&#8243; _builder_version=&#8221;4.22.2&#8243; _module_preset=&#8221;default&#8221; background_color=&#8221;#efefef&#8221; width=&#8221;100%&#8221; border_width_all=&#8221;0px&#8221; box_shadow_style=&#8221;preset1&#8243; global_colors_info=&#8221;{}&#8221;]<\/p>\n<p>\u25cb No. Le batterie ricaricabili hanno un voltaggio inferiore. (2x 1,2V=2,4 V). Il Bee Venom Collector BeeWhisper funziona con una tensione compresa tra 2,4 V e 3,5 V.   <\/p>\n<p>[\/et_pb_toggle][et_pb_toggle title=&#8221;Per quanto tempo posso lavorare con una batteria?&#8221; icon_color=&#8221;#000000&#8243; _builder_version=&#8221;4.22.2&#8243; _module_preset=&#8221;default&#8221; background_color=&#8221;#efefef&#8221; width=&#8221;100%&#8221; border_width_all=&#8221;0px&#8221; box_shadow_style=&#8221;preset1&#8243; global_colors_info=&#8221;{}&#8221;]<\/p>\n<p>\u25cb Fino a 4-5 mesi, a seconda delle batterie.<\/p>\n<p>[\/et_pb_toggle][et_pb_toggle title=&#8221;Come pulire l&#039;unit\u00e0 sotto i fili da polvere e piccoli pezzi?&#8221; icon_color=&#8221;#000000&#8243; _builder_version=&#8221;4.22.2&#8243; _module_preset=&#8221;default&#8221; background_color=&#8221;#efefef&#8221; width=&#8221;100%&#8221; border_width_all=&#8221;0px&#8221; box_shadow_style=&#8221;preset1&#8243; global_colors_info=&#8221;{}&#8221;]<\/p>\n<p>Meglio se con una spazzola o un aspirapolvere. Poi pulisci l&#8217;aspirapolvere con l&#8217;alcol e getta il contenitore. Lava la spazzola con l&#8217;alcol.  <\/p>\n<p>[\/et_pb_toggle][et_pb_toggle title=&#8221;Cosa fare se il LED rosso lampeggia tre volte &#8211; pausa-3 volte?&#8221; icon_color=&#8221;#000000&#8243; _builder_version=&#8221;4.22.2&#8243; _module_preset=&#8221;default&#8221; background_color=&#8221;#efefef&#8221; width=&#8221;100%&#8221; border_width_all=&#8221;0px&#8221; box_shadow_style=&#8221;preset1&#8243; global_colors_info=&#8221;{}&#8221;]<\/p>\n<p>\u25cb Questo significa che le batterie sono scariche. Sostituisci le batterie. <\/p>\n<p>[\/et_pb_toggle][et_pb_toggle title=&#8221;Cosa fare se il LED rosso si accende in modo permanente?&#8221; icon_color=&#8221;#000000&#8243; _builder_version=&#8221;4.22.2&#8243; _module_preset=&#8221;default&#8221; background_color=&#8221;#efefef&#8221; width=&#8221;100%&#8221; border_width_all=&#8221;0px&#8221; box_shadow_style=&#8221;preset1&#8243; global_colors_info=&#8221;{}&#8221;]<\/p>\n<p>\u25cb Questo significa che due fili adiacenti si sono toccati.<br \/>Allontana i fili. Allunga i fili. <\/p>\n<p>[\/et_pb_toggle][et_pb_toggle title=&#8221;Cosa significa se il LED verde lampeggia lentamente, ma il rosso lampeggia in sincronia con esso?&#8221; icon_color=&#8221;#000000&#8243; _builder_version=&#8221;4.22.2&#8243; _module_preset=&#8221;default&#8221; background_color=&#8221;#efefef&#8221; width=&#8221;100%&#8221; border_width_all=&#8221;0px&#8221; box_shadow_style=&#8221;preset1&#8243; global_colors_info=&#8221;{}&#8221;]<\/p>\n<p>Le batterie devono essere sostituite al pi\u00f9 presto. L&#8217;unit\u00e0 funziona ancora.<br \/>Se possibile, sostituisci le batterie con altre nuove. <\/p>\n<p>[\/et_pb_toggle][et_pb_toggle title=&#8221;Con quale frequenza dobbiamo pulire i cavi di lavoro e cosa usare?&#8221; icon_color=&#8221;#000000&#8243; _builder_version=&#8221;4.22.2&#8243; _module_preset=&#8221;default&#8221; background_color=&#8221;#efefef&#8221; width=&#8221;100%&#8221; border_width_all=&#8221;0px&#8221; box_shadow_style=&#8221;preset1&#8243; global_colors_info=&#8221;{}&#8221;]<\/p>\n<p>Alla fine di ogni giorno lavorativo. Usa del cotone o un panno di cotone imbevuto di alcol per pulire i fili di lavoro. Poi smaltisci il cotone in un luogo sicuro. Non danneggiare la macchina se la pulizia dei fili \u00e8 frequente.   <\/p>\n<p>[\/et_pb_toggle][\/et_pb_column][\/et_pb_row][\/et_pb_section][et_pb_section fb_built=&#8221;1&#8243; _builder_version=&#8221;4.27.2&#8243; _module_preset=&#8221;default&#8221; background_color=&#8221;#d1d1d1&#8243; background_enable_image=&#8221;off&#8221; min_height=&#8221;198px&#8221; custom_margin=&#8221;-27px|||||&#8221; custom_padding=&#8221;7px|||||&#8221; hover_enabled=&#8221;0&#8243; global_colors_info=&#8221;{}&#8221; use_background_color_gradient=&#8221;off&#8221; sticky_enabled=&#8221;0&#8243;][\/et_pb_section]<\/p>\n","protected":false},"excerpt":{"rendered":"<p>\u25cb Utilizziamo PayPal o un bonifico bancario o direttamente una carta di credito\/debito.Se non hai un conto PayPal, dovresti comunque essere in grado di completare il pagamento cliccando su Paga con carta di debito o di credito come PayPal Guest Checkout (per alcuni paesi).Non possiamo fornire una garanzia perch\u00e9 tutti gli alveari sono diversi. I [&hellip;]<\/p>\n","protected":false},"author":1,"featured_media":0,"parent":0,"menu_order":0,"comment_status":"closed","ping_status":"closed","template":"","meta":{"_et_pb_use_builder":"on","_et_pb_old_content":"","_et_gb_content_width":"","footnotes":""},"class_list":["post-7477","page","type-page","status-publish","hentry"],"aioseo_notices":[],"_links":{"self":[{"href":"https:\/\/www.beewhisper.com\/it\/wp-json\/wp\/v2\/pages\/7477","targetHints":{"allow":["GET"]}}],"collection":[{"href":"https:\/\/www.beewhisper.com\/it\/wp-json\/wp\/v2\/pages"}],"about":[{"href":"https:\/\/www.beewhisper.com\/it\/wp-json\/wp\/v2\/types\/page"}],"author":[{"embeddable":true,"href":"https:\/\/www.beewhisper.com\/it\/wp-json\/wp\/v2\/users\/1"}],"replies":[{"embeddable":true,"href":"https:\/\/www.beewhisper.com\/it\/wp-json\/wp\/v2\/comments?post=7477"}],"version-history":[{"count":6,"href":"https:\/\/www.beewhisper.com\/it\/wp-json\/wp\/v2\/pages\/7477\/revisions"}],"predecessor-version":[{"id":7555,"href":"https:\/\/www.beewhisper.com\/it\/wp-json\/wp\/v2\/pages\/7477\/revisions\/7555"}],"wp:attachment":[{"href":"https:\/\/www.beewhisper.com\/it\/wp-json\/wp\/v2\/media?parent=7477"}],"curies":[{"name":"wp","href":"https:\/\/api.w.org\/{rel}","templated":true}]}}