{"id":7348,"date":"2023-09-20T13:23:00","date_gmt":"2023-09-20T11:23:00","guid":{"rendered":"https:\/\/www.beewhisper.com\/faq\/"},"modified":"2025-02-20T11:21:27","modified_gmt":"2025-02-20T09:21:27","slug":"faq","status":"publish","type":"page","link":"https:\/\/www.beewhisper.com\/fr\/faq\/","title":{"rendered":"FAQ"},"content":{"rendered":"<p>[et_pb_section fb_built=\u00a0\u00bb1&Prime; prev_background_color=\u00a0\u00bb#ffffff\u00a0\u00bb _builder_version=\u00a0\u00bb4.27.2&Prime; _module_preset=\u00a0\u00bbdefault\u00a0\u00bb background_image=\u00a0\u00bbhttps:\/\/www.beewhisper.com\/wp-content\/uploads\/2023\/08\/Untitled-14.jpg\u00a0\u00bb background_size=\u00a0\u00bbcontain\u00a0\u00bb width=\u00a0\u00bb100%\u00a0\u00bb max_width=\u00a0\u00bb100%\u00a0\u00bb min_height=\u00a0\u00bb368px\u00a0\u00bb custom_margin=\u00a0\u00bb||3px|||\u00a0\u00bb custom_padding=\u00a0\u00bb0px||0px|||\u00a0\u00bb top_divider_style=\u00a0\u00bbnone\u00a0\u00bb hover_enabled=\u00a0\u00bb0&Prime; background_last_edited=\u00a0\u00bbon|desktop\u00a0\u00bb parallax_tablet=\u00a0\u00bboff\u00a0\u00bb parallax_phone=\u00a0\u00bboff\u00a0\u00bb background_size_tablet=\u00a0\u00bbcontain\u00a0\u00bb background_size_phone=\u00a0\u00bbcontain\u00a0\u00bb background_image_width_phone=\u00a0\u00bb0%\u00a0\u00bb global_colors_info=\u00a0\u00bb{}\u00a0\u00bb background_enable_color=\u00a0\u00bboff\u00a0\u00bb use_background_color_gradient=\u00a0\u00bboff\u00a0\u00bb sticky_enabled=\u00a0\u00bb0&Prime;][\/et_pb_section][et_pb_section fb_built=\u00a0\u00bb1&Prime; _builder_version=\u00a0\u00bb4.27.2&Prime; _module_preset=\u00a0\u00bbdefault\u00a0\u00bb background_enable_image=\u00a0\u00bboff\u00a0\u00bb min_height=\u00a0\u00bb431.1px\u00a0\u00bb custom_margin=\u00a0\u00bb1px|||||\u00a0\u00bb custom_padding=\u00a0\u00bb8px|||||\u00a0\u00bb hover_enabled=\u00a0\u00bb0&Prime; global_colors_info=\u00a0\u00bb{}\u00a0\u00bb background_enable_color=\u00a0\u00bboff\u00a0\u00bb use_background_color_gradient=\u00a0\u00bboff\u00a0\u00bb sticky_enabled=\u00a0\u00bb0&Prime;][et_pb_row _builder_version=\u00a0\u00bb4.22.1&Prime; _module_preset=\u00a0\u00bbdefault\u00a0\u00bb custom_margin=\u00a0\u00bb-3px|auto||auto||\u00a0\u00bb custom_padding=\u00a0\u00bb0px||12px|||\u00a0\u00bb global_colors_info=\u00a0\u00bb{}\u00a0\u00bb][et_pb_column type=\u00a0\u00bb4_4&Prime; _builder_version=\u00a0\u00bb4.22.1&Prime; _module_preset=\u00a0\u00bbdefault\u00a0\u00bb global_colors_info=\u00a0\u00bb{}\u00a0\u00bb][et_pb_heading title=\u00a0\u00bbQuestions fr\u00e9quemment pos\u00e9es\u00a0\u00bb _builder_version=\u00a0\u00bb4.22.1&Prime; _module_preset=\u00a0\u00bbdefault\u00a0\u00bb title_font=\u00a0\u00bbVerdana||||||||\u00a0\u00bb title_text_align=\u00a0\u00bbcenter\u00a0\u00bb title_text_color=\u00a0\u00bb#000000&Prime; title_font_size=\u00a0\u00bb53px\u00a0\u00bb title_font_size_tablet=\u00a0\u00bb53px\u00a0\u00bb title_font_size_phone=\u00a0\u00bb35px\u00a0\u00bb title_font_size_last_edited=\u00a0\u00bbon|phone\u00a0\u00bb title_text_shadow_style=\u00a0\u00bbpreset1&Prime; global_colors_info=\u00a0\u00bb{}\u00a0\u00bb][\/et_pb_heading][\/et_pb_column][\/et_pb_row][et_pb_row column_structure=\u00a0\u00bb1_2,1_2&Prime; _builder_version=\u00a0\u00bb4.22.1&Prime; _module_preset=\u00a0\u00bbdefault\u00a0\u00bb min_height=\u00a0\u00bb297px\u00a0\u00bb custom_margin=\u00a0\u00bb0px|auto||auto||\u00a0\u00bb global_colors_info=\u00a0\u00bb{}\u00a0\u00bb][et_pb_column type=\u00a0\u00bb1_2&Prime; _builder_version=\u00a0\u00bb4.22.1&Prime; _module_preset=\u00a0\u00bbdefault\u00a0\u00bb global_colors_info=\u00a0\u00bb{}\u00a0\u00bb][et_pb_toggle title=\u00a0\u00bbQuelles sont les possibilit\u00e9s de paiement ?\u00a0\u00bb icon_color=\u00a0\u00bb#000000&Prime; _builder_version=\u00a0\u00bb4.23.1&Prime; _module_preset=\u00a0\u00bbdefault\u00a0\u00bb background_color=\u00a0\u00bb#efefef\u00a0\u00bb width=\u00a0\u00bb100%\u00a0\u00bb border_width_all=\u00a0\u00bb0px\u00a0\u00bb box_shadow_style=\u00a0\u00bbpreset1&Prime; global_colors_info=\u00a0\u00bb{}\u00a0\u00bb]<\/p>\n<p>Nous utilisons PayPal ou un virement bancaire ou directement une carte de cr\u00e9dit\/d\u00e9bit.<br \/>\u25cb Si vous n&rsquo;avez pas de compte PayPal, vous devriez quand m\u00eame pouvoir effectuer le paiement en cliquant sur Pay with Debit or Credit Card as PayPal Guest Checkout (pour certains pays).<\/p>\n<p>[\/et_pb_toggle][et_pb_toggle title=\u00a0\u00bbQuelle quantit\u00e9 de venin d&#039;abeille est produite par un collecteur de venin d&#039;abeille en 45 minutes ?\u00a0\u00bb icon_color=\u00a0\u00bb#000000&Prime; _builder_version=\u00a0\u00bb4.23.1&Prime; _module_preset=\u00a0\u00bbdefault\u00a0\u00bb background_color=\u00a0\u00bb#efefef\u00a0\u00bb width=\u00a0\u00bb100%\u00a0\u00bb border_width_all=\u00a0\u00bb0px\u00a0\u00bb box_shadow_style=\u00a0\u00bbpreset1&Prime; global_colors_info=\u00a0\u00bb{}\u00a0\u00bb]<\/p>\n<p>Nous ne pouvons pas fournir de garantie car toutes les ruches sont diff\u00e9rentes. Nos tests pluriannuels montrent les r\u00e9sultats suivants :<br \/>\u25cb 0,03 gramme \u00e0 0,09 gramme.<br \/>\u25cb La quantit\u00e9 de venin d&rsquo;abeille d\u00e9pend de la sant\u00e9 et de la force de la ruche. D\u00e9pend de la temp\u00e9rature ext\u00e9rieure et de la saison.Parfois, mais rarement, il faut frapper sur la ruche pour faire sortir plus d&rsquo;abeilles.  <\/p>\n<p>[\/et_pb_toggle][et_pb_toggle title=\u00a0\u00bbPuis-je, une fois par jour, gratter le venin d&#039;abeille sur le verre ?\u00a0\u00bb icon_color=\u00a0\u00bb#000000&Prime; _builder_version=\u00a0\u00bb4.22.2&Prime; _module_preset=\u00a0\u00bbdefault\u00a0\u00bb background_color=\u00a0\u00bb#efefef\u00a0\u00bb width=\u00a0\u00bb100%\u00a0\u00bb border_width_all=\u00a0\u00bb0px\u00a0\u00bb box_shadow_style=\u00a0\u00bbpreset1&Prime; global_colors_info=\u00a0\u00bb{}\u00a0\u00bb]<\/p>\n<p>Le venin d&rsquo;abeille ne doit pas \u00eatre expos\u00e9 plus que n\u00e9cessaire \u00e0 la lumi\u00e8re du soleil. Plus la dur\u00e9e est courte, mieux c&rsquo;est.  <\/p>\n<p>[\/et_pb_toggle][et_pb_toggle title=\u00a0\u00bbQuand obtient-on le meilleur r\u00e9sultat ?\u00a0\u00bb icon_color=\u00a0\u00bb#000000&Prime; _builder_version=\u00a0\u00bb4.22.2&Prime; _module_preset=\u00a0\u00bbdefault\u00a0\u00bb background_color=\u00a0\u00bb#efefef\u00a0\u00bb width=\u00a0\u00bb100%\u00a0\u00bb border_width_all=\u00a0\u00bb0px\u00a0\u00bb box_shadow_style=\u00a0\u00bbpreset1&Prime; global_colors_info=\u00a0\u00bb{}\u00a0\u00bb]<\/p>\n<p>\u25cb Les meilleurs r\u00e9sultats sont obtenus lorsque vous utilisez un collecteur pendant environ 45 minutes dans une ruche, puis que cette ruche se repose pendant environ 1 \u00e0 2 heures. Pendant ce temps, vous pouvez utiliser le collecteur pour une autre ruche. <\/p>\n<p>[\/et_pb_toggle][et_pb_toggle title=\u00a0\u00bbComment les fils s&#039;\u00e9tirent-ils sur le collecteur de venin d&#039;abeille ?\u00a0\u00bb icon_color=\u00a0\u00bb#000000&Prime; _builder_version=\u00a0\u00bb4.22.2&Prime; _module_preset=\u00a0\u00bbdefault\u00a0\u00bb background_color=\u00a0\u00bb#efefef\u00a0\u00bb width=\u00a0\u00bb100%\u00a0\u00bb border_width_all=\u00a0\u00bb0px\u00a0\u00bb box_shadow_style=\u00a0\u00bbpreset1&Prime; global_colors_info=\u00a0\u00bb{}\u00a0\u00bb]<\/p>\n<p>\u25cb \u00c0 l&rsquo;aide d&rsquo;une pince \u00e0 bouts pointus, serrez le fil de travail \u00e0 son extr\u00e9mit\u00e9. La pince doit \u00eatre serr\u00e9e \u00e0 4-8 mm du fil. On voit sur l&rsquo;appareil combien et comment les fils sont tordus \u00e0 l&rsquo;origine. Tordez le fil tr\u00e8s soigneusement pendant qu&rsquo;il s&rsquo;\u00e9tire. Veillez \u00e0 ne pas casser le fil. La rupture du fil, dont l&rsquo;\u00e9paisseur est de 0,7 mm, n&rsquo;est pas couverte par la garantie.     <\/p>\n<p>[\/et_pb_toggle][et_pb_toggle title=\u00a0\u00bbQuand faut-il changer la pile du Bee Venom Collector BeeWhisper ?\u00a0\u00bb icon_color=\u00a0\u00bb#000000&Prime; _builder_version=\u00a0\u00bb4.22.2&Prime; _module_preset=\u00a0\u00bbdefault\u00a0\u00bb background_color=\u00a0\u00bb#efefef\u00a0\u00bb width=\u00a0\u00bb100%\u00a0\u00bb border_width_all=\u00a0\u00bb0px\u00a0\u00bb box_shadow_style=\u00a0\u00bbpreset1&Prime; global_colors_info=\u00a0\u00bb{}\u00a0\u00bb]<\/p>\n<p>Quand faut-il changer la pile du Bee Venom Collector BeeWhisper ?<\/p>\n<p>[\/et_pb_toggle][et_pb_toggle title=\u00a0\u00bbQuelles piles dois-je utiliser ?\u00a0\u00bb icon_color=\u00a0\u00bb#000000&Prime; _builder_version=\u00a0\u00bb4.22.2&Prime; _module_preset=\u00a0\u00bbdefault\u00a0\u00bb background_color=\u00a0\u00bb#efefef\u00a0\u00bb width=\u00a0\u00bb100%\u00a0\u00bb border_width_all=\u00a0\u00bb0px\u00a0\u00bb box_shadow_style=\u00a0\u00bbpreset1&Prime; global_colors_info=\u00a0\u00bb{}\u00a0\u00bb]<\/p>\n<p>\u25cb Utilisez 2 piles de type AA (R06, R6).<br \/>\u25cb Utilisez des piles alcalines.<br \/>\u25cb N&rsquo;utilisez que des piles de qualit\u00e9 sup\u00e9rieure. Si vous utilisez des piles de mauvaise qualit\u00e9, elles peuvent fuir et endommager le collecteur. <\/p>\n<p>[\/et_pb_toggle][et_pb_toggle title=\u00a0\u00bbComment stocker l&#039;appareil apr\u00e8s la fin de la saison ?\u00a0\u00bb icon_color=\u00a0\u00bb#000000&Prime; _builder_version=\u00a0\u00bb4.22.2&Prime; _module_preset=\u00a0\u00bbdefault\u00a0\u00bb background_color=\u00a0\u00bb#efefef\u00a0\u00bb width=\u00a0\u00bb100%\u00a0\u00bb border_width_all=\u00a0\u00bb0px\u00a0\u00bb box_shadow_style=\u00a0\u00bbpreset1&Prime; global_colors_info=\u00a0\u00bb{}\u00a0\u00bb]<\/p>\n<p>\u25cb \u00c9teignez le collecteur \u00e0 l&rsquo;aide de la cl\u00e9.<br \/>\u25cb Retirez les piles.<br \/>\u25cb Nettoyez le plan de travail de l&rsquo;appareil.<br \/>\u25cb Conservez l&rsquo;appareil dans un endroit sec \u00e0 une temp\u00e9rature comprise entre -15 et +45 degr\u00e9s.<\/p>\n<p>[\/et_pb_toggle][et_pb_toggle title=\u00a0\u00bbQue faire si la LED rouge clignote 6 fois &#8211; pause &#8211; 6 fois ?\u00a0\u00bb icon_color=\u00a0\u00bb#000000&Prime; _builder_version=\u00a0\u00bb4.22.2&Prime; _module_preset=\u00a0\u00bbdefault\u00a0\u00bb background_color=\u00a0\u00bb#efefef\u00a0\u00bb width=\u00a0\u00bb100%\u00a0\u00bb border_width_all=\u00a0\u00bb0px\u00a0\u00bb box_shadow_style=\u00a0\u00bbpreset1&Prime; global_colors_info=\u00a0\u00bb{}\u00a0\u00bb]<\/p>\n<p>\u25cb Les impulsions de travail sont en dehors de la plage.<br \/>\u25cb Contactez-nous<\/p>\n<p>[\/et_pb_toggle][et_pb_toggle title=\u00a0\u00bbQue faire si le voyant vert clignote tr\u00e8s rapidement et ne s&#039;arr\u00eate pas de clignoter rapidement au bout de quelques minutes ?\u00a0\u00bb icon_color=\u00a0\u00bb#000000&Prime; _builder_version=\u00a0\u00bb4.22.2&Prime; _module_preset=\u00a0\u00bbdefault\u00a0\u00bb background_color=\u00a0\u00bb#efefef\u00a0\u00bb width=\u00a0\u00bb100%\u00a0\u00bb border_width_all=\u00a0\u00bb0px\u00a0\u00bb box_shadow_style=\u00a0\u00bbpreset1&Prime; global_colors_info=\u00a0\u00bb{}\u00a0\u00bb]<\/p>\n<p>Cela signifie qu&rsquo;il y a beaucoup d&rsquo;humidit\u00e9 sur l&rsquo;appareil. Ou aux extr\u00e9mit\u00e9s des conducteurs, l\u00e0 o\u00f9 ils sont soud\u00e9s sur la face inf\u00e9rieure, au bord du verre, il y a des salet\u00e9s.<br \/>S\u00e9chez l&rsquo;appareil<br \/>Nettoyez les salet\u00e9s l\u00e0 o\u00f9 se trouvent les extr\u00e9mit\u00e9s du verre. Vous pouvez utiliser une brosse ou un aspirateur.<br \/>Remplacez les piles (si l&rsquo;autre ne suffit pas).  <\/p>\n<p>[\/et_pb_toggle][et_pb_toggle title=\u00a0\u00bbComment monter le support fix\u00e9 sur l&#039;ensemble ? ( beeWhisper 5.0 et beeWhisper 5.5 uniquement )   \u00a0\u00bb icon_color=\u00a0\u00bb#000000&Prime; _builder_version=\u00a0\u00bb4.22.2&Prime; _module_preset=\u00a0\u00bbdefault\u00a0\u00bb background_color=\u00a0\u00bb#efefef\u00a0\u00bb width=\u00a0\u00bb100%\u00a0\u00bb border_width_all=\u00a0\u00bb0px\u00a0\u00bb box_shadow_style=\u00a0\u00bbpreset1&Prime; global_colors_info=\u00a0\u00bb{}\u00a0\u00bb]<\/p>\n<p>\u25cb Dans la caisse en bois, de l&rsquo;avant, il y a deux trous dans lesquels le support est ins\u00e9r\u00e9. Ils sont perc\u00e9s de mani\u00e8re inclin\u00e9e, afin que l&rsquo;attache, une fois ins\u00e9r\u00e9e dans ces trous, ne ressorte pas facilement seule. Ins\u00e9rez d&rsquo;abord une extr\u00e9mit\u00e9 de la pince en la tournant l\u00e9g\u00e8rement, puis ins\u00e9rez l&rsquo;autre extr\u00e9mit\u00e9.  <\/p>\n<p>[\/et_pb_toggle][et_pb_toggle title=\u00a0\u00bbDois-je \u00e9teindre le collecteur de venin d&#039;abeille lorsqu&#039;il s&#039;\u00e9teint automatiquement ?\u00a0\u00bb icon_color=\u00a0\u00bb#000000&Prime; _builder_version=\u00a0\u00bb4.22.2&Prime; _module_preset=\u00a0\u00bbdefault\u00a0\u00bb background_color=\u00a0\u00bb#efefef\u00a0\u00bb width=\u00a0\u00bb100%\u00a0\u00bb border_width_all=\u00a0\u00bb0px\u00a0\u00bb box_shadow_style=\u00a0\u00bbpreset1&Prime; global_colors_info=\u00a0\u00bb{}\u00a0\u00bb]<\/p>\n<p>\u25cb Pour le remettre en marche, il faut d&rsquo;abord l&rsquo;\u00e9teindre.<br \/>\u25cb \u00c9teignez la cl\u00e9 \u00e0 la fin de la journ\u00e9e.<br \/>\u25cb Lorsque vous rangez l&rsquo;appareil pour une longue p\u00e9riode, \u00e9teignez toujours l&rsquo;interrupteur.<\/p>\n<p>[\/et_pb_toggle][\/et_pb_column][et_pb_column type=\u00a0\u00bb1_2&Prime; _builder_version=\u00a0\u00bb4.22.1&Prime; _module_preset=\u00a0\u00bbdefault\u00a0\u00bb global_colors_info=\u00a0\u00bb{}\u00a0\u00bb][et_pb_toggle title=\u00a0\u00bbLe collecteur de venin d&#039;abeille BeeWhisper, est-il \u00e9quip\u00e9 d&#039;une alimentation externe et de c\u00e2bles suppl\u00e9mentaires ?\u00a0\u00bb icon_color=\u00a0\u00bb#000000&Prime; _builder_version=\u00a0\u00bb4.22.2&Prime; _module_preset=\u00a0\u00bbdefault\u00a0\u00bb background_color=\u00a0\u00bb#efefef\u00a0\u00bb width=\u00a0\u00bb100%\u00a0\u00bb border_width_all=\u00a0\u00bb0px\u00a0\u00bb box_shadow_style=\u00a0\u00bbpreset1&Prime; global_colors_info=\u00a0\u00bb{}\u00a0\u00bb]<\/p>\n<p>\u25cb Non.<br \/>\u25cb Tout est dans le collecteur lui-m\u00eame.<\/p>\n<p>[\/et_pb_toggle][et_pb_toggle title=\u00a0\u00bbQuand le venin d&#039;abeille est-il enlev\u00e9 du verre ?\u00a0\u00bb icon_color=\u00a0\u00bb#000000&Prime; _builder_version=\u00a0\u00bb4.22.2&Prime; _module_preset=\u00a0\u00bbdefault\u00a0\u00bb background_color=\u00a0\u00bb#efefef\u00a0\u00bb width=\u00a0\u00bb100%\u00a0\u00bb border_width_all=\u00a0\u00bb0px\u00a0\u00bb box_shadow_style=\u00a0\u00bbpreset1&Prime; global_colors_info=\u00a0\u00bb{}\u00a0\u00bb]<\/p>\n<p>\u25cb Apr\u00e8s avoir retir\u00e9 le collecteur de venin de la ruche, enlevez le verre et grattez imm\u00e9diatement le venin d&rsquo;abeille.<\/p>\n<p>[\/et_pb_toggle][et_pb_toggle title=\u00a0\u00bbCombien de ruches puis-je desservir avec un seul appareil ?\u00a0\u00bb icon_color=\u00a0\u00bb#000000&Prime; _builder_version=\u00a0\u00bb4.22.2&Prime; _module_preset=\u00a0\u00bbdefault\u00a0\u00bb background_color=\u00a0\u00bb#efefef\u00a0\u00bb width=\u00a0\u00bb100%\u00a0\u00bb border_width_all=\u00a0\u00bb0px\u00a0\u00bb box_shadow_style=\u00a0\u00bbpreset1&Prime; global_colors_info=\u00a0\u00bb{}\u00a0\u00bb]<\/p>\n<p>Une \u00e0 trois ruches successives.<\/p>\n<p>[\/et_pb_toggle][et_pb_toggle title=\u00a0\u00bbLa collecte de venin d&#039;abeille est-elle pr\u00e9judiciable \u00e0 la sant\u00e9 des abeilles ?\u00a0\u00bb icon_color=\u00a0\u00bb#000000&Prime; _builder_version=\u00a0\u00bb4.22.2&Prime; _module_preset=\u00a0\u00bbdefault\u00a0\u00bb background_color=\u00a0\u00bb#efefef\u00a0\u00bb width=\u00a0\u00bb100%\u00a0\u00bb border_width_all=\u00a0\u00bb0px\u00a0\u00bb box_shadow_style=\u00a0\u00bbpreset1&Prime; global_colors_info=\u00a0\u00bb{}\u00a0\u00bb]<\/p>\n<p>\u25cb Il n&rsquo;y a pas de donn\u00e9es et d&rsquo;observations sur la d\u00e9t\u00e9rioration de la sant\u00e9 et de la force de la famille des abeilles.  <br \/>Les impulsions qui irritent les abeilles sont extr\u00eamement faibles, mais suffisantes pour que les abeilles commencent \u00e0 battre. Vous pouvez juger de la s\u00e9curit\u00e9 de l&rsquo;appareil : notre collecteur fonctionne uniquement avec 2 piles de type AA, 1,5 volts. Et avec ces piles, l&rsquo;appareil peut fonctionner jusqu&rsquo;\u00e0 5 mois par jour ouvrable. Vous pouvez juger de la faible quantit\u00e9 de courant et d&rsquo;\u00e9nergie consomm\u00e9e par les abeilles. Contrairement aux appareils de tiers qui fonctionnent avec des g\u00e9n\u00e9rateurs et des blocs d&rsquo;alimentation externes.    <\/p>\n<p>[\/et_pb_toggle][et_pb_toggle title=\u00a0\u00bbQuand et comment nettoyer les fils de travail ?\u00a0\u00bb icon_color=\u00a0\u00bb#000000&Prime; _builder_version=\u00a0\u00bb4.22.2&Prime; _module_preset=\u00a0\u00bbdefault\u00a0\u00bb background_color=\u00a0\u00bb#efefef\u00a0\u00bb width=\u00a0\u00bb100%\u00a0\u00bb border_width_all=\u00a0\u00bb0px\u00a0\u00bb box_shadow_style=\u00a0\u00bbpreset1&Prime; global_colors_info=\u00a0\u00bb{}\u00a0\u00bb]<\/p>\n<p>\u25cb \u00c0 la fin de chaque jour ouvrable.<br \/>\u25cb Avec de l&rsquo;alcool ou une lingette imbib\u00e9e d&rsquo;alcool.<br \/>\u25cb Ou avec un chiffon mouill\u00e9 pour les lunettes.<\/p>\n<p>[\/et_pb_toggle][et_pb_toggle title=\u00a0\u00bbComment changer les piles ?\u00a0\u00bb icon_color=\u00a0\u00bb#000000&Prime; _builder_version=\u00a0\u00bb4.22.2&Prime; _module_preset=\u00a0\u00bbdefault\u00a0\u00bb background_color=\u00a0\u00bb#efefef\u00a0\u00bb width=\u00a0\u00bb100%\u00a0\u00bb border_width_all=\u00a0\u00bb0px\u00a0\u00bb box_shadow_style=\u00a0\u00bbpreset1&Prime; global_colors_info=\u00a0\u00bb{}\u00a0\u00bb]<\/p>\n<p>\u25cb Les piles se trouvent sur la face inf\u00e9rieure de l&rsquo;appareil, sous le couvercle charg\u00e9 de piles.<br \/>\u25cb \u00c0 l&rsquo;aide d&rsquo;un tournevis, d\u00e9vissez les vis du capuchon et retirez-le.<br \/>\u25cb Retirez les piles.<br \/>\u25cb Ins\u00e9rez les nouvelles piles en veillant \u00e0 les orienter correctement.<\/p>\n<p>[\/et_pb_toggle][et_pb_toggle title=\u00a0\u00bbPuis-je utiliser des piles rechargeables de taille AA, 1,2 V ?\u00a0\u00bb icon_color=\u00a0\u00bb#000000&Prime; _builder_version=\u00a0\u00bb4.22.2&Prime; _module_preset=\u00a0\u00bbdefault\u00a0\u00bb background_color=\u00a0\u00bb#efefef\u00a0\u00bb width=\u00a0\u00bb100%\u00a0\u00bb border_width_all=\u00a0\u00bb0px\u00a0\u00bb box_shadow_style=\u00a0\u00bbpreset1&Prime; global_colors_info=\u00a0\u00bb{}\u00a0\u00bb]<\/p>\n<p>Les piles rechargeables ont une tension plus faible. (2x 1,2V=2,4 V) . Le Bee Venom Collector BeeWhisper fonctionne avec une tension de 2,4 V \u00e0 3,5 V.   <\/p>\n<p>[\/et_pb_toggle][et_pb_toggle title=\u00a0\u00bbCombien de temps puis-je travailler avec un bloc-batterie ?\u00a0\u00bb icon_color=\u00a0\u00bb#000000&Prime; _builder_version=\u00a0\u00bb4.22.2&Prime; _module_preset=\u00a0\u00bbdefault\u00a0\u00bb background_color=\u00a0\u00bb#efefef\u00a0\u00bb width=\u00a0\u00bb100%\u00a0\u00bb border_width_all=\u00a0\u00bb0px\u00a0\u00bb box_shadow_style=\u00a0\u00bbpreset1&Prime; global_colors_info=\u00a0\u00bb{}\u00a0\u00bb]<\/p>\n<p>Jusqu&rsquo;\u00e0 4-5 mois, en fonction des piles.<\/p>\n<p>[\/et_pb_toggle][et_pb_toggle title=\u00a0\u00bbComment nettoyer l&#039;unit\u00e9 sous les fils de la poussi\u00e8re et des petits morceaux ?\u00a0\u00bb icon_color=\u00a0\u00bb#000000&Prime; _builder_version=\u00a0\u00bb4.22.2&Prime; _module_preset=\u00a0\u00bbdefault\u00a0\u00bb background_color=\u00a0\u00bb#efefef\u00a0\u00bb width=\u00a0\u00bb100%\u00a0\u00bb border_width_all=\u00a0\u00bb0px\u00a0\u00bb box_shadow_style=\u00a0\u00bbpreset1&Prime; global_colors_info=\u00a0\u00bb{}\u00a0\u00bb]<\/p>\n<p>Le mieux est d&rsquo;utiliser une brosse ou un aspirateur. Nettoyez ensuite l&rsquo;aspirateur avec de l&rsquo;alcool et jetez le r\u00e9cipient. Lavez la brosse avec de l&rsquo;alcool.  <\/p>\n<p>[\/et_pb_toggle][et_pb_toggle title=\u00a0\u00bbQue faire si le voyant rouge clignote trois fois &#8211; fait une pause &#8211; trois fois ?\u00a0\u00bb icon_color=\u00a0\u00bb#000000&Prime; _builder_version=\u00a0\u00bb4.22.2&Prime; _module_preset=\u00a0\u00bbdefault\u00a0\u00bb background_color=\u00a0\u00bb#efefef\u00a0\u00bb width=\u00a0\u00bb100%\u00a0\u00bb border_width_all=\u00a0\u00bb0px\u00a0\u00bb box_shadow_style=\u00a0\u00bbpreset1&Prime; global_colors_info=\u00a0\u00bb{}\u00a0\u00bb]<\/p>\n<p>Cela signifie que les piles sont \u00e9puis\u00e9es. Remplacez les piles. <\/p>\n<p>[\/et_pb_toggle][et_pb_toggle title=\u00a0\u00bbQue faire si le voyant rouge s&#039;allume en permanence ?\u00a0\u00bb icon_color=\u00a0\u00bb#000000&Prime; _builder_version=\u00a0\u00bb4.22.2&Prime; _module_preset=\u00a0\u00bbdefault\u00a0\u00bb background_color=\u00a0\u00bb#efefef\u00a0\u00bb width=\u00a0\u00bb100%\u00a0\u00bb border_width_all=\u00a0\u00bb0px\u00a0\u00bb box_shadow_style=\u00a0\u00bbpreset1&Prime; global_colors_info=\u00a0\u00bb{}\u00a0\u00bb]<\/p>\n<p>Cela signifie que deux fils adjacents se touchent.<br \/>\u00c9cartez les fils. Etirez les fils. <\/p>\n<p>[\/et_pb_toggle][et_pb_toggle title=\u00a0\u00bbQue signifie le fait que le voyant vert clignote lentement, mais que le voyant rouge clignote en m\u00eame temps ?\u00a0\u00bb icon_color=\u00a0\u00bb#000000&Prime; _builder_version=\u00a0\u00bb4.22.2&Prime; _module_preset=\u00a0\u00bbdefault\u00a0\u00bb background_color=\u00a0\u00bb#efefef\u00a0\u00bb width=\u00a0\u00bb100%\u00a0\u00bb border_width_all=\u00a0\u00bb0px\u00a0\u00bb box_shadow_style=\u00a0\u00bbpreset1&Prime; global_colors_info=\u00a0\u00bb{}\u00a0\u00bb]<\/p>\n<p>\u25cb Les piles doivent \u00eatre remplac\u00e9es rapidement. L&rsquo;appareil fonctionne toujours.<br \/>Remplacez les piles par des neuves si possible. <\/p>\n<p>[\/et_pb_toggle][et_pb_toggle title=\u00a0\u00bbQuelle est la fr\u00e9quence de nettoyage des fils de travail et que faut-il utiliser ?\u00a0\u00bb icon_color=\u00a0\u00bb#000000&Prime; _builder_version=\u00a0\u00bb4.22.2&Prime; _module_preset=\u00a0\u00bbdefault\u00a0\u00bb background_color=\u00a0\u00bb#efefef\u00a0\u00bb width=\u00a0\u00bb100%\u00a0\u00bb border_width_all=\u00a0\u00bb0px\u00a0\u00bb box_shadow_style=\u00a0\u00bbpreset1&Prime; global_colors_info=\u00a0\u00bb{}\u00a0\u00bb]<\/p>\n<p>\u00c0 la fin de chaque jour ouvrable. Utilisez du coton ou un chiffon imbib\u00e9 d&rsquo;alcool pour nettoyer les fils de travail. Jetez ensuite ce coton dans un endroit s\u00fbr. N&rsquo;endommagez pas la machine en cas de nettoyage fr\u00e9quent des fils.   <\/p>\n<p>[\/et_pb_toggle][\/et_pb_column][\/et_pb_row][\/et_pb_section][et_pb_section fb_built=\u00a0\u00bb1&Prime; _builder_version=\u00a0\u00bb4.27.2&Prime; _module_preset=\u00a0\u00bbdefault\u00a0\u00bb background_color=\u00a0\u00bb#d1d1d1&Prime; background_enable_image=\u00a0\u00bboff\u00a0\u00bb min_height=\u00a0\u00bb198px\u00a0\u00bb custom_margin=\u00a0\u00bb-27px|||||\u00a0\u00bb custom_padding=\u00a0\u00bb7px|||||\u00a0\u00bb hover_enabled=\u00a0\u00bb0&Prime; global_colors_info=\u00a0\u00bb{}\u00a0\u00bb use_background_color_gradient=\u00a0\u00bboff\u00a0\u00bb sticky_enabled=\u00a0\u00bb0&Prime;][\/et_pb_section]<\/p>\n","protected":false},"excerpt":{"rendered":"<p>Nous utilisons PayPal ou un virement bancaire ou directement une carte de cr\u00e9dit\/d\u00e9bit.\u25cb Si vous n&rsquo;avez pas de compte PayPal, vous devriez quand m\u00eame pouvoir effectuer le paiement en cliquant sur Pay with Debit or Credit Card as PayPal Guest Checkout (pour certains pays).Nous ne pouvons pas fournir de garantie car toutes les ruches sont [&hellip;]<\/p>\n","protected":false},"author":1,"featured_media":0,"parent":0,"menu_order":0,"comment_status":"closed","ping_status":"closed","template":"","meta":{"_et_pb_use_builder":"on","_et_pb_old_content":"","_et_gb_content_width":"","footnotes":""},"class_list":["post-7348","page","type-page","status-publish","hentry"],"aioseo_notices":[],"_links":{"self":[{"href":"https:\/\/www.beewhisper.com\/fr\/wp-json\/wp\/v2\/pages\/7348","targetHints":{"allow":["GET"]}}],"collection":[{"href":"https:\/\/www.beewhisper.com\/fr\/wp-json\/wp\/v2\/pages"}],"about":[{"href":"https:\/\/www.beewhisper.com\/fr\/wp-json\/wp\/v2\/types\/page"}],"author":[{"embeddable":true,"href":"https:\/\/www.beewhisper.com\/fr\/wp-json\/wp\/v2\/users\/1"}],"replies":[{"embeddable":true,"href":"https:\/\/www.beewhisper.com\/fr\/wp-json\/wp\/v2\/comments?post=7348"}],"version-history":[{"count":2,"href":"https:\/\/www.beewhisper.com\/fr\/wp-json\/wp\/v2\/pages\/7348\/revisions"}],"predecessor-version":[{"id":7359,"href":"https:\/\/www.beewhisper.com\/fr\/wp-json\/wp\/v2\/pages\/7348\/revisions\/7359"}],"wp:attachment":[{"href":"https:\/\/www.beewhisper.com\/fr\/wp-json\/wp\/v2\/media?parent=7348"}],"curies":[{"name":"wp","href":"https:\/\/api.w.org\/{rel}","templated":true}]}}