{"id":7346,"date":"2023-10-17T08:11:42","date_gmt":"2023-10-17T06:11:42","guid":{"rendered":"https:\/\/www.beewhisper.com\/les-medias\/"},"modified":"2025-02-20T11:21:26","modified_gmt":"2025-02-20T09:21:26","slug":"les-medias","status":"publish","type":"page","link":"https:\/\/www.beewhisper.com\/fr\/les-medias\/","title":{"rendered":"Les m\u00e9dias"},"content":{"rendered":"<p>[et_pb_section fb_built=\u00a0\u00bb1&Prime; _builder_version=\u00a0\u00bb4.27.2&Prime; _module_preset=\u00a0\u00bbdefault\u00a0\u00bb background_enable_color=\u00a0\u00bboff\u00a0\u00bb use_background_color_gradient=\u00a0\u00bboff\u00a0\u00bb background_enable_image=\u00a0\u00bboff\u00a0\u00bb global_colors_info=\u00a0\u00bb{}\u00a0\u00bb][et_pb_row _builder_version=\u00a0\u00bb4.22.2&Prime; _module_preset=\u00a0\u00bbdefault\u00a0\u00bb global_colors_info=\u00a0\u00bb{}\u00a0\u00bb][et_pb_column type=\u00a0\u00bb4_4&Prime; _builder_version=\u00a0\u00bb4.22.2&Prime; _module_preset=\u00a0\u00bbdefault\u00a0\u00bb global_colors_info=\u00a0\u00bb{}\u00a0\u00bb][et_pb_gallery gallery_ids=\u00a0\u00bb5972,5973,5974,5975,5976,5977,5978,5979,5980,5981,5982,5983,5984,5985,5986,5987,5988,5989,5990,5991,5992,5993,5994,5995,5996,5998,5999,6000,6001,6002,6003,6004,6005,6006&Prime; posts_number=\u00a0\u00bb8&Prime; _builder_version=\u00a0\u00bb4.23.1&Prime; _module_preset=\u00a0\u00bbdefault\u00a0\u00bb title_text_color=\u00a0\u00bb#000000&Prime; title_font_size=\u00a0\u00bb2px\u00a0\u00bb title_font_tablet=\u00a0\u00bb\u00a0\u00bb title_font_phone=\u00a0\u00bb\u00a0\u00bb title_font_last_edited=\u00a0\u00bbon|desktop\u00a0\u00bb global_colors_info=\u00a0\u00bb{}\u00a0\u00bb][\/et_pb_gallery][\/et_pb_column][\/et_pb_row][et_pb_row _builder_version=\u00a0\u00bb4.27.0&Prime; _module_preset=\u00a0\u00bbdefault\u00a0\u00bb global_colors_info=\u00a0\u00bb{}\u00a0\u00bb][et_pb_column type=\u00a0\u00bb4_4&Prime; _builder_version=\u00a0\u00bb4.27.0&Prime; _module_preset=\u00a0\u00bbdefault\u00a0\u00bb global_colors_info=\u00a0\u00bb{}\u00a0\u00bb][et_pb_text _builder_version=\u00a0\u00bb4.27.0&Prime; _module_preset=\u00a0\u00bbdefault\u00a0\u00bb global_colors_info=\u00a0\u00bb{}\u00a0\u00bb]<\/p>\n<h3>Appareil de d\u00e9ballage beeWhisper.<\/h3>\n<p>[\/et_pb_text][\/et_pb_column][\/et_pb_row][et_pb_row column_structure=\u00a0\u00bb1_3,1_3,1_3&Prime; _builder_version=\u00a0\u00bb4.22.2&Prime; _module_preset=\u00a0\u00bbdefault\u00a0\u00bb global_colors_info=\u00a0\u00bb{}\u00a0\u00bb][et_pb_column type=\u00a0\u00bb1_3&Prime; _builder_version=\u00a0\u00bb4.22.2&Prime; _module_preset=\u00a0\u00bbdefault\u00a0\u00bb global_colors_info=\u00a0\u00bb{}\u00a0\u00bb][et_pb_video src=\u00a0\u00bbhttps:\/\/www.beewhisper.com\/wp-content\/uploads\/2023\/10\/beeWhisper-6.0-Unboxing.mp4&Prime; image_src=\u00a0\u00bbhttps:\/\/www.beewhisper.com\/wp-content\/uploads\/2023\/10\/beeWhisper-6.0-Unboxing.mp4-\u200e-Photos.jpg\u00a0\u00bb _builder_version=\u00a0\u00bb4.22.2&Prime; _module_preset=\u00a0\u00bbdefault\u00a0\u00bb global_colors_info=\u00a0\u00bb{}\u00a0\u00bb][\/et_pb_video][\/et_pb_column][et_pb_column type=\u00a0\u00bb1_3&Prime; _builder_version=\u00a0\u00bb4.22.2&Prime; _module_preset=\u00a0\u00bbdefault\u00a0\u00bb global_colors_info=\u00a0\u00bb{}\u00a0\u00bb][\/et_pb_column][et_pb_column type=\u00a0\u00bb1_3&Prime; _builder_version=\u00a0\u00bb4.22.2&Prime; _module_preset=\u00a0\u00bbdefault\u00a0\u00bb global_colors_info=\u00a0\u00bb{}\u00a0\u00bb][\/et_pb_column][\/et_pb_row][et_pb_row _builder_version=\u00a0\u00bb4.27.0&Prime; _module_preset=\u00a0\u00bbdefault\u00a0\u00bb global_colors_info=\u00a0\u00bb{}\u00a0\u00bb][et_pb_column type=\u00a0\u00bb4_4&Prime; _builder_version=\u00a0\u00bb4.27.0&Prime; _module_preset=\u00a0\u00bbdefault\u00a0\u00bb global_colors_info=\u00a0\u00bb{}\u00a0\u00bb][et_pb_text _builder_version=\u00a0\u00bb4.27.3&Prime; _module_preset=\u00a0\u00bbdefault\u00a0\u00bb hover_enabled=\u00a0\u00bb0&Prime; global_colors_info=\u00a0\u00bb{}\u00a0\u00bb sticky_enabled=\u00a0\u00bb0&Prime;]<\/p>\n<h3>Explorez une collection captivante de vid\u00e9os pr\u00e9sentant des apiculteurs du monde entier qui utilisent tous le dispositif innovant de collecte du venin d&rsquo;abeille, beeWhisper.<\/h3>\n<p>[\/et_pb_text][\/et_pb_column][\/et_pb_row][et_pb_row column_structure=\u00a0\u00bb1_3,1_3,1_3&Prime; _builder_version=\u00a0\u00bb4.22.2&Prime; _module_preset=\u00a0\u00bbdefault\u00a0\u00bb global_colors_info=\u00a0\u00bb{}\u00a0\u00bb][et_pb_column type=\u00a0\u00bb1_3&Prime; _builder_version=\u00a0\u00bb4.22.2&Prime; _module_preset=\u00a0\u00bbdefault\u00a0\u00bb global_colors_info=\u00a0\u00bb{}\u00a0\u00bb][et_pb_video src=\u00a0\u00bbhttps:\/\/www.beewhisper.com\/wp-content\/uploads\/2023\/10\/Caja-extractora-de-veneno-de-abeja-parte-2.mp4&Prime; image_src=\u00a0\u00bbhttps:\/\/www.beewhisper.com\/wp-content\/uploads\/2023\/10\/Caja-extractora-de-veneno-de-abeja-parte-2.mp4-\u200e-Photos.jpg\u00a0\u00bb _builder_version=\u00a0\u00bb4.27.3&Prime; _module_preset=\u00a0\u00bbdefault\u00a0\u00bb global_colors_info=\u00a0\u00bb{}\u00a0\u00bb][\/et_pb_video][\/et_pb_column][et_pb_column type=\u00a0\u00bb1_3&Prime; _builder_version=\u00a0\u00bb4.22.2&Prime; _module_preset=\u00a0\u00bbdefault\u00a0\u00bb global_colors_info=\u00a0\u00bb{}\u00a0\u00bb][et_pb_video src=\u00a0\u00bbhttps:\/\/www.beewhisper.com\/wp-content\/uploads\/2023\/10\/How-to-collect-Bee-Venom-with-BeeWhisper-5-collctor-www.beewhisper.com-.mp4&Prime; image_src=\u00a0\u00bbhttps:\/\/www.beewhisper.com\/wp-content\/uploads\/2023\/10\/How-to-collect-Bee-Venom-with-BeeWhisper-5-.jpg\u00a0\u00bb _builder_version=\u00a0\u00bb4.22.2&Prime; _module_preset=\u00a0\u00bbdefault\u00a0\u00bb global_colors_info=\u00a0\u00bb{}\u00a0\u00bb][\/et_pb_video][\/et_pb_column][et_pb_column type=\u00a0\u00bb1_3&Prime; _builder_version=\u00a0\u00bb4.22.2&Prime; _module_preset=\u00a0\u00bbdefault\u00a0\u00bb global_colors_info=\u00a0\u00bb{}\u00a0\u00bb][et_pb_video src=\u00a0\u00bbhttps:\/\/www.beewhisper.com\/wp-content\/uploads\/2023\/10\/Bee-Venom-Collector-BeeWhisper-5-www.beewhisper.com-in-New-Zealand.mp4&Prime; image_src=\u00a0\u00bbhttps:\/\/www.beewhisper.com\/wp-content\/uploads\/2023\/10\/ee-Venom-Collector-BeeWhisper-5-in-New-Zealand.mp4-\u200e.jpg\u00a0\u00bb _builder_version=\u00a0\u00bb4.22.2&Prime; _module_preset=\u00a0\u00bbdefault\u00a0\u00bb global_colors_info=\u00a0\u00bb{}\u00a0\u00bb][\/et_pb_video][\/et_pb_column][\/et_pb_row][et_pb_row column_structure=\u00a0\u00bb1_3,1_3,1_3&Prime; _builder_version=\u00a0\u00bb4.22.2&Prime; _module_preset=\u00a0\u00bbdefault\u00a0\u00bb global_colors_info=\u00a0\u00bb{}\u00a0\u00bb][et_pb_column type=\u00a0\u00bb1_3&Prime; _builder_version=\u00a0\u00bb4.22.2&Prime; _module_preset=\u00a0\u00bbdefault\u00a0\u00bb global_colors_info=\u00a0\u00bb{}\u00a0\u00bb][et_pb_video src=\u00a0\u00bbhttps:\/\/www.beewhisper.com\/wp-content\/uploads\/2023\/10\/Bee-Venom-Collector-BeeWhisper-in-Georgia.mp4&Prime; image_src=\u00a0\u00bbhttps:\/\/www.beewhisper.com\/wp-content\/uploads\/2023\/10\/Bee-Venom-Collector-BeeWhisper-in-Georgia.mp4-\u200e-Photos.jpg\u00a0\u00bb _builder_version=\u00a0\u00bb4.22.2&Prime; _module_preset=\u00a0\u00bbdefault\u00a0\u00bb global_colors_info=\u00a0\u00bb{}\u00a0\u00bb][\/et_pb_video][\/et_pb_column][et_pb_column type=\u00a0\u00bb1_3&Prime; _builder_version=\u00a0\u00bb4.22.2&Prime; _module_preset=\u00a0\u00bbdefault\u00a0\u00bb global_colors_info=\u00a0\u00bb{}\u00a0\u00bb][et_pb_video src=\u00a0\u00bbhttps:\/\/www.beewhisper.com\/wp-content\/uploads\/2023\/10\/Bee-Venom-Collector-BeeWhisper-in-Georgia-1.mp4&Prime; image_src=\u00a0\u00bbhttps:\/\/www.beewhisper.com\/wp-content\/uploads\/2023\/10\/Bee-Venom-Collector-BeeWhisper-in-Georgia.mp4-\u200e-Photos-1.jpg\u00a0\u00bb _builder_version=\u00a0\u00bb4.22.2&Prime; _module_preset=\u00a0\u00bbdefault\u00a0\u00bb global_colors_info=\u00a0\u00bb{}\u00a0\u00bb][\/et_pb_video][\/et_pb_column][et_pb_column type=\u00a0\u00bb1_3&Prime; _builder_version=\u00a0\u00bb4.22.2&Prime; _module_preset=\u00a0\u00bbdefault\u00a0\u00bb global_colors_info=\u00a0\u00bb{}\u00a0\u00bb][et_pb_video src=\u00a0\u00bbhttps:\/\/www.beewhisper.com\/wp-content\/uploads\/2023\/10\/How-to-collect-bee-venom-in-Hawai-with-BeeWhisper-collector-www.beewhisper.com-.mp4&Prime; image_src=\u00a0\u00bbhttps:\/\/www.beewhisper.com\/wp-content\/uploads\/2023\/10\/How-to-collect-bee-venom-in-Hawai.jpg\u00a0\u00bb _builder_version=\u00a0\u00bb4.22.2&Prime; _module_preset=\u00a0\u00bbdefault\u00a0\u00bb global_colors_info=\u00a0\u00bb{}\u00a0\u00bb][\/et_pb_video][\/et_pb_column][\/et_pb_row][et_pb_row column_structure=\u00a0\u00bb1_3,1_3,1_3&Prime; _builder_version=\u00a0\u00bb4.22.2&Prime; _module_preset=\u00a0\u00bbdefault\u00a0\u00bb global_colors_info=\u00a0\u00bb{}\u00a0\u00bb][et_pb_column type=\u00a0\u00bb1_3&Prime; _builder_version=\u00a0\u00bb4.22.2&Prime; _module_preset=\u00a0\u00bbdefault\u00a0\u00bb global_colors_info=\u00a0\u00bb{}\u00a0\u00bb][et_pb_video src=\u00a0\u00bbhttps:\/\/www.beewhisper.com\/wp-content\/uploads\/2023\/10\/How-to-collect-bee-venom-with-BeeWhisper-collector.mp4&Prime; image_src=\u00a0\u00bbhttps:\/\/www.beewhisper.com\/wp-content\/uploads\/2023\/10\/How-to-collect-bee-venom-with-BeeWhisper-collector.mp4-\u200e-Photos.jpg\u00a0\u00bb _builder_version=\u00a0\u00bb4.22.2&Prime; _module_preset=\u00a0\u00bbdefault\u00a0\u00bb global_colors_info=\u00a0\u00bb{}\u00a0\u00bb][\/et_pb_video][\/et_pb_column][et_pb_column type=\u00a0\u00bb1_3&Prime; _builder_version=\u00a0\u00bb4.22.2&Prime; _module_preset=\u00a0\u00bbdefault\u00a0\u00bb global_colors_info=\u00a0\u00bb{}\u00a0\u00bb][et_pb_video src=\u00a0\u00bbhttps:\/\/www.beewhisper.com\/wp-content\/uploads\/2023\/10\/Tutorials-for-collecting-bee-venom-with-BeeWhisper-collector-www.beewhisper.com-.mp4&Prime; image_src=\u00a0\u00bbhttps:\/\/www.beewhisper.com\/wp-content\/uploads\/2023\/10\/Tutorials-for-collecting-bee-venom-with-BeeWhisper-.co_.jpg\u00a0\u00bb _builder_version=\u00a0\u00bb4.22.2&Prime; _module_preset=\u00a0\u00bbdefault\u00a0\u00bb global_colors_info=\u00a0\u00bb{}\u00a0\u00bb][\/et_pb_video][\/et_pb_column][et_pb_column type=\u00a0\u00bb1_3&Prime; _builder_version=\u00a0\u00bb4.22.2&Prime; _module_preset=\u00a0\u00bbdefault\u00a0\u00bb global_colors_info=\u00a0\u00bb{}\u00a0\u00bb][et_pb_video src=\u00a0\u00bbhttps:\/\/www.beewhisper.com\/wp-content\/uploads\/2023\/10\/Tutorial-for-collecting-bee-venom-for-45min-www.Beewhisper.com_.mp4&Prime; image_src=\u00a0\u00bbhttps:\/\/www.beewhisper.com\/wp-content\/uploads\/2023\/10\/Tutorial-for-collecting-bee-venom-for-45min-Photos.jpg\u00a0\u00bb _builder_version=\u00a0\u00bb4.22.2&Prime; _module_preset=\u00a0\u00bbdefault\u00a0\u00bb global_colors_info=\u00a0\u00bb{}\u00a0\u00bb][\/et_pb_video][\/et_pb_column][\/et_pb_row][\/et_pb_section]<\/p>\n","protected":false},"excerpt":{"rendered":"<p>Appareil de d\u00e9ballage beeWhisper.Explorez une collection captivante de vid\u00e9os pr\u00e9sentant des apiculteurs du monde entier qui utilisent tous le dispositif innovant de collecte du venin d&rsquo;abeille, beeWhisper.<\/p>\n","protected":false},"author":1,"featured_media":0,"parent":0,"menu_order":0,"comment_status":"closed","ping_status":"closed","template":"","meta":{"_et_pb_use_builder":"on","_et_pb_old_content":"","_et_gb_content_width":"","footnotes":""},"class_list":["post-7346","page","type-page","status-publish","hentry"],"aioseo_notices":[],"_links":{"self":[{"href":"https:\/\/www.beewhisper.com\/fr\/wp-json\/wp\/v2\/pages\/7346","targetHints":{"allow":["GET"]}}],"collection":[{"href":"https:\/\/www.beewhisper.com\/fr\/wp-json\/wp\/v2\/pages"}],"about":[{"href":"https:\/\/www.beewhisper.com\/fr\/wp-json\/wp\/v2\/types\/page"}],"author":[{"embeddable":true,"href":"https:\/\/www.beewhisper.com\/fr\/wp-json\/wp\/v2\/users\/1"}],"replies":[{"embeddable":true,"href":"https:\/\/www.beewhisper.com\/fr\/wp-json\/wp\/v2\/comments?post=7346"}],"version-history":[{"count":2,"href":"https:\/\/www.beewhisper.com\/fr\/wp-json\/wp\/v2\/pages\/7346\/revisions"}],"predecessor-version":[{"id":7356,"href":"https:\/\/www.beewhisper.com\/fr\/wp-json\/wp\/v2\/pages\/7346\/revisions\/7356"}],"wp:attachment":[{"href":"https:\/\/www.beewhisper.com\/fr\/wp-json\/wp\/v2\/media?parent=7346"}],"curies":[{"name":"wp","href":"https:\/\/api.w.org\/{rel}","templated":true}]}}