{"id":7297,"date":"2023-09-20T13:23:00","date_gmt":"2023-09-20T11:23:00","guid":{"rendered":"https:\/\/www.beewhisper.com\/preguntas-frecuentes\/"},"modified":"2025-02-19T15:29:39","modified_gmt":"2025-02-19T13:29:39","slug":"preguntas-frecuentes","status":"publish","type":"page","link":"https:\/\/www.beewhisper.com\/es\/preguntas-frecuentes\/","title":{"rendered":"PREGUNTAS FRECUENTES"},"content":{"rendered":"<p>[et_pb_section fb_built=\u00bb1&#8243; prev_background_color=\u00bb#ffffff\u00bb _builder_version=\u00bb4.27.2&#8243; _module_preset=\u00bbdefault\u00bb background_image=\u00bbhttps:\/\/www.beewhisper.com\/wp-content\/uploads\/2023\/08\/Untitled-14.jpg\u00bb background_size=\u00bbcontain\u00bb width=\u00bb100%\u00bb max_width=\u00bb100%\u00bb min_height=\u00bb368px\u00bb custom_margin=\u00bb||3px|||\u00bb custom_padding=\u00bb0px||0px|||\u00bb top_divider_style=\u00bbnone\u00bb hover_enabled=\u00bb0&#8243; background_last_edited=\u00bbon|desktop\u00bb parallax_tablet=\u00bboff\u00bb parallax_phone=\u00bboff\u00bb background_size_tablet=\u00bbcontain\u00bb background_size_phone=\u00bbcontain\u00bb background_image_width_phone=\u00bb0%\u00bb global_colors_info=\u00bb{}\u00bb background_enable_color=\u00bboff\u00bb use_background_color_gradient=\u00bboff\u00bb sticky_enabled=\u00bb0&#8243;][\/et_pb_section][et_pb_section fb_built=\u00bb1&#8243; _builder_version=\u00bb4.27.2&#8243; _module_preset=\u00bbdefault\u00bb background_enable_image=\u00bboff\u00bb min_height=\u00bb431.1px\u00bb custom_margin=\u00bb1px|||||\u00bb custom_padding=\u00bb8px|||||\u00bb hover_enabled=\u00bb0&#8243; global_colors_info=\u00bb{}\u00bb background_enable_color=\u00bboff\u00bb use_background_color_gradient=\u00bboff\u00bb sticky_enabled=\u00bb0&#8243;][et_pb_row _builder_version=\u00bb4.22.1&#8243; _module_preset=\u00bbdefault\u00bb custom_margin=\u00bb-3px|auto||auto||\u00bb custom_padding=\u00bb0px||12px|||\u00bb global_colors_info=\u00bb{}\u00bb][et_pb_column type=\u00bb4_4&#8243; _builder_version=\u00bb4.22.1&#8243; _module_preset=\u00bbdefault\u00bb global_colors_info=\u00bb{}\u00bb][et_pb_heading title=\u00bbPreguntas frecuentes\u00bb _builder_version=\u00bb4.22.1&#8243; _module_preset=\u00bbdefault\u00bb title_font=\u00bbVerdana||||||||\u00bb title_text_align=\u00bbcenter\u00bb title_text_color=\u00bb#000000&#8243; title_font_size=\u00bb53px\u00bb title_font_size_tablet=\u00bb53px\u00bb title_font_size_phone=\u00bb35px\u00bb title_font_size_last_edited=\u00bbon|phone\u00bb title_text_shadow_style=\u00bbpreset1&#8243; global_colors_info=\u00bb{}\u00bb][\/et_pb_heading][\/et_pb_column][\/et_pb_row][et_pb_row column_structure=\u00bb1_2,1_2&#8243; _builder_version=\u00bb4.22.1&#8243; _module_preset=\u00bbdefault\u00bb min_height=\u00bb297px\u00bb custom_margin=\u00bb0px|auto||auto||\u00bb global_colors_info=\u00bb{}\u00bb][et_pb_column type=\u00bb1_2&#8243; _builder_version=\u00bb4.22.1&#8243; _module_preset=\u00bbdefault\u00bb global_colors_info=\u00bb{}\u00bb][et_pb_toggle title=\u00bb\u00bfCu\u00e1les son las opciones de pago?\u00bb icon_color=\u00bb#000000&#8243; _builder_version=\u00bb4.23.1&#8243; _module_preset=\u00bbdefault\u00bb background_color=\u00bb#efefef\u00bb width=\u00bb100%\u00bb border_width_all=\u00bb0px\u00bb box_shadow_style=\u00bbpreset1&#8243; global_colors_info=\u00bb{}\u00bb]<\/p>\n<p>\u25cb Utilizamos PayPal o una transferencia bancaria o directamente con tarjeta de cr\u00e9dito\/d\u00e9bito.<br \/>\u25cb Si no tienes una cuenta PayPal, deber\u00edas poder completar el pago haciendo clic en Pagar con tarjeta de d\u00e9bito o cr\u00e9dito como PayPal Guest Checkout (para algunos pa\u00edses).<\/p>\n<p>[\/et_pb_toggle][et_pb_toggle title=\u00bb\u00bfCu\u00e1nto veneno de abeja se produce con 1 Recolector de Veneno de Abeja en 45 minutos?\u00bb icon_color=\u00bb#000000&#8243; _builder_version=\u00bb4.23.1&#8243; _module_preset=\u00bbdefault\u00bb background_color=\u00bb#efefef\u00bb width=\u00bb100%\u00bb border_width_all=\u00bb0px\u00bb box_shadow_style=\u00bbpreset1&#8243; global_colors_info=\u00bb{}\u00bb]<\/p>\n<p>No podemos ofrecer una garant\u00eda debido a que todas las colmenas son diferentes. Nuestras pruebas plurianuales muestran lo siguiente:<br \/>\u25cb 0,03 gramos a 0,09 gramos.<br \/>\u25cb La cantidad de veneno de abeja depende de la salud y fortaleza de la colmena. Depende de la temperatura exterior y de la estaci\u00f3n del a\u00f1o.A veces, aunque raramente, es necesario golpear la colmena para que salgan m\u00e1s abejas.  <\/p>\n<p>[\/et_pb_toggle][et_pb_toggle title=\u00bb\u00bfPuedo, s\u00f3lo una vez al d\u00eda, raspar el veneno de abeja del vaso?\u00bb icon_color=\u00bb#000000&#8243; _builder_version=\u00bb4.22.2&#8243; _module_preset=\u00bbdefault\u00bb background_color=\u00bb#efefef\u00bb width=\u00bb100%\u00bb border_width_all=\u00bb0px\u00bb box_shadow_style=\u00bbpreset1&#8243; global_colors_info=\u00bb{}\u00bb]<\/p>\n<p>\u25cb No. El veneno de abeja no debe estar m\u00e1s de lo necesario a la luz del sol. Cuanto m\u00e1s breve, mejor.  <\/p>\n<p>[\/et_pb_toggle][et_pb_toggle title=\u00bb\u00bfCu\u00e1ndo se obtiene el mejor resultado?\u00bb icon_color=\u00bb#000000&#8243; _builder_version=\u00bb4.22.2&#8243; _module_preset=\u00bbdefault\u00bb background_color=\u00bb#efefef\u00bb width=\u00bb100%\u00bb border_width_all=\u00bb0px\u00bb box_shadow_style=\u00bbpreset1&#8243; global_colors_info=\u00bb{}\u00bb]<\/p>\n<p>\u25cb Los mejores resultados se obtienen cuando se utilizan unos 45 min de colector de una colmena, y luego esta colmena tiene unas 1- 2 horas de descanso. Durante este tiempo puedes utilizar el colector para otra colmena. <\/p>\n<p>[\/et_pb_toggle][et_pb_toggle title=\u00bb\u00bfC\u00f3mo se estiran los cables en el colector de veneno de abeja?\u00bb icon_color=\u00bb#000000&#8243; _builder_version=\u00bb4.22.2&#8243; _module_preset=\u00bbdefault\u00bb background_color=\u00bb#efefef\u00bb width=\u00bb100%\u00bb border_width_all=\u00bb0px\u00bb box_shadow_style=\u00bbpreset1&#8243; global_colors_info=\u00bb{}\u00bb]<\/p>\n<p>\u25cb Con unos alicates de punta afilada, sujeta el alambre de trabajo por el extremo. Las pinzas deben sujetarse a 4-8 mm del alambre. En el aparato se ve cu\u00e1ntos y c\u00f3mo se retuercen los alambres en un principio. Retuerce el alambre con mucho cuidado mientras se estira. Ten cuidado de no romper el alambre. La rotura del alambre, de 0,7 mm de grosor, no est\u00e1 cubierta por la garant\u00eda.     <\/p>\n<p>[\/et_pb_toggle][et_pb_toggle title=\u00bb\u00bfCu\u00e1ndo cambiar la pila del Bee Venom Collector BeeWhisper?\u00bb icon_color=\u00bb#000000&#8243; _builder_version=\u00bb4.22.2&#8243; _module_preset=\u00bbdefault\u00bb background_color=\u00bb#efefef\u00bb width=\u00bb100%\u00bb border_width_all=\u00bb0px\u00bb box_shadow_style=\u00bbpreset1&#8243; global_colors_info=\u00bb{}\u00bb]<\/p>\n<p>\u00bfCu\u00e1ndo cambiar la pila del Bee Venom Collector BeeWhisper?<\/p>\n<p>[\/et_pb_toggle][et_pb_toggle title=\u00bb\u00bfQu\u00e9 pilas utilizo?\u00bb icon_color=\u00bb#000000&#8243; _builder_version=\u00bb4.22.2&#8243; _module_preset=\u00bbdefault\u00bb background_color=\u00bb#efefef\u00bb width=\u00bb100%\u00bb border_width_all=\u00bb0px\u00bb box_shadow_style=\u00bbpreset1&#8243; global_colors_info=\u00bb{}\u00bb]<\/p>\n<p>\u25cb Utiliza 2 de tipo AA (R06, R6).<br \/>\u25cb Utiliza pilas alcalinas.<br \/>\u25cb Utiliza s\u00f3lo pilas de la mejor calidad. Si utilizas pilas de baja calidad, pueden tener fugas y da\u00f1ar el colector. <\/p>\n<p>[\/et_pb_toggle][et_pb_toggle title=\u00bb\u00bfC\u00f3mo guardo el aparato una vez finalizada la temporada?\u00bb icon_color=\u00bb#000000&#8243; _builder_version=\u00bb4.22.2&#8243; _module_preset=\u00bbdefault\u00bb background_color=\u00bb#efefef\u00bb width=\u00bb100%\u00bb border_width_all=\u00bb0px\u00bb box_shadow_style=\u00bbpreset1&#8243; global_colors_info=\u00bb{}\u00bb]<\/p>\n<p>\u25cb Desconecta el colector de la llave.<br \/>\u25cb Retira las pilas.<br \/>\u25cb Limpia la superficie de trabajo de la unidad.<br \/>\u25cb Conserva la unidad en un lugar seco a una temperatura de -15 a +45 grados<\/p>\n<p>[\/et_pb_toggle][et_pb_toggle title=\u00bb\u00bfQu\u00e9 hacer si el LED rojo parpadea 6 veces &#8211; pausa &#8211; 6 veces?\u00bb icon_color=\u00bb#000000&#8243; _builder_version=\u00bb4.22.2&#8243; _module_preset=\u00bbdefault\u00bb background_color=\u00bb#efefef\u00bb width=\u00bb100%\u00bb border_width_all=\u00bb0px\u00bb box_shadow_style=\u00bbpreset1&#8243; global_colors_info=\u00bb{}\u00bb]<\/p>\n<p>\u25cb Los impulsos de trabajo est\u00e1n fuera de rango.<br \/>\u25cb Contacta con nosotros<\/p>\n<p>[\/et_pb_toggle][et_pb_toggle title=\u00bb\u00bfQu\u00e9 hacer si el LED verde parpadea muy r\u00e1pido y no deja de parpadear r\u00e1pidamente en unos minutos?\u00bb icon_color=\u00bb#000000&#8243; _builder_version=\u00bb4.22.2&#8243; _module_preset=\u00bbdefault\u00bb background_color=\u00bb#efefef\u00bb width=\u00bb100%\u00bb border_width_all=\u00bb0px\u00bb box_shadow_style=\u00bbpreset1&#8243; global_colors_info=\u00bb{}\u00bb]<\/p>\n<p>\u25cb Esto significa que hay mucha humedad en el aparato. O en los extremos de los conductores, donde est\u00e1n soldados en la parte inferior, en el borde del cristal, hay chatarra.<br \/>Seca el aparato<br \/>Limpia la chatarra donde est\u00e1n los extremos del cristal. Puedes utilizar un cepillo o un aspirador.<br \/>Sustituye las pilas (si lo otro no ayuda).  <\/p>\n<p>[\/et_pb_toggle][et_pb_toggle title=\u00bb\u00bfC\u00f3mo se monta el soporte fijado al conjunto? ( s\u00f3lo beeWhisper 5.0 y beeWhisper 5.5 )   \u00bb icon_color=\u00bb#000000&#8243; _builder_version=\u00bb4.22.2&#8243; _module_preset=\u00bbdefault\u00bb background_color=\u00bb#efefef\u00bb width=\u00bb100%\u00bb border_width_all=\u00bb0px\u00bb box_shadow_style=\u00bbpreset1&#8243; global_colors_info=\u00bb{}\u00bb]<\/p>\n<p>\u25cb En la caja de madera, desde la parte delantera, hay 2 orificios en los que se inserta el soporte. Est\u00e1n taladrados en pendiente, para que la abrazadera, una vez introducida en estos agujeros, no salga sola con facilidad. Inserta primero un extremo de la abrazadera con un ligero giro, y luego inserta el otro extremo.  <\/p>\n<p>[\/et_pb_toggle][et_pb_toggle title=\u00bb\u00bfDebo desconectar el recolector de veneno de abeja cuando se apaga autom\u00e1ticamente?\u00bb icon_color=\u00bb#000000&#8243; _builder_version=\u00bb4.22.2&#8243; _module_preset=\u00bbdefault\u00bb background_color=\u00bb#efefef\u00bb width=\u00bb100%\u00bb border_width_all=\u00bb0px\u00bb box_shadow_style=\u00bbpreset1&#8243; global_colors_info=\u00bb{}\u00bb]<\/p>\n<p>\u25cb Para volver a encenderlo, primero ap\u00e1galo.<br \/>\u25cb Apaga la llave al final del d\u00eda.<br \/>\u25cb Cuando lo guardes durante mucho tiempo, apaga siempre el interruptor.<\/p>\n<p>[\/et_pb_toggle][\/et_pb_column][et_pb_column type=\u00bb1_2&#8243; _builder_version=\u00bb4.22.1&#8243; _module_preset=\u00bbdefault\u00bb global_colors_info=\u00bb{}\u00bb][et_pb_toggle title=\u00bbEl recolector de veneno de abeja BeeWhisper, \u00bftiene una fuente de alimentaci\u00f3n externa y cables adicionales?\u00bb icon_color=\u00bb#000000&#8243; _builder_version=\u00bb4.22.2&#8243; _module_preset=\u00bbdefault\u00bb background_color=\u00bb#efefef\u00bb width=\u00bb100%\u00bb border_width_all=\u00bb0px\u00bb box_shadow_style=\u00bbpreset1&#8243; global_colors_info=\u00bb{}\u00bb]<\/p>\n<p>\u25cb No.<br \/>\u25cb Todo est\u00e1 en el propio colector.<\/p>\n<p>[\/et_pb_toggle][et_pb_toggle title=\u00bb\u00bfCu\u00e1ndo se raspa el veneno de abeja del cristal?\u00bb icon_color=\u00bb#000000&#8243; _builder_version=\u00bb4.22.2&#8243; _module_preset=\u00bbdefault\u00bb background_color=\u00bb#efefef\u00bb width=\u00bb100%\u00bb border_width_all=\u00bb0px\u00bb box_shadow_style=\u00bbpreset1&#8243; global_colors_info=\u00bb{}\u00bb]<\/p>\n<p>\u25cb Tras sacar el recolector de veneno de abeja de la colmena, retira el cristal y raspa inmediatamente el veneno de abeja<\/p>\n<p>[\/et_pb_toggle][et_pb_toggle title=\u00bb\u00bfA cu\u00e1ntas colmenas puedo dar servicio con un aparato?\u00bb icon_color=\u00bb#000000&#8243; _builder_version=\u00bb4.22.2&#8243; _module_preset=\u00bbdefault\u00bb background_color=\u00bb#efefef\u00bb width=\u00bb100%\u00bb border_width_all=\u00bb0px\u00bb box_shadow_style=\u00bbpreset1&#8243; global_colors_info=\u00bb{}\u00bb]<\/p>\n<p>\u25cb De una a tres colmenas seguidas.<\/p>\n<p>[\/et_pb_toggle][et_pb_toggle title=\u00bb\u00bfEs perjudicial para la salud de las abejas recolectar veneno de abeja?\u00bb icon_color=\u00bb#000000&#8243; _builder_version=\u00bb4.22.2&#8243; _module_preset=\u00bbdefault\u00bb background_color=\u00bb#efefef\u00bb width=\u00bb100%\u00bb border_width_all=\u00bb0px\u00bb box_shadow_style=\u00bbpreset1&#8243; global_colors_info=\u00bb{}\u00bb]<\/p>\n<p>\u25cb No hay datos ni observaciones sobre el deterioro de la salud y la fuerza de la familia de las abejas.  <br \/>Los impulsos que irritan a las abejas son extremadamente d\u00e9biles, pero suficientes para que las abejas empiecen a latir. Puedes juzgar por la seguridad de esto: que nuestro colector funciona s\u00f3lo con 2 pilas de tipo AA, de 1,5 voltios. Y con estas pilas, el aparato puede funcionar hasta 5 meses cada d\u00eda laborable. Puedes juzgar la poca corriente y energ\u00eda que consumen las abejas. A diferencia de los dispositivos de terceros que funcionan con generadores y fuentes de alimentaci\u00f3n externas.    <\/p>\n<p>[\/et_pb_toggle][et_pb_toggle title=\u00bb\u00bfCu\u00e1ndo y c\u00f3mo limpiar los cables de trabajo?\u00bb icon_color=\u00bb#000000&#8243; _builder_version=\u00bb4.22.2&#8243; _module_preset=\u00bbdefault\u00bb background_color=\u00bb#efefef\u00bb width=\u00bb100%\u00bb border_width_all=\u00bb0px\u00bb box_shadow_style=\u00bbpreset1&#8243; global_colors_info=\u00bb{}\u00bb]<\/p>\n<p>\u25cb Al final de cada d\u00eda laborable.<br \/>\u25cb Con alcohol o una toallita con alcohol.<br \/>\u25cb O con un pa\u00f1o h\u00famedo para las gafas.<\/p>\n<p>[\/et_pb_toggle][et_pb_toggle title=\u00bb\u00bfC\u00f3mo cambio las pilas?\u00bb icon_color=\u00bb#000000&#8243; _builder_version=\u00bb4.22.2&#8243; _module_preset=\u00bbdefault\u00bb background_color=\u00bb#efefef\u00bb width=\u00bb100%\u00bb border_width_all=\u00bb0px\u00bb box_shadow_style=\u00bbpreset1&#8243; global_colors_info=\u00bb{}\u00bb]<\/p>\n<p>\u25cb En la parte inferior del aparato, bajo la tapa cargada de pilas, est\u00e1n las pilas.<br \/>\u25cb Con un destornillador, desenrosca los tornillos de la tapa y qu\u00edtala.<br \/>\u25cb Retira las pilas.<br \/>\u25cb Inserta las pilas nuevas teniendo en cuenta la direcci\u00f3n correcta.<\/p>\n<p>[\/et_pb_toggle][et_pb_toggle title=\u00bb\u00bfPuedo utilizar pilas recargables, tama\u00f1o AA, 1,2 V?\u00bb icon_color=\u00bb#000000&#8243; _builder_version=\u00bb4.22.2&#8243; _module_preset=\u00bbdefault\u00bb background_color=\u00bb#efefef\u00bb width=\u00bb100%\u00bb border_width_all=\u00bb0px\u00bb box_shadow_style=\u00bbpreset1&#8243; global_colors_info=\u00bb{}\u00bb]<\/p>\n<p>\u25cb No. Las pilas recargables tienen un voltaje inferior. (2x 1,2V=2,4 V) . El Bee Venom Collector BeeWhisper funciona con voltajes de 2,4 V a 3,5 V.   <\/p>\n<p>[\/et_pb_toggle][et_pb_toggle title=\u00bb\u00bfCu\u00e1nto tiempo puedo trabajar con una bater\u00eda?\u00bb icon_color=\u00bb#000000&#8243; _builder_version=\u00bb4.22.2&#8243; _module_preset=\u00bbdefault\u00bb background_color=\u00bb#efefef\u00bb width=\u00bb100%\u00bb border_width_all=\u00bb0px\u00bb box_shadow_style=\u00bbpreset1&#8243; global_colors_info=\u00bb{}\u00bb]<\/p>\n<p>\u25cb Hasta 4-5 meses, dependiendo de las pilas.<\/p>\n<p>[\/et_pb_toggle][et_pb_toggle title=\u00bb\u00bfC\u00f3mo limpiar la unidad bajo los cables de polvo y piezas peque\u00f1as?\u00bb icon_color=\u00bb#000000&#8243; _builder_version=\u00bb4.22.2&#8243; _module_preset=\u00bbdefault\u00bb background_color=\u00bb#efefef\u00bb width=\u00bb100%\u00bb border_width_all=\u00bb0px\u00bb box_shadow_style=\u00bbpreset1&#8243; global_colors_info=\u00bb{}\u00bb]<\/p>\n<p>\u25cb Lo mejor, con un cepillo o un aspirador. Luego limpia el aspirador con alcohol y desecha el recipiente. Lava el cepillo con alcohol.  <\/p>\n<p>[\/et_pb_toggle][et_pb_toggle title=\u00bb\u00bfQu\u00e9 hacer si el LED rojo parpadea tres veces -pausa-3 veces?\u00bb icon_color=\u00bb#000000&#8243; _builder_version=\u00bb4.22.2&#8243; _module_preset=\u00bbdefault\u00bb background_color=\u00bb#efefef\u00bb width=\u00bb100%\u00bb border_width_all=\u00bb0px\u00bb box_shadow_style=\u00bbpreset1&#8243; global_colors_info=\u00bb{}\u00bb]<\/p>\n<p>\u25cb Esto significa que las pilas est\u00e1n agotadas. Sustituye las pilas. <\/p>\n<p>[\/et_pb_toggle][et_pb_toggle title=\u00bb\u00bfQu\u00e9 hacer si el LED rojo se enciende permanentemente?\u00bb icon_color=\u00bb#000000&#8243; _builder_version=\u00bb4.22.2&#8243; _module_preset=\u00bbdefault\u00bb background_color=\u00bb#efefef\u00bb width=\u00bb100%\u00bb border_width_all=\u00bb0px\u00bb box_shadow_style=\u00bbpreset1&#8243; global_colors_info=\u00bb{}\u00bb]<\/p>\n<p>\u25cb Esto significa que dos cables adyacentes se tocan.<br \/>Separa los cables. Estira los cables. <\/p>\n<p>[\/et_pb_toggle][et_pb_toggle title=\u00bb\u00bfQu\u00e9 significa si el LED verde parpadea lentamente, pero el rojo parpadea sincronizado con \u00e9l?\u00bb icon_color=\u00bb#000000&#8243; _builder_version=\u00bb4.22.2&#8243; _module_preset=\u00bbdefault\u00bb background_color=\u00bb#efefef\u00bb width=\u00bb100%\u00bb border_width_all=\u00bb0px\u00bb box_shadow_style=\u00bbpreset1&#8243; global_colors_info=\u00bb{}\u00bb]<\/p>\n<p>\u25cb Las pilas deben cambiarse pronto. La unidad sigue funcionando.<br \/>Sustituye las pilas por otras nuevas si es posible. <\/p>\n<p>[\/et_pb_toggle][et_pb_toggle title=\u00bb\u00bfCon qu\u00e9 frecuencia limpiamos los cables de trabajo y qu\u00e9 utilizar?\u00bb icon_color=\u00bb#000000&#8243; _builder_version=\u00bb4.22.2&#8243; _module_preset=\u00bbdefault\u00bb background_color=\u00bb#efefef\u00bb width=\u00bb100%\u00bb border_width_all=\u00bb0px\u00bb box_shadow_style=\u00bbpreset1&#8243; global_colors_info=\u00bb{}\u00bb]<\/p>\n<p>Al final de cada jornada laboral. Utiliza algod\u00f3n o un pa\u00f1o de algod\u00f3n empapado en alcohol para limpiar los cables de trabajo. Despu\u00e9s, desecha este algod\u00f3n en un lugar seguro. No da\u00f1es la m\u00e1quina si es frecuente la limpieza de los cables.   <\/p>\n<p>[\/et_pb_toggle][\/et_pb_column][\/et_pb_row][\/et_pb_section][et_pb_section fb_built=\u00bb1&#8243; _builder_version=\u00bb4.27.2&#8243; _module_preset=\u00bbdefault\u00bb background_color=\u00bb#d1d1d1&#8243; background_enable_image=\u00bboff\u00bb min_height=\u00bb198px\u00bb custom_margin=\u00bb-27px|||||\u00bb custom_padding=\u00bb7px|||||\u00bb hover_enabled=\u00bb0&#8243; global_colors_info=\u00bb{}\u00bb use_background_color_gradient=\u00bboff\u00bb sticky_enabled=\u00bb0&#8243;][\/et_pb_section]<\/p>\n","protected":false},"excerpt":{"rendered":"<p>\u25cb Utilizamos PayPal o una transferencia bancaria o directamente con tarjeta de cr\u00e9dito\/d\u00e9bito.\u25cb Si no tienes una cuenta PayPal, deber\u00edas poder completar el pago haciendo clic en Pagar con tarjeta de d\u00e9bito o cr\u00e9dito como PayPal Guest Checkout (para algunos pa\u00edses).No podemos ofrecer una garant\u00eda debido a que todas las colmenas son diferentes. Nuestras pruebas [&hellip;]<\/p>\n","protected":false},"author":1,"featured_media":0,"parent":0,"menu_order":0,"comment_status":"closed","ping_status":"closed","template":"","meta":{"_et_pb_use_builder":"on","_et_pb_old_content":"","_et_gb_content_width":"","footnotes":""},"class_list":["post-7297","page","type-page","status-publish","hentry"],"aioseo_notices":[],"_links":{"self":[{"href":"https:\/\/www.beewhisper.com\/es\/wp-json\/wp\/v2\/pages\/7297","targetHints":{"allow":["GET"]}}],"collection":[{"href":"https:\/\/www.beewhisper.com\/es\/wp-json\/wp\/v2\/pages"}],"about":[{"href":"https:\/\/www.beewhisper.com\/es\/wp-json\/wp\/v2\/types\/page"}],"author":[{"embeddable":true,"href":"https:\/\/www.beewhisper.com\/es\/wp-json\/wp\/v2\/users\/1"}],"replies":[{"embeddable":true,"href":"https:\/\/www.beewhisper.com\/es\/wp-json\/wp\/v2\/comments?post=7297"}],"version-history":[{"count":8,"href":"https:\/\/www.beewhisper.com\/es\/wp-json\/wp\/v2\/pages\/7297\/revisions"}],"predecessor-version":[{"id":7320,"href":"https:\/\/www.beewhisper.com\/es\/wp-json\/wp\/v2\/pages\/7297\/revisions\/7320"}],"wp:attachment":[{"href":"https:\/\/www.beewhisper.com\/es\/wp-json\/wp\/v2\/media?parent=7297"}],"curies":[{"name":"wp","href":"https:\/\/api.w.org\/{rel}","templated":true}]}}