{"id":7296,"date":"2023-10-17T08:11:42","date_gmt":"2023-10-17T06:11:42","guid":{"rendered":"https:\/\/www.beewhisper.com\/medios-de-comunicacion\/"},"modified":"2025-02-19T15:28:35","modified_gmt":"2025-02-19T13:28:35","slug":"medios-de-comunicacion","status":"publish","type":"page","link":"https:\/\/www.beewhisper.com\/es\/medios-de-comunicacion\/","title":{"rendered":"Medios de comunicaci\u00f3n"},"content":{"rendered":"<p>[et_pb_section fb_built=\u00bb1&#8243; _builder_version=\u00bb4.27.2&#8243; _module_preset=\u00bbdefault\u00bb background_enable_color=\u00bboff\u00bb use_background_color_gradient=\u00bboff\u00bb background_enable_image=\u00bboff\u00bb global_colors_info=\u00bb{}\u00bb][et_pb_row _builder_version=\u00bb4.22.2&#8243; _module_preset=\u00bbdefault\u00bb global_colors_info=\u00bb{}\u00bb][et_pb_column type=\u00bb4_4&#8243; _builder_version=\u00bb4.22.2&#8243; _module_preset=\u00bbdefault\u00bb global_colors_info=\u00bb{}\u00bb][et_pb_gallery gallery_ids=\u00bb5972,5973,5974,5975,5976,5977,5978,5979,5980,5981,5982,5983,5984,5985,5986,5987,5988,5989,5990,5991,5992,5993,5994,5995,5996,5998,5999,6000,6001,6002,6003,6004,6005,6006&#8243; posts_number=\u00bb8&#8243; _builder_version=\u00bb4.23.1&#8243; _module_preset=\u00bbdefault\u00bb title_text_color=\u00bb#000000&#8243; title_font_size=\u00bb2px\u00bb title_font_tablet=\u00bb\u00bb title_font_phone=\u00bb\u00bb title_font_last_edited=\u00bbon|desktop\u00bb global_colors_info=\u00bb{}\u00bb][\/et_pb_gallery][\/et_pb_column][\/et_pb_row][et_pb_row _builder_version=\u00bb4.27.0&#8243; _module_preset=\u00bbdefault\u00bb global_colors_info=\u00bb{}\u00bb][et_pb_column type=\u00bb4_4&#8243; _builder_version=\u00bb4.27.0&#8243; _module_preset=\u00bbdefault\u00bb global_colors_info=\u00bb{}\u00bb][et_pb_text _builder_version=\u00bb4.27.0&#8243; _module_preset=\u00bbdefault\u00bb global_colors_info=\u00bb{}\u00bb]<\/p>\n<h3>Dispositivo unboxing beeWhisper.<\/h3>\n<p>[\/et_pb_text][\/et_pb_column][\/et_pb_row][et_pb_row column_structure=\u00bb1_3,1_3,1_3&#8243; _builder_version=\u00bb4.22.2&#8243; _module_preset=\u00bbdefault\u00bb global_colors_info=\u00bb{}\u00bb][et_pb_column type=\u00bb1_3&#8243; _builder_version=\u00bb4.22.2&#8243; _module_preset=\u00bbdefault\u00bb global_colors_info=\u00bb{}\u00bb][et_pb_video src=\u00bbhttps:\/\/www.beewhisper.com\/wp-content\/uploads\/2023\/10\/beeWhisper-6.0-Unboxing.mp4&#8243; image_src=\u00bbhttps:\/\/www.beewhisper.com\/wp-content\/uploads\/2023\/10\/beeWhisper-6.0-Unboxing.mp4-\u200e-Photos.jpg\u00bb _builder_version=\u00bb4.22.2&#8243; _module_preset=\u00bbdefault\u00bb global_colors_info=\u00bb{}\u00bb][\/et_pb_video][\/et_pb_column][et_pb_column type=\u00bb1_3&#8243; _builder_version=\u00bb4.22.2&#8243; _module_preset=\u00bbdefault\u00bb global_colors_info=\u00bb{}\u00bb][\/et_pb_column][et_pb_column type=\u00bb1_3&#8243; _builder_version=\u00bb4.22.2&#8243; _module_preset=\u00bbdefault\u00bb global_colors_info=\u00bb{}\u00bb][\/et_pb_column][\/et_pb_row][et_pb_row _builder_version=\u00bb4.27.0&#8243; _module_preset=\u00bbdefault\u00bb global_colors_info=\u00bb{}\u00bb][et_pb_column type=\u00bb4_4&#8243; _builder_version=\u00bb4.27.0&#8243; _module_preset=\u00bbdefault\u00bb global_colors_info=\u00bb{}\u00bb][et_pb_text _builder_version=\u00bb4.27.3&#8243; _module_preset=\u00bbdefault\u00bb hover_enabled=\u00bb0&#8243; global_colors_info=\u00bb{}\u00bb sticky_enabled=\u00bb0&#8243;]<\/p>\n<h3>Explora una cautivadora colecci\u00f3n de v\u00eddeos que muestran a apicultores de todo el mundo, todos ellos utilizando el innovador dispositivo de recolecci\u00f3n de veneno de abeja, beeWhisper.<\/h3>\n<p>[\/et_pb_text][\/et_pb_column][\/et_pb_row][et_pb_row column_structure=\u00bb1_3,1_3,1_3&#8243; _builder_version=\u00bb4.22.2&#8243; _module_preset=\u00bbdefault\u00bb global_colors_info=\u00bb{}\u00bb][et_pb_column type=\u00bb1_3&#8243; _builder_version=\u00bb4.22.2&#8243; _module_preset=\u00bbdefault\u00bb global_colors_info=\u00bb{}\u00bb][et_pb_video src=\u00bbhttps:\/\/www.beewhisper.com\/wp-content\/uploads\/2023\/10\/Caja-extractora-de-veneno-de-abeja-parte-2.mp4&#8243; image_src=\u00bbhttps:\/\/www.beewhisper.com\/wp-content\/uploads\/2023\/10\/Caja-extractora-de-veneno-de-abeja-parte-2.mp4-\u200e-Photos.jpg\u00bb _builder_version=\u00bb4.27.3&#8243; _module_preset=\u00bbdefault\u00bb global_colors_info=\u00bb{}\u00bb][\/et_pb_video][\/et_pb_column][et_pb_column type=\u00bb1_3&#8243; _builder_version=\u00bb4.22.2&#8243; _module_preset=\u00bbdefault\u00bb global_colors_info=\u00bb{}\u00bb][et_pb_video src=\u00bbhttps:\/\/www.beewhisper.com\/wp-content\/uploads\/2023\/10\/How-to-collect-Bee-Venom-with-BeeWhisper-5-collctor-www.beewhisper.com-.mp4&#8243; image_src=\u00bbhttps:\/\/www.beewhisper.com\/wp-content\/uploads\/2023\/10\/How-to-collect-Bee-Venom-with-BeeWhisper-5-.jpg\u00bb _builder_version=\u00bb4.22.2&#8243; _module_preset=\u00bbdefault\u00bb global_colors_info=\u00bb{}\u00bb][\/et_pb_video][\/et_pb_column][et_pb_column type=\u00bb1_3&#8243; _builder_version=\u00bb4.22.2&#8243; _module_preset=\u00bbdefault\u00bb global_colors_info=\u00bb{}\u00bb][et_pb_video src=\u00bbhttps:\/\/www.beewhisper.com\/wp-content\/uploads\/2023\/10\/Bee-Venom-Collector-BeeWhisper-5-www.beewhisper.com-in-New-Zealand.mp4&#8243; image_src=\u00bbhttps:\/\/www.beewhisper.com\/wp-content\/uploads\/2023\/10\/ee-Venom-Collector-BeeWhisper-5-in-New-Zealand.mp4-\u200e.jpg\u00bb _builder_version=\u00bb4.22.2&#8243; _module_preset=\u00bbdefault\u00bb global_colors_info=\u00bb{}\u00bb][\/et_pb_video][\/et_pb_column][\/et_pb_row][et_pb_row column_structure=\u00bb1_3,1_3,1_3&#8243; _builder_version=\u00bb4.22.2&#8243; _module_preset=\u00bbdefault\u00bb global_colors_info=\u00bb{}\u00bb][et_pb_column type=\u00bb1_3&#8243; _builder_version=\u00bb4.22.2&#8243; _module_preset=\u00bbdefault\u00bb global_colors_info=\u00bb{}\u00bb][et_pb_video src=\u00bbhttps:\/\/www.beewhisper.com\/wp-content\/uploads\/2023\/10\/Bee-Venom-Collector-BeeWhisper-in-Georgia.mp4&#8243; image_src=\u00bbhttps:\/\/www.beewhisper.com\/wp-content\/uploads\/2023\/10\/Bee-Venom-Collector-BeeWhisper-in-Georgia.mp4-\u200e-Photos.jpg\u00bb _builder_version=\u00bb4.22.2&#8243; _module_preset=\u00bbdefault\u00bb global_colors_info=\u00bb{}\u00bb][\/et_pb_video][\/et_pb_column][et_pb_column type=\u00bb1_3&#8243; _builder_version=\u00bb4.22.2&#8243; _module_preset=\u00bbdefault\u00bb global_colors_info=\u00bb{}\u00bb][et_pb_video src=\u00bbhttps:\/\/www.beewhisper.com\/wp-content\/uploads\/2023\/10\/Bee-Venom-Collector-BeeWhisper-in-Georgia-1.mp4&#8243; image_src=\u00bbhttps:\/\/www.beewhisper.com\/wp-content\/uploads\/2023\/10\/Bee-Venom-Collector-BeeWhisper-in-Georgia.mp4-\u200e-Photos-1.jpg\u00bb _builder_version=\u00bb4.22.2&#8243; _module_preset=\u00bbdefault\u00bb global_colors_info=\u00bb{}\u00bb][\/et_pb_video][\/et_pb_column][et_pb_column type=\u00bb1_3&#8243; _builder_version=\u00bb4.22.2&#8243; _module_preset=\u00bbdefault\u00bb global_colors_info=\u00bb{}\u00bb][et_pb_video src=\u00bbhttps:\/\/www.beewhisper.com\/wp-content\/uploads\/2023\/10\/How-to-collect-bee-venom-in-Hawai-with-BeeWhisper-collector-www.beewhisper.com-.mp4&#8243; image_src=\u00bbhttps:\/\/www.beewhisper.com\/wp-content\/uploads\/2023\/10\/How-to-collect-bee-venom-in-Hawai.jpg\u00bb _builder_version=\u00bb4.22.2&#8243; _module_preset=\u00bbdefault\u00bb global_colors_info=\u00bb{}\u00bb][\/et_pb_video][\/et_pb_column][\/et_pb_row][et_pb_row column_structure=\u00bb1_3,1_3,1_3&#8243; _builder_version=\u00bb4.22.2&#8243; _module_preset=\u00bbdefault\u00bb global_colors_info=\u00bb{}\u00bb][et_pb_column type=\u00bb1_3&#8243; _builder_version=\u00bb4.22.2&#8243; _module_preset=\u00bbdefault\u00bb global_colors_info=\u00bb{}\u00bb][et_pb_video src=\u00bbhttps:\/\/www.beewhisper.com\/wp-content\/uploads\/2023\/10\/How-to-collect-bee-venom-with-BeeWhisper-collector.mp4&#8243; image_src=\u00bbhttps:\/\/www.beewhisper.com\/wp-content\/uploads\/2023\/10\/How-to-collect-bee-venom-with-BeeWhisper-collector.mp4-\u200e-Photos.jpg\u00bb _builder_version=\u00bb4.22.2&#8243; _module_preset=\u00bbdefault\u00bb global_colors_info=\u00bb{}\u00bb][\/et_pb_video][\/et_pb_column][et_pb_column type=\u00bb1_3&#8243; _builder_version=\u00bb4.22.2&#8243; _module_preset=\u00bbdefault\u00bb global_colors_info=\u00bb{}\u00bb][et_pb_video src=\u00bbhttps:\/\/www.beewhisper.com\/wp-content\/uploads\/2023\/10\/Tutorials-for-collecting-bee-venom-with-BeeWhisper-collector-www.beewhisper.com-.mp4&#8243; image_src=\u00bbhttps:\/\/www.beewhisper.com\/wp-content\/uploads\/2023\/10\/Tutorials-for-collecting-bee-venom-with-BeeWhisper-.co_.jpg\u00bb _builder_version=\u00bb4.22.2&#8243; _module_preset=\u00bbdefault\u00bb global_colors_info=\u00bb{}\u00bb][\/et_pb_video][\/et_pb_column][et_pb_column type=\u00bb1_3&#8243; _builder_version=\u00bb4.22.2&#8243; _module_preset=\u00bbdefault\u00bb global_colors_info=\u00bb{}\u00bb][et_pb_video src=\u00bbhttps:\/\/www.beewhisper.com\/wp-content\/uploads\/2023\/10\/Tutorial-for-collecting-bee-venom-for-45min-www.Beewhisper.com_.mp4&#8243; image_src=\u00bbhttps:\/\/www.beewhisper.com\/wp-content\/uploads\/2023\/10\/Tutorial-for-collecting-bee-venom-for-45min-Photos.jpg\u00bb _builder_version=\u00bb4.22.2&#8243; _module_preset=\u00bbdefault\u00bb global_colors_info=\u00bb{}\u00bb][\/et_pb_video][\/et_pb_column][\/et_pb_row][\/et_pb_section]<\/p>\n","protected":false},"excerpt":{"rendered":"<p>Dispositivo unboxing beeWhisper.Explora una cautivadora colecci\u00f3n de v\u00eddeos que muestran a apicultores de todo el mundo, todos ellos utilizando el innovador dispositivo de recolecci\u00f3n de veneno de abeja, beeWhisper.<\/p>\n","protected":false},"author":1,"featured_media":0,"parent":0,"menu_order":0,"comment_status":"closed","ping_status":"closed","template":"","meta":{"_et_pb_use_builder":"on","_et_pb_old_content":"","_et_gb_content_width":"","footnotes":""},"class_list":["post-7296","page","type-page","status-publish","hentry"],"aioseo_notices":[],"_links":{"self":[{"href":"https:\/\/www.beewhisper.com\/es\/wp-json\/wp\/v2\/pages\/7296","targetHints":{"allow":["GET"]}}],"collection":[{"href":"https:\/\/www.beewhisper.com\/es\/wp-json\/wp\/v2\/pages"}],"about":[{"href":"https:\/\/www.beewhisper.com\/es\/wp-json\/wp\/v2\/types\/page"}],"author":[{"embeddable":true,"href":"https:\/\/www.beewhisper.com\/es\/wp-json\/wp\/v2\/users\/1"}],"replies":[{"embeddable":true,"href":"https:\/\/www.beewhisper.com\/es\/wp-json\/wp\/v2\/comments?post=7296"}],"version-history":[{"count":2,"href":"https:\/\/www.beewhisper.com\/es\/wp-json\/wp\/v2\/pages\/7296\/revisions"}],"predecessor-version":[{"id":7302,"href":"https:\/\/www.beewhisper.com\/es\/wp-json\/wp\/v2\/pages\/7296\/revisions\/7302"}],"wp:attachment":[{"href":"https:\/\/www.beewhisper.com\/es\/wp-json\/wp\/v2\/media?parent=7296"}],"curies":[{"name":"wp","href":"https:\/\/api.w.org\/{rel}","templated":true}]}}