{"id":7456,"date":"2023-09-20T13:23:00","date_gmt":"2023-09-20T11:23:00","guid":{"rendered":"https:\/\/www.beewhisper.com\/faq\/"},"modified":"2025-02-20T11:56:42","modified_gmt":"2025-02-20T09:56:42","slug":"faq","status":"publish","type":"page","link":"https:\/\/www.beewhisper.com\/de\/faq\/","title":{"rendered":"FAQ"},"content":{"rendered":"<p>[et_pb_section fb_built=&#8220;1&#8243; prev_background_color=&#8220;#ffffff&#8220; _builder_version=&#8220;4.27.2&#8243; _module_preset=&#8220;default&#8220; background_image=&#8220;https:\/\/www.beewhisper.com\/wp-content\/uploads\/2023\/08\/Untitled-14.jpg&#8220; background_size=&#8220;contain&#8220; width=&#8220;100%&#8220; max_width=&#8220;100%&#8220; min_height=&#8220;368px&#8220; custom_margin=&#8220;||3px|||&#8220; custom_padding=&#8220;0px||0px|||&#8220; top_divider_style=&#8220;none&#8220; hover_enabled=&#8220;0&#8243; background_last_edited=&#8220;on|desktop&#8220; parallax_tablet=&#8220;off&#8220; parallax_phone=&#8220;off&#8220; background_size_tablet=&#8220;contain&#8220; background_size_phone=&#8220;contain&#8220; background_image_width_phone=&#8220;0%&#8220; global_colors_info=&#8220;{}&#8220; background_enable_color=&#8220;off&#8220; use_background_color_gradient=&#8220;off&#8220; sticky_enabled=&#8220;0&#8243;][\/et_pb_section][et_pb_section fb_built=&#8220;1&#8243; _builder_version=&#8220;4.27.2&#8243; _module_preset=&#8220;default&#8220; background_enable_image=&#8220;off&#8220; min_height=&#8220;431.1px&#8220; custom_margin=&#8220;1px|||||&#8220; custom_padding=&#8220;8px|||||&#8220; hover_enabled=&#8220;0&#8243; global_colors_info=&#8220;{}&#8220; background_enable_color=&#8220;off&#8220; use_background_color_gradient=&#8220;off&#8220; sticky_enabled=&#8220;0&#8243;][et_pb_row _builder_version=&#8220;4.22.1&#8243; _module_preset=&#8220;default&#8220; custom_margin=&#8220;-3px|auto||auto||&#8220; custom_padding=&#8220;0px||12px|||&#8220; global_colors_info=&#8220;{}&#8220;][et_pb_column type=&#8220;4_4&#8243; _builder_version=&#8220;4.22.1&#8243; _module_preset=&#8220;default&#8220; global_colors_info=&#8220;{}&#8220;][et_pb_heading title=&#8220;H\u00e4ufig gestellte Fragen&#8220; _builder_version=&#8220;4.22.1&#8243; _module_preset=&#8220;default&#8220; title_font=&#8220;Verdana||||||||&#8220; title_text_align=&#8220;center&#8220; title_text_color=&#8220;#000000&#8243; title_font_size=&#8220;53px&#8220; title_font_size_tablet=&#8220;53px&#8220; title_font_size_phone=&#8220;35px&#8220; title_font_size_last_edited=&#8220;on|phone&#8220; title_text_shadow_style=&#8220;preset1&#8243; global_colors_info=&#8220;{}&#8220;][\/et_pb_heading][\/et_pb_column][\/et_pb_row][et_pb_row column_structure=&#8220;1_2,1_2&#8243; _builder_version=&#8220;4.22.1&#8243; _module_preset=&#8220;default&#8220; min_height=&#8220;297px&#8220; custom_margin=&#8220;0px|auto||auto||&#8220; global_colors_info=&#8220;{}&#8220;][et_pb_column type=&#8220;1_2&#8243; _builder_version=&#8220;4.22.1&#8243; _module_preset=&#8220;default&#8220; global_colors_info=&#8220;{}&#8220;][et_pb_toggle title=&#8220;Welche Zahlungsm\u00f6glichkeiten gibt es?&#8220; icon_color=&#8220;#000000&#8243; _builder_version=&#8220;4.23.1&#8243; _module_preset=&#8220;default&#8220; background_color=&#8220;#efefef&#8220; width=&#8220;100%&#8220; border_width_all=&#8220;0px&#8220; box_shadow_style=&#8220;preset1&#8243; global_colors_info=&#8220;{}&#8220;]<\/p>\n<p>\u25cb Wir verwenden PayPal oder eine Bank\u00fcberweisung oder direkt per Kredit-\/Debitkarte.<br \/>\u25cb Wenn Sie kein PayPal-Konto haben, sollten Sie die Zahlung trotzdem abschlie\u00dfen k\u00f6nnen, indem Sie auf Bezahlen mit Debit- oder Kreditkarte als PayPal-Gast-Kasse (f\u00fcr einige L\u00e4nder) klicken.<\/p>\n<p>[\/et_pb_toggle][et_pb_toggle title=&#8220;Wie viel Bienengift wird mit 1 Bienengiftsammler in 45 Minuten produziert?&#8220; icon_color=&#8220;#000000&#8243; _builder_version=&#8220;4.23.1&#8243; _module_preset=&#8220;default&#8220; background_color=&#8220;#efefef&#8220; width=&#8220;100%&#8220; border_width_all=&#8220;0px&#8220; box_shadow_style=&#8220;preset1&#8243; global_colors_info=&#8220;{}&#8220;]<\/p>\n<p>Wir k\u00f6nnen keine Garantie geben, da alle Bienenst\u00f6cke unterschiedlich sind. Unsere mehrj\u00e4hrigen Tests zeigen Folgendes:<br \/>\u25cb 0,03 Gramm bis 0,09 Gramm.<br \/>\u25cb Die Menge des Bienengifts h\u00e4ngt von der Gesundheit und St\u00e4rke des Bienenstocks ab. Manchmal, wenn auch selten, m\u00fcssen Sie auf den Bienenstock klopfen, um mehr Bienen herauszuholen.  <\/p>\n<p>[\/et_pb_toggle][et_pb_toggle title=&#8220;Kann ich nur einmal am Tag das Bienengift vom Glas abkratzen?&#8220; icon_color=&#8220;#000000&#8243; _builder_version=&#8220;4.22.2&#8243; _module_preset=&#8220;default&#8220; background_color=&#8220;#efefef&#8220; width=&#8220;100%&#8220; border_width_all=&#8220;0px&#8220; box_shadow_style=&#8220;preset1&#8243; global_colors_info=&#8220;{}&#8220;]<\/p>\n<p>Nein. Bienengift sollte nicht mehr als n\u00f6tig im Sonnenlicht sein. Je k\u00fcrzer, desto besser.  <\/p>\n<p>[\/et_pb_toggle][et_pb_toggle title=&#8220;Wann wird das beste Ergebnis erzielt?&#8220; icon_color=&#8220;#000000&#8243; _builder_version=&#8220;4.22.2&#8243; _module_preset=&#8220;default&#8220; background_color=&#8220;#efefef&#8220; width=&#8220;100%&#8220; border_width_all=&#8220;0px&#8220; box_shadow_style=&#8220;preset1&#8243; global_colors_info=&#8220;{}&#8220;]<\/p>\n<p>Die besten Ergebnisse erzielen Sie, wenn Sie einen Bienenstock ca. 45 Minuten lang mit einem Sammler best\u00fccken und dieser Bienenstock dann ca. 1 &#8211; 2 Stunden ruht. W\u00e4hrend dieser Zeit k\u00f6nnen Sie den Sammler f\u00fcr einen anderen Bienenstock verwenden. <\/p>\n<p>[\/et_pb_toggle][et_pb_toggle title=&#8220;Wie werden die Dr\u00e4hte am Bienengiftkollektor gespannt?&#8220; icon_color=&#8220;#000000&#8243; _builder_version=&#8220;4.22.2&#8243; _module_preset=&#8220;default&#8220; background_color=&#8220;#efefef&#8220; width=&#8220;100%&#8220; border_width_all=&#8220;0px&#8220; box_shadow_style=&#8220;preset1&#8243; global_colors_info=&#8220;{}&#8220;]<\/p>\n<p>Klemmen Sie den Arbeitsdraht mit einer scharfkantigen Zange am Ende ein. Die Zange muss 4-8 mm vom Draht entfernt geklemmt werden. Auf dem Ger\u00e4t ist zu sehen, wie viele und wie die Dr\u00e4hte urspr\u00fcnglich verdreht sind. Verdrehen Sie den Draht sehr vorsichtig, w\u00e4hrend er sich dehnt. Achten Sie darauf, dass der Draht nicht bricht. Der Bruch des Drahtes, der 0,7 mm dick ist, wird nicht von der Garantie abgedeckt.     <\/p>\n<p>[\/et_pb_toggle][et_pb_toggle title=&#8220;Wann sollte die Batterie des Bee Venom Collector BeeWhisper gewechselt werden?&#8220; icon_color=&#8220;#000000&#8243; _builder_version=&#8220;4.22.2&#8243; _module_preset=&#8220;default&#8220; background_color=&#8220;#efefef&#8220; width=&#8220;100%&#8220; border_width_all=&#8220;0px&#8220; box_shadow_style=&#8220;preset1&#8243; global_colors_info=&#8220;{}&#8220;]<\/p>\n<p>Wann sollte die Batterie des Bee Venom Collector BeeWhisper gewechselt werden?<\/p>\n<p>[\/et_pb_toggle][et_pb_toggle title=&#8220;Welche Batterien soll ich verwenden?&#8220; icon_color=&#8220;#000000&#8243; _builder_version=&#8220;4.22.2&#8243; _module_preset=&#8220;default&#8220; background_color=&#8220;#efefef&#8220; width=&#8220;100%&#8220; border_width_all=&#8220;0px&#8220; box_shadow_style=&#8220;preset1&#8243; global_colors_info=&#8220;{}&#8220;]<\/p>\n<p>\u25cb Verwenden Sie 2 Batterien des Typs AA (R06, R6).<br \/>Verwenden Sie Alkalibatterien.<br \/>Verwenden Sie nur Batterien bester Qualit\u00e4t. Wenn Sie minderwertige Batterien verwenden, k\u00f6nnen diese auslaufen und den Kollektor besch\u00e4digen. <\/p>\n<p>[\/et_pb_toggle][et_pb_toggle title=&#8220;Wie bewahre ich das Ger\u00e4t nach dem Ende der Saison auf?&#8220; icon_color=&#8220;#000000&#8243; _builder_version=&#8220;4.22.2&#8243; _module_preset=&#8220;default&#8220; background_color=&#8220;#efefef&#8220; width=&#8220;100%&#8220; border_width_all=&#8220;0px&#8220; box_shadow_style=&#8220;preset1&#8243; global_colors_info=&#8220;{}&#8220;]<\/p>\n<p>\u25cb Schalten Sie den Kollektor mit der Taste aus.<br \/>\u25cb Entfernen Sie die Batterien.<br \/>\u25cb Reinigen Sie die Arbeitsfl\u00e4che des Ger\u00e4ts.<br \/>\u25cb Bewahren Sie das Ger\u00e4t an einem trockenen Ort bei einer Temperatur von -15 bis +45 Grad auf.<\/p>\n<p>[\/et_pb_toggle][et_pb_toggle title=&#8220;Was ist zu tun, wenn die rote LED 6 Mal blinkt &#8211; Pause &#8211; 6 Mal?&#8220; icon_color=&#8220;#000000&#8243; _builder_version=&#8220;4.22.2&#8243; _module_preset=&#8220;default&#8220; background_color=&#8220;#efefef&#8220; width=&#8220;100%&#8220; border_width_all=&#8220;0px&#8220; box_shadow_style=&#8220;preset1&#8243; global_colors_info=&#8220;{}&#8220;]<\/p>\n<p>\u25cb Die Arbeitsimpulse liegen au\u00dferhalb des Bereichs.<br \/>\u25cb Kontaktieren Sie uns<\/p>\n<p>[\/et_pb_toggle][et_pb_toggle title=&#8220;Was ist zu tun, wenn die gr\u00fcne LED sehr schnell blinkt und auch nach einigen Minuten nicht aufh\u00f6rt zu blinken?&#8220; icon_color=&#8220;#000000&#8243; _builder_version=&#8220;4.22.2&#8243; _module_preset=&#8220;default&#8220; background_color=&#8220;#efefef&#8220; width=&#8220;100%&#8220; border_width_all=&#8220;0px&#8220; box_shadow_style=&#8220;preset1&#8243; global_colors_info=&#8220;{}&#8220;]<\/p>\n<p>\u25cb Das bedeutet, dass sich viel Feuchtigkeit auf dem Ger\u00e4t befindet. Oder an den Enden der Leiter, wo sie auf der Unterseite verl\u00f6tet sind, am Rand des Glases, befindet sich Ger\u00fcmpel.<br \/>Trocknen Sie das Ger\u00e4t<br \/>Reinigen Sie das Ger\u00fcmpel dort, wo die Glasenden sind. Sie k\u00f6nnen eine B\u00fcrste oder einen Staubsauger verwenden.<br \/>Ersetzen Sie die Batterien (wenn das andere nicht hilft).  <\/p>\n<p>[\/et_pb_toggle][et_pb_toggle title=&#8220;Wie montiere ich die am Set angebrachte Halterung ? ( nur beeWhisper 5.0 und beeWhisper 5.5 )   &#8220; icon_color=&#8220;#000000&#8243; _builder_version=&#8220;4.22.2&#8243; _module_preset=&#8220;default&#8220; background_color=&#8220;#efefef&#8220; width=&#8220;100%&#8220; border_width_all=&#8220;0px&#8220; box_shadow_style=&#8220;preset1&#8243; global_colors_info=&#8220;{}&#8220;]<\/p>\n<p>In der Holzkiste befinden sich von vorne gesehen 2 L\u00f6cher, in die die Halterung eingesetzt wird. Sie sind schr\u00e4g gebohrt, so dass die Klammer, wenn sie einmal in diese L\u00f6cher eingesetzt ist, nicht leicht alleine herauskommt. F\u00fchren Sie zuerst das eine Ende der Klammer mit einer leichten Drehung ein, und dann das andere Ende.  <\/p>\n<p>[\/et_pb_toggle][et_pb_toggle title=&#8220;Sollte ich den Bienengift-Sammler vom Schalter abschalten, wenn er sich automatisch ausschaltet?&#8220; icon_color=&#8220;#000000&#8243; _builder_version=&#8220;4.22.2&#8243; _module_preset=&#8220;default&#8220; background_color=&#8220;#efefef&#8220; width=&#8220;100%&#8220; border_width_all=&#8220;0px&#8220; box_shadow_style=&#8220;preset1&#8243; global_colors_info=&#8220;{}&#8220;]<\/p>\n<p>Um ihn wieder einzuschalten, schalten Sie ihn zun\u00e4chst aus.<br \/>Schalten Sie den Schl\u00fcssel am Ende des Tages aus.<br \/>\u25cb Wenn Sie das Ger\u00e4t f\u00fcr l\u00e4ngere Zeit aufbewahren, schalten Sie den Schalter immer aus.<\/p>\n<p>[\/et_pb_toggle][\/et_pb_column][et_pb_column type=&#8220;1_2&#8243; _builder_version=&#8220;4.22.1&#8243; _module_preset=&#8220;default&#8220; global_colors_info=&#8220;{}&#8220;][et_pb_toggle title=&#8220;Der Bienengiftsammler BeeWhisper, gibt es eine externe Stromversorgung und zus\u00e4tzliche Kabel ?&#8220; icon_color=&#8220;#000000&#8243; _builder_version=&#8220;4.22.2&#8243; _module_preset=&#8220;default&#8220; background_color=&#8220;#efefef&#8220; width=&#8220;100%&#8220; border_width_all=&#8220;0px&#8220; box_shadow_style=&#8220;preset1&#8243; global_colors_info=&#8220;{}&#8220;]<\/p>\n<p>\u25cb Nein.<br \/>\u25cb Alles befindet sich im Sammler selbst.<\/p>\n<p>[\/et_pb_toggle][et_pb_toggle title=&#8220;Wann wird das Bienengift vom Glas abgekratzt?&#8220; icon_color=&#8220;#000000&#8243; _builder_version=&#8220;4.22.2&#8243; _module_preset=&#8220;default&#8220; background_color=&#8220;#efefef&#8220; width=&#8220;100%&#8220; border_width_all=&#8220;0px&#8220; box_shadow_style=&#8220;preset1&#8243; global_colors_info=&#8220;{}&#8220;]<\/p>\n<p>\u25cb Nachdem Sie den Bienengiftsammler aus dem Bienenstock genommen haben, entfernen Sie das Glas und kratzen das Bienengift sofort ab.<\/p>\n<p>[\/et_pb_toggle][et_pb_toggle title=&#8220;Wie viele Bienenst\u00f6cke kann ich mit einem Ger\u00e4t bedienen?&#8220; icon_color=&#8220;#000000&#8243; _builder_version=&#8220;4.22.2&#8243; _module_preset=&#8220;default&#8220; background_color=&#8220;#efefef&#8220; width=&#8220;100%&#8220; border_width_all=&#8220;0px&#8220; box_shadow_style=&#8220;preset1&#8243; global_colors_info=&#8220;{}&#8220;]<\/p>\n<p>\u25cb Ein bis drei Bienenst\u00f6cke nacheinander.<\/p>\n<p>[\/et_pb_toggle][et_pb_toggle title=&#8220;Ist es sch\u00e4dlich f\u00fcr die Bienengesundheit, Bienengift zu sammeln?&#8220; icon_color=&#8220;#000000&#8243; _builder_version=&#8220;4.22.2&#8243; _module_preset=&#8220;default&#8220; background_color=&#8220;#efefef&#8220; width=&#8220;100%&#8220; border_width_all=&#8220;0px&#8220; box_shadow_style=&#8220;preset1&#8243; global_colors_info=&#8220;{}&#8220;]<\/p>\n<p>\u25cb Es gibt keine Daten und Beobachtungen \u00fcber die Verschlechterung der Gesundheit und St\u00e4rke der Bienenfamilie.  <br \/>Die Impulse, die die Bienen reizen, sind extrem schwach, aber ausreichend, damit die Bienen zu schlagen beginnen. Wie sicher das ist, k\u00f6nnen Sie daran erkennen, dass unser Kollektor nur mit 2 Batterien vom Typ AA, 1,5 Volt, funktioniert. Und mit diesen Batterien kann das Ger\u00e4t bis zu 5 Monate pro Arbeitstag arbeiten. Sie k\u00f6nnen beurteilen, wie wenig Strom und Energie in die Bienen flie\u00dft. Im Gegensatz zu Ger\u00e4ten von Drittanbietern, die mit externen Generatoren und Stromversorgungen arbeiten.    <\/p>\n<p>[\/et_pb_toggle][et_pb_toggle title=&#8220;Wann und wie reinigen Sie Arbeitsdr\u00e4hte?&#8220; icon_color=&#8220;#000000&#8243; _builder_version=&#8220;4.22.2&#8243; _module_preset=&#8220;default&#8220; background_color=&#8220;#efefef&#8220; width=&#8220;100%&#8220; border_width_all=&#8220;0px&#8220; box_shadow_style=&#8220;preset1&#8243; global_colors_info=&#8220;{}&#8220;]<\/p>\n<p>\u25cb Am Ende eines jeden Gesch\u00e4ftstages.<br \/>\u25cb Mit Alkohol oder Alkoholt\u00fcchern.<br \/>\u25cb Oder mit einem feuchten Tuch f\u00fcr Gl\u00e4ser.<\/p>\n<p>[\/et_pb_toggle][et_pb_toggle title=&#8220;Wie kann ich die Batterien wechseln?&#8220; icon_color=&#8220;#000000&#8243; _builder_version=&#8220;4.22.2&#8243; _module_preset=&#8220;default&#8220; background_color=&#8220;#efefef&#8220; width=&#8220;100%&#8220; border_width_all=&#8220;0px&#8220; box_shadow_style=&#8220;preset1&#8243; global_colors_info=&#8220;{}&#8220;]<\/p>\n<p>\u25cb Auf der Unterseite des Ger\u00e4ts, unter dem batteriebeladenen Deckel, befinden sich die Batterien.<br \/>L\u00f6sen Sie die Schrauben der Kappe mit einem Schraubendreher und nehmen Sie sie ab.<br \/>\u25cb Entfernen Sie die Batterien.<br \/>Legen Sie die neuen Batterien ein und achten Sie dabei auf die richtige Ausrichtung.<\/p>\n<p>[\/et_pb_toggle][et_pb_toggle title=&#8220;Kann ich wiederaufladbare Batterien, Gr\u00f6\u00dfe AA, 1,2 V, verwenden?&#8220; icon_color=&#8220;#000000&#8243; _builder_version=&#8220;4.22.2&#8243; _module_preset=&#8220;default&#8220; background_color=&#8220;#efefef&#8220; width=&#8220;100%&#8220; border_width_all=&#8220;0px&#8220; box_shadow_style=&#8220;preset1&#8243; global_colors_info=&#8220;{}&#8220;]<\/p>\n<p>Nein. Wiederaufladbare Batterien haben eine niedrigere Spannung. (2x 1.2V=2.4 V) . Der Bee Venom Collector BeeWhisper funktioniert mit einer Spannung von 2,4 V bis 3,5 V.   <\/p>\n<p>[\/et_pb_toggle][et_pb_toggle title=&#8220;Wie lange kann ich mit einem Akkupack arbeiten?&#8220; icon_color=&#8220;#000000&#8243; _builder_version=&#8220;4.22.2&#8243; _module_preset=&#8220;default&#8220; background_color=&#8220;#efefef&#8220; width=&#8220;100%&#8220; border_width_all=&#8220;0px&#8220; box_shadow_style=&#8220;preset1&#8243; global_colors_info=&#8220;{}&#8220;]<\/p>\n<p>\u25cb Bis zu 4-5 Monate, abh\u00e4ngig von den Batterien.<\/p>\n<p>[\/et_pb_toggle][et_pb_toggle title=&#8220;Wie kann ich das Ger\u00e4t unter den Dr\u00e4hten von Staub und kleinen Teilen befreien?&#8220; icon_color=&#8220;#000000&#8243; _builder_version=&#8220;4.22.2&#8243; _module_preset=&#8220;default&#8220; background_color=&#8220;#efefef&#8220; width=&#8220;100%&#8220; border_width_all=&#8220;0px&#8220; box_shadow_style=&#8220;preset1&#8243; global_colors_info=&#8220;{}&#8220;]<\/p>\n<p>\u25cb Am besten mit einer B\u00fcrste oder einem Staubsauger. Reinigen Sie dann den Staubsauger mit Alkohol und entsorgen Sie den Beh\u00e4lter. Waschen Sie die B\u00fcrste mit Alkohol.  <\/p>\n<p>[\/et_pb_toggle][et_pb_toggle title=&#8220;Was ist zu tun, wenn die rote LED dreimal blinkt und dreimal pausiert?&#8220; icon_color=&#8220;#000000&#8243; _builder_version=&#8220;4.22.2&#8243; _module_preset=&#8220;default&#8220; background_color=&#8220;#efefef&#8220; width=&#8220;100%&#8220; border_width_all=&#8220;0px&#8220; box_shadow_style=&#8220;preset1&#8243; global_colors_info=&#8220;{}&#8220;]<\/p>\n<p>Dies bedeutet, dass die Batterien ersch\u00f6pft sind. Tauschen Sie die Batterien aus. <\/p>\n<p>[\/et_pb_toggle][et_pb_toggle title=&#8220;Was ist zu tun, wenn die rote LED dauerhaft leuchtet?&#8220; icon_color=&#8220;#000000&#8243; _builder_version=&#8220;4.22.2&#8243; _module_preset=&#8220;default&#8220; background_color=&#8220;#efefef&#8220; width=&#8220;100%&#8220; border_width_all=&#8220;0px&#8220; box_shadow_style=&#8220;preset1&#8243; global_colors_info=&#8220;{}&#8220;]<\/p>\n<p>\u25cb Das bedeutet, dass sich zwei benachbarte Dr\u00e4hte ber\u00fchren.<br \/>Bewegen Sie die Dr\u00e4hte auseinander. Dehnen Sie die Dr\u00e4hte. <\/p>\n<p>[\/et_pb_toggle][et_pb_toggle title=&#8220;Was bedeutet es, wenn die gr\u00fcne LED langsam blinkt, aber die rote LED synchron dazu blinkt?&#8220; icon_color=&#8220;#000000&#8243; _builder_version=&#8220;4.22.2&#8243; _module_preset=&#8220;default&#8220; background_color=&#8220;#efefef&#8220; width=&#8220;100%&#8220; border_width_all=&#8220;0px&#8220; box_shadow_style=&#8220;preset1&#8243; global_colors_info=&#8220;{}&#8220;]<\/p>\n<p>\u25cb Die Batterien sollten bald ersetzt werden. Das Ger\u00e4t funktioniert noch.<br \/>Ersetzen Sie die Batterien nach M\u00f6glichkeit durch neue. <\/p>\n<p>[\/et_pb_toggle][et_pb_toggle title=&#8220;Wie oft sollten wir die Arbeitsdr\u00e4hte reinigen und was sollten wir verwenden?&#8220; icon_color=&#8220;#000000&#8243; _builder_version=&#8220;4.22.2&#8243; _module_preset=&#8220;default&#8220; background_color=&#8220;#efefef&#8220; width=&#8220;100%&#8220; border_width_all=&#8220;0px&#8220; box_shadow_style=&#8220;preset1&#8243; global_colors_info=&#8220;{}&#8220;]<\/p>\n<p>Am Ende eines jeden Arbeitstages. Reinigen Sie die Arbeitsdr\u00e4hte mit in Alkohol getr\u00e4nkter Baumwolle oder einem Baumwolltuch. Entsorgen Sie diese Watte dann an einem sicheren Ort. Besch\u00e4digen Sie das Ger\u00e4t nicht, wenn Sie die Dr\u00e4hte h\u00e4ufig reinigen.   <\/p>\n<p>[\/et_pb_toggle][\/et_pb_column][\/et_pb_row][\/et_pb_section][et_pb_section fb_built=&#8220;1&#8243; _builder_version=&#8220;4.27.2&#8243; _module_preset=&#8220;default&#8220; background_color=&#8220;#d1d1d1&#8243; background_enable_image=&#8220;off&#8220; min_height=&#8220;198px&#8220; custom_margin=&#8220;-27px|||||&#8220; custom_padding=&#8220;7px|||||&#8220; hover_enabled=&#8220;0&#8243; global_colors_info=&#8220;{}&#8220; use_background_color_gradient=&#8220;off&#8220; sticky_enabled=&#8220;0&#8243;][\/et_pb_section]<\/p>\n","protected":false},"excerpt":{"rendered":"<p>\u25cb Wir verwenden PayPal oder eine Bank\u00fcberweisung oder direkt per Kredit-\/Debitkarte.\u25cb Wenn Sie kein PayPal-Konto haben, sollten Sie die Zahlung trotzdem abschlie\u00dfen k\u00f6nnen, indem Sie auf Bezahlen mit Debit- oder Kreditkarte als PayPal-Gast-Kasse (f\u00fcr einige L\u00e4nder) klicken.Wir k\u00f6nnen keine Garantie geben, da alle Bienenst\u00f6cke unterschiedlich sind. Unsere mehrj\u00e4hrigen Tests zeigen Folgendes:\u25cb 0,03 Gramm bis 0,09 [&hellip;]<\/p>\n","protected":false},"author":1,"featured_media":0,"parent":0,"menu_order":0,"comment_status":"closed","ping_status":"closed","template":"","meta":{"_et_pb_use_builder":"on","_et_pb_old_content":"","_et_gb_content_width":"","footnotes":""},"class_list":["post-7456","page","type-page","status-publish","hentry"],"aioseo_notices":[],"_links":{"self":[{"href":"https:\/\/www.beewhisper.com\/de\/wp-json\/wp\/v2\/pages\/7456","targetHints":{"allow":["GET"]}}],"collection":[{"href":"https:\/\/www.beewhisper.com\/de\/wp-json\/wp\/v2\/pages"}],"about":[{"href":"https:\/\/www.beewhisper.com\/de\/wp-json\/wp\/v2\/types\/page"}],"author":[{"embeddable":true,"href":"https:\/\/www.beewhisper.com\/de\/wp-json\/wp\/v2\/users\/1"}],"replies":[{"embeddable":true,"href":"https:\/\/www.beewhisper.com\/de\/wp-json\/wp\/v2\/comments?post=7456"}],"version-history":[{"count":10,"href":"https:\/\/www.beewhisper.com\/de\/wp-json\/wp\/v2\/pages\/7456\/revisions"}],"predecessor-version":[{"id":7525,"href":"https:\/\/www.beewhisper.com\/de\/wp-json\/wp\/v2\/pages\/7456\/revisions\/7525"}],"wp:attachment":[{"href":"https:\/\/www.beewhisper.com\/de\/wp-json\/wp\/v2\/media?parent=7456"}],"curies":[{"name":"wp","href":"https:\/\/api.w.org\/{rel}","templated":true}]}}